{"id":235,"date":"2022-08-30T13:20:23","date_gmt":"2022-08-30T11:20:23","guid":{"rendered":"https:\/\/wordpress.nibis.de\/gslima\/?page_id=235"},"modified":"2026-03-10T10:41:24","modified_gmt":"2026-03-10T09:41:24","slug":"das-ganztagsteam","status":"publish","type":"page","link":"https:\/\/wordpress.nibis.de\/gslima\/ganztag\/das-ganztagsteam\/","title":{"rendered":"Das Ganztagsteam"},"content":{"rendered":"\n<div class=\"wp-block-columns alignwide is-layout-flex wp-container-core-columns-is-layout-d0b3c9c8 wp-block-columns-is-layout-flex\">\n<div class=\"wp-block-column is-layout-flow wp-block-column-is-layout-flow\" style=\"--col-width:100%;flex-basis:100%\">\n<div class=\"wp-block-columns is-layout-flex wp-container-core-columns-is-layout-d0b3c9c8 wp-block-columns-is-layout-flex\">\n<div class=\"wp-block-column is-layout-flow wp-block-column-is-layout-flow\" style=\"--col-width:100%;flex-basis:100%\">\n<p>Im Ganztag unserer Schule arbeiten wir als multiprofessionelles &amp; diverses Team t\u00e4glich mit den uns anvertrauten Kindern daran, die Schule als Lebensort zu gestalten und nutzen. <br \/>Unser Team umfasst p\u00e4dagogische Fachkr\u00e4fte verschiedener Herkunftsberufe, ausgebildete Lehrkr\u00e4fte aus In- und Ausland sowie Studierende der Sozialen Arbeit und unterschiedlicher Lehr\u00e4mter. Unterst\u00fctzt werden wir zudem von mehreren engagierten Bundesfreiwilligendienstleistenden.<\/p>\n<\/div>\n<\/div>\n<\/div>\n<\/div>\n\n\n\n<h2 class=\"wp-block-heading alignwide has-medium-font-size\" id=\"we-re-a-studio-in-berlin-with-an-international-practice-in-architecture-urban-planning-and-interior-design-we-believe-in-sharing-knowledge-and-promoting-dialogue-to-increase-the-creative-potential-of-collaboration\" style=\"line-height:1.5\">Aktuell arbeiten wir in elf Ganztagsgruppen mit jeweils einer hauptverantwortlichen Gruppenleitung aus unserem Team. Dar\u00fcber hinaus sind Leon, Maria, Suna, Svenja, Berke, Ole und Lennart ebenfalls bei uns t\u00e4tig und unterst\u00fctzen \u00fcberall dort wo sie gebraucht werden sowie im flexiblen Mittagsband.<br><br>Die Gruppen der Jahrg\u00e4nge samt Gruppenleitung sind:<\/h2>\n\n\n\n<div class=\"wp-block-group alignfull\"><div class=\"wp-block-group__inner-container is-layout-flow wp-block-group-is-layout-flow\">\n<div class=\"wp-block-columns alignwide has-text-align-center is-layout-flex wp-container-core-columns-is-layout-d0b3c9c8 wp-block-columns-is-layout-flex\">\n<div class=\"wp-block-column has-blue-background-color has-background is-layout-flow wp-block-column-is-layout-flow\">\n<h3 class=\"wp-block-heading has-large-font-size\">1. Klassen<\/h3>\n\n\n\n<p class=\"has-small-font-size\">Litschis mit Sophia<\/p>\n\n\n\n<p>Sternfr\u00fcchte mit Raul<\/p>\n\n\n\n<p>Granat\u00e4pfel mit Medline<\/p>\n\n\n\n<p class=\"has-small-font-size\"><\/p>\n\n\n\n<p class=\"has-small-font-size\"><\/p>\n<\/div>\n\n\n\n<div class=\"wp-block-column has-green-background-color has-background is-layout-flow wp-block-column-is-layout-flow\">\n<h3 class=\"wp-block-heading has-large-font-size\">2. Klassen<\/h3>\n\n\n\n<p class=\"has-small-font-size\">Maracujas mit Lucas<\/p>\n\n\n\n<p class=\"has-small-font-size\">Papayas mit Kuistan<\/p>\n\n\n\n<p class=\"has-small-font-size\">Drachenfr\u00fcchte mit Linus<\/p>\n<\/div>\n\n\n\n<div class=\"wp-block-column has-yellow-background-color has-background is-layout-flow wp-block-column-is-layout-flow\">\n<h3 class=\"wp-block-heading has-large-font-size\">3.\/4. Klassen<\/h3>\n\n\n\n<p class=\"has-small-font-size\">Himbeeren mit Vanessa<\/p>\n\n\n\n<p class=\"has-small-font-size\">Blaubeeren mit Nicola<\/p>\n\n\n\n<p class=\"has-small-font-size\">Johannisbeeren mit Heba<\/p>\n\n\n\n<p class=\"has-small-font-size\">Brombeeren mit Fatima<\/p>\n\n\n\n<p class=\"has-small-font-size\">Erdbeeren mit Arifa<\/p>\n\n\n\n<p><\/p>\n<\/div>\n\n\n\n<div class=\"wp-block-column has-purple-background-color has-background is-layout-flow wp-block-column-is-layout-flow\">\n<h3 class=\"wp-block-heading has-large-font-size\">Koordination<\/h3>\n\n\n\n<p>Marina Mewes &amp; <\/p>\n\n\n\n<p>Lisa Koppehel<\/p>\n\n\n\n\n\n<p class=\"has-small-font-size\"><\/p>\n<\/div>\n<\/div>\n<\/div><\/div>\n\n\n","protected":false},"excerpt":{"rendered":"<p>Im Ganztag unserer Schule arbeiten wir als multiprofessionelles &amp; diverses Team t\u00e4glich mit den uns anvertrauten Kindern daran, die Schule als Lebensort zu gestalten und nutzen. Unser Team umfasst p\u00e4dagogische Fachkr\u00e4fte verschiedener Herkunftsberufe, ausgebildete Lehrkr\u00e4fte aus In- und Ausland sowie Studierende der Sozialen Arbeit und unterschiedlicher Lehr\u00e4mter. Unterst\u00fctzt werden wir zudem von mehreren engagierten Bundesfreiwilligendienstleistenden.&hellip; <a class=\"more-link\" href=\"https:\/\/wordpress.nibis.de\/gslima\/ganztag\/das-ganztagsteam\/\"><span class=\"screen-reader-text\">Das Ganztagsteam<\/span> weiterlesen<\/a><\/p>\n","protected":false},"author":9194019,"featured_media":0,"parent":180,"menu_order":0,"comment_status":"closed","ping_status":"closed","template":"","meta":{"footnotes":""},"class_list":["post-235","page","type-page","status-publish","hentry","entry"],"_links":{"self":[{"href":"https:\/\/wordpress.nibis.de\/gslima\/wp-json\/wp\/v2\/pages\/235","targetHints":{"allow":["GET"]}}],"collection":[{"href":"https:\/\/wordpress.nibis.de\/gslima\/wp-json\/wp\/v2\/pages"}],"about":[{"href":"https:\/\/wordpress.nibis.de\/gslima\/wp-json\/wp\/v2\/types\/page"}],"author":[{"embeddable":true,"href":"https:\/\/wordpress.nibis.de\/gslima\/wp-json\/wp\/v2\/users\/9194019"}],"replies":[{"embeddable":true,"href":"https:\/\/wordpress.nibis.de\/gslima\/wp-json\/wp\/v2\/comments?post=235"}],"version-history":[{"count":25,"href":"https:\/\/wordpress.nibis.de\/gslima\/wp-json\/wp\/v2\/pages\/235\/revisions"}],"predecessor-version":[{"id":2429,"href":"https:\/\/wordpress.nibis.de\/gslima\/wp-json\/wp\/v2\/pages\/235\/revisions\/2429"}],"up":[{"embeddable":true,"href":"https:\/\/wordpress.nibis.de\/gslima\/wp-json\/wp\/v2\/pages\/180"}],"wp:attachment":[{"href":"https:\/\/wordpress.nibis.de\/gslima\/wp-json\/wp\/v2\/media?parent=235"}],"curies":[{"name":"wp","href":"https:\/\/api.w.org\/{rel}","templated":true}]}}