{"id":2664,"date":"2026-02-04T10:59:39","date_gmt":"2026-02-04T09:59:39","guid":{"rendered":"https:\/\/wordpress.nibis.de\/gslinden\/?page_id=2664"},"modified":"2026-03-11T11:40:45","modified_gmt":"2026-03-11T10:40:45","slug":"unser-ganztag","status":"publish","type":"page","link":"https:\/\/wordpress.nibis.de\/gslinden\/unser-ganztag\/","title":{"rendered":"Ganztag (ab August 2026)"},"content":{"rendered":"\n<p><span style=\"font-family: arial, helvetica, sans-serif\"><span style=\"font-family: arial, helvetica, sans-serif\">Die Grundschule Lindenberg wird ab dem Schuljahr 2026\/2027 zur Kooperativen Ganztagsschule.<\/span><\/span><\/p>\n<p><span style=\"font-family: arial, helvetica, sans-serif\">Im Rahmen des Braunschweiger Modells bietet die Grundschule eine &#8222;Ganztagsbetreuung&#8220; in Kooperation mit den Tr\u00e4gern Deutsches Rotes Kreuz und Johanniter an.<\/span><\/p>\n<p><span style=\"font-family: arial, helvetica, sans-serif\">Anmeldungen f\u00fcr die Ganztagsbetreuung sind direkt \u00fcber die Schule m\u00f6glich. Die Anmeldung zum Ganztag ist f\u00fcr die Dauer eines Schuljahres verbindlich und verpflichtet zur regelm\u00e4\u00dfigen Teilnahme. Sie verl\u00e4ngert sich automatisch um ein weiteres Schuljahr, wenn keine schriftliche Abmeldung bis zum 31. Mai erfolgt. <\/span><\/p>\n<p><span style=\"font-family: arial, helvetica, sans-serif\">Die Arbeit in der Nachmittagsbetreuung wird mit dem <span style=\"color: #000000\"><a style=\"color: #000000\" href=\"https:\/\/wordpress.nibis.de\/gslinden\/funktionsraumprinzip\/\">Funktionsraumprinzip<\/a><\/span> gestaltet.\u00a0<\/span><\/p>\n<p><span style=\"font-family: arial, helvetica, sans-serif\">Sie haben die Wahl:<\/span><\/p>\n<ul style=\"list-style-type: disc\">\n<li><span style=\"font-family: arial, helvetica, sans-serif\"><strong>Tageskind-Betreuung<\/strong> (ohne Ferienbetreuung)<\/span><br \/><br \/><span style=\"text-decoration: underline;font-family: arial, helvetica, sans-serif\">Betreuungstage<\/span><br \/><span style=\"font-family: arial, helvetica, sans-serif\">Dienstag und\/oder Mittwoch und\/oder Donnerstag\u00a0<\/span><br \/><br \/><span style=\"text-decoration: underline;font-family: arial, helvetica, sans-serif\">Betreuungszeit<\/span><br \/><span style=\"font-family: arial, helvetica, sans-serif\">13:00 Uhr bis 15:00 Uhr (kostenlos)<\/span><br \/><br \/><\/li>\n<li><span style=\"font-family: arial, helvetica, sans-serif\"><strong>5-Tage-Betreuung<\/strong> (mit Ferienbetreuung &#8211; Schlie\u00dftage ausgenommen)<\/span><br \/><br \/><span style=\"text-decoration: underline;font-family: arial, helvetica, sans-serif\">Betreuungstage<\/span><br \/><span style=\"font-family: arial, helvetica, sans-serif\">Montag, Dienstag, Mittwoch, Donnerstag und Freitag\u00a0<\/span><br \/><br \/><span style=\"text-decoration: underline;font-family: arial, helvetica, sans-serif\">Betreuungszeit<\/span><br \/><span style=\"font-family: arial, helvetica, sans-serif\">13:00 Uhr bis 16:00 Uhr (30 Euro\/Monat)<\/span><br \/><span style=\"font-family: arial, helvetica, sans-serif\">13:00 Uhr bis 17:00 Uhr (60 Euro\/Monat)<\/span><\/li>\n<\/ul>\n<p><span style=\"font-family: arial, helvetica, sans-serif\">Das Mittagessen ist Bestandteil unseres p\u00e4dagogischen Konzeptes, eine Teilnahme ist verpflichtend. Mit der Anmeldung zum Ganztag entstehen zus\u00e4tzliche Kosten f\u00fcr das Mittagessen. F\u00fcr Familien mit Anspruch auf Leistungen aus dem Bildungs- und Teilhabepaket (BuT) k\u00f6nnen diese Kosten \u00fcbernommen werden.<\/span><\/p>\n","protected":false},"excerpt":{"rendered":"<p>Die Grundschule Lindenberg wird ab dem Schuljahr 2026\/2027 zur Kooperativen Ganztagsschule. Im Rahmen des Braunschweiger Modells bietet die Grundschule eine &#8222;Ganztagsbetreuung&#8220; in Kooperation mit den Tr\u00e4gern Deutsches Rotes Kreuz und Johanniter an. Anmeldungen f\u00fcr die Ganztagsbetreuung sind direkt \u00fcber die &hellip; <a href=\"https:\/\/wordpress.nibis.de\/gslinden\/unser-ganztag\/\">Weiterlesen <span class=\"meta-nav\">&rarr;<\/span><\/a><\/p>\n","protected":false},"author":559,"featured_media":0,"parent":0,"menu_order":3,"comment_status":"closed","ping_status":"closed","template":"","meta":{"footnotes":""},"class_list":["post-2664","page","type-page","status-publish","hentry"],"_links":{"self":[{"href":"https:\/\/wordpress.nibis.de\/gslinden\/wp-json\/wp\/v2\/pages\/2664","targetHints":{"allow":["GET"]}}],"collection":[{"href":"https:\/\/wordpress.nibis.de\/gslinden\/wp-json\/wp\/v2\/pages"}],"about":[{"href":"https:\/\/wordpress.nibis.de\/gslinden\/wp-json\/wp\/v2\/types\/page"}],"author":[{"embeddable":true,"href":"https:\/\/wordpress.nibis.de\/gslinden\/wp-json\/wp\/v2\/users\/559"}],"replies":[{"embeddable":true,"href":"https:\/\/wordpress.nibis.de\/gslinden\/wp-json\/wp\/v2\/comments?post=2664"}],"version-history":[{"count":15,"href":"https:\/\/wordpress.nibis.de\/gslinden\/wp-json\/wp\/v2\/pages\/2664\/revisions"}],"predecessor-version":[{"id":3988,"href":"https:\/\/wordpress.nibis.de\/gslinden\/wp-json\/wp\/v2\/pages\/2664\/revisions\/3988"}],"wp:attachment":[{"href":"https:\/\/wordpress.nibis.de\/gslinden\/wp-json\/wp\/v2\/media?parent=2664"}],"curies":[{"name":"wp","href":"https:\/\/api.w.org\/{rel}","templated":true}]}}