{"id":2676,"date":"2026-02-04T11:00:24","date_gmt":"2026-02-04T10:00:24","guid":{"rendered":"https:\/\/wordpress.nibis.de\/gslinden\/?page_id=2676"},"modified":"2026-02-17T10:57:33","modified_gmt":"2026-02-17T09:57:33","slug":"impressum","status":"publish","type":"page","link":"https:\/\/wordpress.nibis.de\/gslinden\/impressum\/","title":{"rendered":"Impressum\/Datenschutz"},"content":{"rendered":"\n<p><\/p>\n<p>Land Niedersachsen<br \/>(Diensteanbieter im Sinne des Telemediengesetzes)<br \/>Das Land Niedersachsen ist eine juristische Person des \u00f6ffentlichen Rechts vertreten durch die Schulleitung der Grundschule Lindenberg Frau Vanessa Vehrke.<\/p>\n<p>Grundschule Lindenberg<br \/>Bunsenstra\u00dfe 22<br \/>38126 Braunschweig<br \/>Telefon: 05 31\/2 64 07 10<br \/>E-Mail: s&#99;&#104;&#x75;&#x6c;l&#101;&#105;&#x74;&#x75;&#x6e;g&#64;&#103;&#x73;&#x2d;lb&#115;&#x2e;&#x64;&#x65;<\/p>\n<p>Schulleitung: Frau Vanessa Vehrke<br \/>Datenschutzbeauftragte: N.N.<br \/>Medienbeauftragter: NN<\/p>\n<p>Technik des Web-Service<br \/>IServ GmbH<br \/>Rebenring 33<br \/>38106 Braunschweig<\/p>\n<p><strong>\u00a0<\/strong><\/p>\n<p><strong>H A F T U N G S A U S S C H L U S S<\/strong><\/p>\n<p><strong>INHALT DER HOMEPAGE<\/strong><\/p>\n<p>Der Autor \u00fcbernimmt keinerlei Gew\u00e4hr f\u00fcr die Aktualit\u00e4t, Korrektheit, Vollst\u00e4ndigkeit oder Qualit\u00e4t der Informationen. Haftungsanspr\u00fcche gegen den Autor, welche sich auf Sch\u00e4den materieller oder ideeller Art durch die Nutzung oder Nichtnutzung der dargebotenen Informationen bzw. durch die Nutzung fehlerhafter oder unvollst\u00e4ndiger Informationen beziehen, sind grunds\u00e4tzlich ausgeschlossen sofern seitens des Autors kein nachweislich vors\u00e4tzliches oder grob fahrl\u00e4ssiges Verschulden vorliegt.<\/p>\n<p>Der Autor beh\u00e4lt sich ausdr\u00fccklich vor, die Seiten oder Teile davon ohne gesonderte Ank\u00fcndigung zu ver\u00e4ndern, zu erg\u00e4nzen oder zu l\u00f6schen.<\/p>\n<p><strong>VERWEISE UND LINKS<\/strong><\/p>\n<p>Bei direkten oder indirekten Verweisen auf fremde Web-Seiten (\u201eHyperlinks\u201c), die au\u00dferhalb des Verantwortungsbereichs des Autors liegen, w\u00fcrde eine Haftungsverpflichtung nur in dem Fall in Kraft treten, in dem der Autor von den Inhalten Kenntnis hat und es ihm technisch m\u00f6glich und zumutbar w\u00e4re, die Nutzung im Falle rechtswidriger Meldungen zu verhindern.<\/p>\n<p>Der Autor erkl\u00e4rt hiermit ausdr\u00fccklich, dass zum Zeitpunkt der Linksetzung keine illegalen Inhalte auf den Seiten erkennbar waren. F\u00fcr illegale, fehlerhafte oder unvollst\u00e4ndige Mitteilungen und insbesondere Sch\u00e4den, die aus der Nutzung oder Nichtnutzung solcherart dargebotener Information entstehen haftet allein der Anbieter der Seite, auf welche verwiesen wurde.<\/p>\n<p><strong>URHEBER- UND KENNZEICHNUNGSRECHT<\/strong><\/p>\n<p>Der Autor ist bestrebt, in allen Publikationen die Urheberrechte der verwendeten Bilder, Grafiken, Videosequenzen und Texte zu beachten, von ihm selbst erstellte Bilder, Grafiken und Texte zu nutzen oder auf lizenzfreie Dokumente zur\u00fcckzugreifen.<\/p>\n<p>Das Copyright f\u00fcr ver\u00f6ffentlichte, vom Autor selbst erstellte Objekte bleibt allein beim Autor der Seiten. Die Verwendung solcher Grafiken und Texte ist ohne ausdr\u00fcckliche Zustimmung des Autors nicht gestattet.<\/p>\n<p><strong>DATENSCHUTZ<\/strong><\/p>\n<p><strong>Bereitstellung der Website und Erstellung von Logfiles<\/strong><\/p>\n<p>Bei jedem Aufruf unserer Internetseite erfasst unser System automatisiert Daten und Informationen vom Computersystem des aufrufenden Rechners. Folgende Daten werden hierbei erhoben:<\/p>\n<p>1 \u00a0Datum und Uhrzeit des Zugriffes<br \/>2 \u00a0IP-Adresse des Nutzer<br \/>3 \u00a0Betriebssystemversion des Nutzers<br \/>4 \u00a0Browsertyp des Nutzers<br \/>5 \u00a0die vom Nutzer aufgerufene Seite<\/p>\n<p>Die Daten werden in den Logfiles unseres Systems gespeichert. Eine Speicherung dieser Daten zusammen mit anderen personenbezogenen Daten des Nutzers findet nicht statt. Zweck der Datenspeicherung ist die technische Optimierung unserer Internetseite. Rechtsgrundlage f\u00fcr die vor\u00fcbergehende Speicherung der Daten ist Art. 6 Abs.1 lit.f DSGVO.<\/p>\n<p>Die Daten werden f\u00fcr zwei Monate\u00a0gespeichert, sie werden lediglich statistisch ausgewertet.<\/p>\n<p><strong>Verwendung von Cookies<\/strong><\/p>\n<p>Unsere Website verwendet Cookies. Dies sind kleine Textdateien, die automatisch von Ihrem Browser auf Ihrem Rechner gespeichert werden. Diese dienen folgenden Zwecken: z.B. Optimierung der Benutzerfreundlichkeit, \u2026 Einige Funktionen unserer Internetseite k\u00f6nnen ohne den Einsatz von Cookies nicht angeboten werden. F\u00fcr diese ist es erforderlich, dass der Browser auch in einer neuen Sitzung wiedererkannt wird.<\/p>\n<p>Die durch diese Cookies verarbeiteten Daten sind f\u00fcr die genannten Zwecke zur Wahrung unserer berechtigten Interessen nach Art. 6 Abs. 1 S. 1 lit. f DSGVO erforderlich. Diese bestehen in einer technischen Optimierung der Bereitstellung unserer Internetseite.<\/p>\n<p>Es besteht die M\u00f6glichkeit, den Browser so einzustellen, dass keine Cookies gespeichert werden. In diesem Fall besteht allerdings die M\u00f6glichkeit, dass Sie nicht den vollen Funktionsumfang unserer Internetseiten nutzen k\u00f6nnen.<\/p>\n<p><strong>Speicherung personenbezogener Daten bei Kontaktaufnahme<\/strong><\/p>\n<p>Sofern Sie per E-Mail den Kontakt mit uns aufnehmen, werden die von Ihnen \u00fcbermittelten personenbezogenen Daten automatisch gespeichert. Diese Daten werden f\u00fcr Zwecke der Bearbeitung Ihres Anliegens und der Kontaktaufnahme mit Ihnen gespeichert.<\/p>\n<p>Die L\u00f6schung der Daten erfolgt, sobald deren Speicherung f\u00fcr die Bearbeitung Ihres Anliegens nicht mehr erforderlich ist.<\/p>\n<p><strong>BETROFFENENRECHTE<\/strong><\/p>\n<p>Sie k\u00f6nnen folgende Rechte geltend machen:<\/p>\n<p><strong>Auskunft\/Akteneinsicht<\/strong><\/p>\n<p>Gem. Art. 15 DSGVO haben Sie das Recht, Auskunft bzw. Akteneinsicht \u00fcber die von uns verarbeiteten personenbezogenen Daten zu erhalten.<\/p>\n<p><strong>Berichtigung<\/strong><\/p>\n<p>Sind bei uns gespeicherte personenbezogene Daten unrichtig oder unvollst\u00e4ndig, haben Sie gem. Art. 16 DSGVO das Recht, diese berichtigen bzw. vervollst\u00e4ndigen zu lassen.<\/p>\n<p><strong>L\u00f6schung<\/strong><\/p>\n<p>Art. 17 DSGVO normiert das Recht auf L\u00f6schung personenbezogener Daten. Dieses Recht steht Ihnen insbesondere dann zu, wenn die Speicherung der personenbezogenen Daten zur Erf\u00fcllung unserer gesetzlichen Aufgaben nicht mehr erforderlich ist oder Sie Ihre Einwilligung zur Datenverarbeitung mit Wirkung f\u00fcr die Zukunft widerrufen haben.<\/p>\n<p><strong>Einschr\u00e4nkung der Verarbeitung<\/strong><\/p>\n<p>Gem. Art. 18 DSGVO k\u00f6nnen Sie die Einschr\u00e4nkung der personenbezogenen Daten verlangen, wenn<\/p>\n<ul>\n<li>die Richtigkeit der Daten von Ihnen bestritten wird<\/li>\n<li>die Verarbeitung unrechtm\u00e4\u00dfig ist, Sie aber deren L\u00f6schung ablehnen<\/li>\n<li>wir die Daten nicht mehr ben\u00f6tigen, Sie jedoch diese zur Geltendmachung, Aus\u00fcbung oder Verteidigung von Rechtsanspr\u00fcchen ben\u00f6tigen<\/li>\n<li>oder Sie gem\u00e4\u00df Art. 21 DSGVO Widerspruch gegen die Verarbeitung eingelegt haben<\/li>\n<\/ul>\n<p><strong>Widerspruch<\/strong><\/p>\n<p>Sie k\u00f6nnen bei Gr\u00fcnden, die sich aus Ihrer besonderen Situation ergeben, ein Widerspruchsrecht geltend machen. Gem. Art. 21 DSGVO ist jedoch zu ber\u00fccksichtigten, ob schutzw\u00fcrdige Gr\u00fcnde f\u00fcr die Verarbeitung vorliegen oder die Verarbeitung der Geltendmachung, Aus\u00fcbung oder Verteidigung von Rechtsanspr\u00fcchen dient.<\/p>\n<p><strong>Daten\u00fcbertragbarkeit<\/strong><\/p>\n<p>Ist die Verarbeitung Ihrer Daten mit Hilfe eines automatisierten Verfahrens erfolgt, haben Sie gem. Art. 20 DSGVO das Recht, die Daten in einem g\u00e4ngigen und maschinenlesbaren Format zu erhalten und an eine andere Schule zu \u00fcbermitteln bzw. durch uns \u00fcbermitteln zu lassen.<\/p>\n<p><strong>Widerruf der Einwilligung<\/strong><\/p>\n<p>Sie haben gem. Art. 7 Absatz 3 DSGVO das Recht, uns erteilte Einwilligungen jederzeit mit Wirkung f\u00fcr die Zukunft zu widerrufen.<\/p>\n<p><strong>Beschwerde<\/strong><\/p>\n<p>Art. 77 DSGVO normiert ein Beschwerderecht bei der Aufsichtsbeh\u00f6rde. Die f\u00fcr uns zust\u00e4ndige Aufsichtsbeh\u00f6rde ist die<\/p>\n<p>Landesbeauftragte f\u00fcr den Datenschutz Niedersachsen<br \/>Prinzenstra\u00dfe 5<br \/>30159 Hannover<br \/>E-Mail: <a href=\"m&#97;&#105;&#x6c;&#x74;&#x6f;:p&#111;&#115;&#x74;&#x73;&#x74;e&#108;&#108;&#101;&#x40;&#x6c;&#x66;d&#46;&#110;&#x69;&#x65;&#x64;er&#115;&#97;&#x63;&#x68;&#x73;e&#110;&#46;&#100;&#x65;\">&#112;&#x6f;&#x73;t&#115;&#x74;e&#108;&#x6c;e&#64;&#x6c;f&#100;&#x2e;&#x6e;&#105;&#x65;&#x64;e&#114;&#x73;a&#99;&#x68;s&#101;&#x6e;&#x2e;&#100;&#x65;<\/a><\/p>\n<p>\u00a0<\/p>\n<p><\/p>\n","protected":false},"excerpt":{"rendered":"","protected":false},"author":559,"featured_media":0,"parent":0,"menu_order":10,"comment_status":"closed","ping_status":"closed","template":"onecolumn-page.php","meta":{"footnotes":""},"class_list":["post-2676","page","type-page","status-publish","hentry"],"_links":{"self":[{"href":"https:\/\/wordpress.nibis.de\/gslinden\/wp-json\/wp\/v2\/pages\/2676","targetHints":{"allow":["GET"]}}],"collection":[{"href":"https:\/\/wordpress.nibis.de\/gslinden\/wp-json\/wp\/v2\/pages"}],"about":[{"href":"https:\/\/wordpress.nibis.de\/gslinden\/wp-json\/wp\/v2\/types\/page"}],"author":[{"embeddable":true,"href":"https:\/\/wordpress.nibis.de\/gslinden\/wp-json\/wp\/v2\/users\/559"}],"replies":[{"embeddable":true,"href":"https:\/\/wordpress.nibis.de\/gslinden\/wp-json\/wp\/v2\/comments?post=2676"}],"version-history":[{"count":8,"href":"https:\/\/wordpress.nibis.de\/gslinden\/wp-json\/wp\/v2\/pages\/2676\/revisions"}],"predecessor-version":[{"id":3135,"href":"https:\/\/wordpress.nibis.de\/gslinden\/wp-json\/wp\/v2\/pages\/2676\/revisions\/3135"}],"wp:attachment":[{"href":"https:\/\/wordpress.nibis.de\/gslinden\/wp-json\/wp\/v2\/media?parent=2676"}],"curies":[{"name":"wp","href":"https:\/\/api.w.org\/{rel}","templated":true}]}}