{"id":2679,"date":"2026-02-04T11:00:31","date_gmt":"2026-02-04T10:00:31","guid":{"rendered":"https:\/\/wordpress.nibis.de\/gslinden\/?page_id=2679"},"modified":"2026-03-05T10:58:59","modified_gmt":"2026-03-05T09:58:59","slug":"formulare","status":"publish","type":"page","link":"https:\/\/wordpress.nibis.de\/gslinden\/formulare\/","title":{"rendered":"Formulare"},"content":{"rendered":"\n<p><span style=\"font-family: arial, helvetica, sans-serif;color: #000000\"><strong>Formulare f\u00fcr die Anmeldung<\/strong><\/span><\/p>\n<ul style=\"list-style-type: disc\">\n<li><span style=\"color: #000000;font-family: arial, helvetica, sans-serif\"><a style=\"color: #000000\" href=\"https:\/\/wordpress.nibis.de\/gslinden\/files\/2026\/02\/Anmeldung.pdf\">Anmeldung<\/a><\/span><\/li>\n<li><span style=\"font-family: arial, helvetica, sans-serif;color: #000000\"><a style=\"color: #000000;text-decoration: underline\" href=\"https:\/\/wordpress.nibis.de\/gslinden\/files\/2026\/02\/Belehrung-zum-Infektionsschutzgesetz.pdf\">Belehrung zum Infektionsschutzgesetz<\/a><\/span><\/li>\n<li><span style=\"font-family: arial, helvetica, sans-serif;color: #000000\"><a style=\"color: #000000;text-decoration: underline\" href=\"https:\/\/wordpress.nibis.de\/gslinden\/files\/2026\/02\/Befoerderung-von-Schuelern-im-Krankheitsfall.pdf\">Bef\u00f6rderung von Sch\u00fclern im Krankheitsfall<\/a> <a style=\"color: #000000;text-decoration: underline\" href=\"https:\/\/wordpress.nibis.de\/gslinden\/files\/2026\/02\/Erklaerung-zum-Sorgerecht.pdf\">Erkl\u00e4rung zum Sorgerecht<\/a> <\/span><\/li>\n<li><span style=\"font-family: arial, helvetica, sans-serif;color: #000000\"><a style=\"color: #000000;text-decoration: underline\" href=\"https:\/\/wordpress.nibis.de\/gslinden\/files\/2026\/02\/Genehmigung-zur-Veroeffentlichung-von-Bildern-Stand-15.02.2024.pdf\">Genehmigung zur Ver\u00f6ffentlichung von Bildern &#8211; Stand 15.02.2024<\/a> <\/span><\/li>\n<li><span style=\"font-family: arial, helvetica, sans-serif;color: #000000\"><a style=\"color: #000000;text-decoration: underline\" href=\"https:\/\/wordpress.nibis.de\/gslinden\/files\/2026\/02\/Verbot-des-Mitbringens-von-Waffen.pdf\">Verbot des Mitbringens von Waffen<\/a> <\/span><\/li>\n<\/ul>\n<p>\u00a0<\/p>\n<p><span style=\"font-family: arial, helvetica, sans-serif;color: #000000\"><strong>Formulare f\u00fcr die flexibilisierte Einschulung<\/strong><\/span><\/p>\n<ul style=\"list-style-type: disc\">\n<li><span style=\"font-family: arial, helvetica, sans-serif;color: #000000\"><a style=\"color: #000000;text-decoration: underline\" href=\"https:\/\/wordpress.nibis.de\/gslinden\/files\/2026\/02\/Erklaerung-zum-flexiblen-Schuleintritt.pdf\">Erkl\u00e4rung zum flexiblen Schuleintritt<\/a><\/span><\/li>\n<li><span style=\"font-family: arial, helvetica, sans-serif;color: #000000\"><a style=\"color: #000000;text-decoration: underline\" href=\"https:\/\/wordpress.nibis.de\/gslinden\/files\/2026\/02\/Informationsblatt-zur-Flexibilisierung-des-Einschulungstermins-Stand-Januar-2023.pdf\">Informationsblatt zur Flexibilisierung des Einschulungstermins &#8211; Stand Januar 2023<\/a><\/span><\/li>\n<\/ul>\n<p>\u00a0<\/p>\n<p><span style=\"font-family: arial, helvetica, sans-serif;color: #000000\"><strong>Sonstige Formulare<\/strong><\/span><\/p>\n<ul style=\"list-style-type: disc\">\n<li><span style=\"font-family: arial, helvetica, sans-serif;color: #000000\"><a style=\"color: #000000;text-decoration: underline\" href=\"https:\/\/wordpress.nibis.de\/gslinden\/files\/2026\/02\/Abmeldung.pdf\">Abmeldung<\/a><\/span><\/li>\n<li><span style=\"font-family: arial, helvetica, sans-serif;color: #000000\"><a style=\"color: #000000;text-decoration: underline\" href=\"https:\/\/wordpress.nibis.de\/gslinden\/files\/2026\/02\/Antrag-auf-freiwilliges-Wiederholen.pdf\">Antrag auf freiwilliges Wiederholen<\/a><\/span><\/li>\n<li><span style=\"font-family: arial, helvetica, sans-serif;color: #000000\"><a style=\"color: #000000;text-decoration: underline\" href=\"https:\/\/wordpress.nibis.de\/gslinden\/files\/2026\/02\/Schweigepflichtsentbindung.pdf\">Schweigepflichtsentbindung<\/a> <\/span><br \/><br \/><br \/><\/li>\n<\/ul>\n<p><span style=\"font-family: arial, helvetica, sans-serif;color: #000000\"><strong>F\u00f6rderverein<\/strong><\/span><\/p>\n<ul style=\"list-style-type: disc\">\n<li><span style=\"font-family: arial, helvetica, sans-serif;color: #000000\"><a style=\"color: #000000\" href=\"https:\/\/wordpress.nibis.de\/gslinden\/foerderverein\/beitrittserklaerung\/\" rel=\"attachment wp-att-2784\">Beitrittserkl\u00e4rung<\/a><\/span><\/li>\n<li><span style=\"color: #000000;font-family: arial, helvetica, sans-serif\"><a style=\"color: #000000\" href=\"https:\/\/wordpress.nibis.de\/gslinden\/files\/2026\/02\/Satzung-Foerderverein-1.pdf\">Satzung F\u00f6rderverein<\/a><\/span><\/li>\n<\/ul>\n\n\n\n\n\n\n","protected":false},"excerpt":{"rendered":"<p>Formulare f\u00fcr die Anmeldung Anmeldung Belehrung zum Infektionsschutzgesetz Bef\u00f6rderung von Sch\u00fclern im Krankheitsfall Erkl\u00e4rung zum Sorgerecht Genehmigung zur Ver\u00f6ffentlichung von Bildern &#8211; Stand 15.02.2024 Verbot des Mitbringens von Waffen \u00a0 Formulare f\u00fcr die flexibilisierte Einschulung Erkl\u00e4rung zum flexiblen Schuleintritt Informationsblatt &hellip; <a href=\"https:\/\/wordpress.nibis.de\/gslinden\/formulare\/\">Weiterlesen <span class=\"meta-nav\">&rarr;<\/span><\/a><\/p>\n","protected":false},"author":559,"featured_media":0,"parent":0,"menu_order":6,"comment_status":"closed","ping_status":"closed","template":"","meta":{"footnotes":""},"class_list":["post-2679","page","type-page","status-publish","hentry"],"_links":{"self":[{"href":"https:\/\/wordpress.nibis.de\/gslinden\/wp-json\/wp\/v2\/pages\/2679","targetHints":{"allow":["GET"]}}],"collection":[{"href":"https:\/\/wordpress.nibis.de\/gslinden\/wp-json\/wp\/v2\/pages"}],"about":[{"href":"https:\/\/wordpress.nibis.de\/gslinden\/wp-json\/wp\/v2\/types\/page"}],"author":[{"embeddable":true,"href":"https:\/\/wordpress.nibis.de\/gslinden\/wp-json\/wp\/v2\/users\/559"}],"replies":[{"embeddable":true,"href":"https:\/\/wordpress.nibis.de\/gslinden\/wp-json\/wp\/v2\/comments?post=2679"}],"version-history":[{"count":16,"href":"https:\/\/wordpress.nibis.de\/gslinden\/wp-json\/wp\/v2\/pages\/2679\/revisions"}],"predecessor-version":[{"id":3609,"href":"https:\/\/wordpress.nibis.de\/gslinden\/wp-json\/wp\/v2\/pages\/2679\/revisions\/3609"}],"wp:attachment":[{"href":"https:\/\/wordpress.nibis.de\/gslinden\/wp-json\/wp\/v2\/media?parent=2679"}],"curies":[{"name":"wp","href":"https:\/\/api.w.org\/{rel}","templated":true}]}}