{"id":2766,"date":"2026-02-05T10:04:09","date_gmt":"2026-02-05T09:04:09","guid":{"rendered":"https:\/\/wordpress.nibis.de\/gslinden\/?page_id=2766"},"modified":"2026-02-17T10:57:25","modified_gmt":"2026-02-17T09:57:25","slug":"foerderverein","status":"publish","type":"page","link":"https:\/\/wordpress.nibis.de\/gslinden\/foerderverein\/","title":{"rendered":"F\u00f6rderverein"},"content":{"rendered":"\n<div class=\"wp-block-image\"><img loading=\"lazy\" decoding=\"async\" class=\"wpa-warning wpa-image-missing-alt  wp-image-2777 aligncenter\" src=\"https:\/\/wordpress.nibis.de\/gslinden\/files\/2026\/02\/Logo-Foerderverein-1024x608.jpg\" alt=\"\" width=\"298\" height=\"177\" data-warning=\"Missing alt text\" srcset=\"https:\/\/wordpress.nibis.de\/gslinden\/files\/2026\/02\/Logo-Foerderverein-1024x608.jpg 1024w, https:\/\/wordpress.nibis.de\/gslinden\/files\/2026\/02\/Logo-Foerderverein-300x178.jpg 300w, https:\/\/wordpress.nibis.de\/gslinden\/files\/2026\/02\/Logo-Foerderverein-768x456.jpg 768w, https:\/\/wordpress.nibis.de\/gslinden\/files\/2026\/02\/Logo-Foerderverein-100x59.jpg 100w, https:\/\/wordpress.nibis.de\/gslinden\/files\/2026\/02\/Logo-Foerderverein.jpg 1210w\" sizes=\"auto, (max-width: 298px) 100vw, 298px\" \/><\/div>\n<p><span style=\"font-family: arial, helvetica, sans-serif\">Der F\u00f6rderverein ist eine gemeinn\u00fctzige Einrichtung und setzt sich aus Eltern, Lehrerkr\u00e4ften, Angeh\u00f6rigen und Freunden der Schule zusammen. Gegr\u00fcndet wurde der F\u00f6rderverein 2010 als Nachfolgerin der bereits vor 1962 gegr\u00fcndeten Elternhilfsgemeinschaft der Volksschule Lindenbergsiedlung.<\/span><\/p>\n<p><span style=\"font-family: arial, helvetica, sans-serif\">Unser Ziel ist es, die Schule bei Projekten, Anschaffungen und Veranstaltungen finanziell und tatkr\u00e4ftig zu unterst\u00fctzen.<\/span><\/p>\n<p><span style=\"font-family: arial, helvetica, sans-serif\">Die Finanzierung erfolgt \u00fcber Mitgliedsbeitr\u00e4ge und jegliche Art von sonstigen Spenden und Zuwendungen. Um zus\u00e4tzliche Einnahmen zu generieren, organisieren wir z.\u00a0B. Kuchen- und Kaffeeverkauf <span style=\"color: #000000\">bei Schulveranstaltungen.<\/span><\/span><\/p>\n<p><span style=\"font-family: arial, helvetica, sans-serif;color: #000000\">Der F\u00f6rderverein ist dringend auf die Unterst\u00fctzung der Elternschaft angewiesen, um auch weiterhin viele Projekte in der Schule zu verwirklichen (<a style=\"color: #000000\" href=\"https:\/\/wordpress.nibis.de\/gslinden\/files\/2026\/02\/Beitrittserklaerung.pdf\">Beitr<span style=\"font-family: arial, helvetica, sans-serif\">ittserkl\u00e4rung<\/span><\/a>\/<a style=\"color: #000000\" href=\"https:\/\/wordpress.nibis.de\/gslinden\/files\/2026\/02\/Satzung-Foerderverein-1.pdf\">Satzung<\/a>).\u00a0<\/span><\/p>\n<p><span style=\"font-family: arial, helvetica, sans-serif\">Spenden k\u00f6nnen auf nachfolgendes Konto \u00fcberwiesen werden:<\/span><\/p>\n<p><span style=\"font-family: arial, helvetica, sans-serif\">Bank: Nord\/LB<br \/>Kontoinhaber: F\u00f6rderverein Grundschule Lindenberg<br \/>IBAN: DE08 2505 0000 0151 5683 67<\/span><\/p>\n<p><span style=\"font-family: arial, helvetica, sans-serif\">Bei Fragen, Ideen und Inter<span style=\"color: #000000\"><span style=\"font-family: arial, helvetica, sans-serif\">esse an einer Mitarbeit wenden Sie sich bitte an den Vorstand:<\/span> <a style=\"color: #000000\" href=\"&#x6d;&#x61;&#x69;&#108;&#116;o:&#x66;&#x6f;&#x65;&#114;&#100;er&#x76;&#x65;&#x72;&#101;&#105;n&#64;&#x67;&#x73;&#x2d;&#108;&#98;s&#46;&#x64;&#x65;\">&#102;&#111;&#x65;r&#100;&#x65;&#x72;v&#101;&#x72;&#x65;i&#110;&#x40;&#x67;s&#45;&#x6c;&#x62;s&#46;&#x64;&#x65;<\/a><\/span><\/span><\/p>\n<p><span style=\"font-family: arial, helvetica, sans-serif;color: #000000\">Vielen Dank!<\/span><\/p>\n<p>\u00a0<\/p>\n<p>\u00a0<\/p>\n<p>\u00a0<\/p>\n<p>\u00a0<\/p>\n","protected":false},"excerpt":{"rendered":"<p>Der F\u00f6rderverein ist eine gemeinn\u00fctzige Einrichtung und setzt sich aus Eltern, Lehrerkr\u00e4ften, Angeh\u00f6rigen und Freunden der Schule zusammen. Gegr\u00fcndet wurde der F\u00f6rderverein 2010 als Nachfolgerin der bereits vor 1962 gegr\u00fcndeten Elternhilfsgemeinschaft der Volksschule Lindenbergsiedlung. Unser Ziel ist es, die Schule &hellip; <a href=\"https:\/\/wordpress.nibis.de\/gslinden\/foerderverein\/\">Weiterlesen <span class=\"meta-nav\">&rarr;<\/span><\/a><\/p>\n","protected":false},"author":559,"featured_media":0,"parent":0,"menu_order":8,"comment_status":"closed","ping_status":"closed","template":"","meta":{"footnotes":""},"class_list":["post-2766","page","type-page","status-publish","hentry"],"_links":{"self":[{"href":"https:\/\/wordpress.nibis.de\/gslinden\/wp-json\/wp\/v2\/pages\/2766","targetHints":{"allow":["GET"]}}],"collection":[{"href":"https:\/\/wordpress.nibis.de\/gslinden\/wp-json\/wp\/v2\/pages"}],"about":[{"href":"https:\/\/wordpress.nibis.de\/gslinden\/wp-json\/wp\/v2\/types\/page"}],"author":[{"embeddable":true,"href":"https:\/\/wordpress.nibis.de\/gslinden\/wp-json\/wp\/v2\/users\/559"}],"replies":[{"embeddable":true,"href":"https:\/\/wordpress.nibis.de\/gslinden\/wp-json\/wp\/v2\/comments?post=2766"}],"version-history":[{"count":19,"href":"https:\/\/wordpress.nibis.de\/gslinden\/wp-json\/wp\/v2\/pages\/2766\/revisions"}],"predecessor-version":[{"id":3134,"href":"https:\/\/wordpress.nibis.de\/gslinden\/wp-json\/wp\/v2\/pages\/2766\/revisions\/3134"}],"wp:attachment":[{"href":"https:\/\/wordpress.nibis.de\/gslinden\/wp-json\/wp\/v2\/media?parent=2766"}],"curies":[{"name":"wp","href":"https:\/\/api.w.org\/{rel}","templated":true}]}}