{"id":3041,"date":"2026-02-11T14:13:40","date_gmt":"2026-02-11T13:13:40","guid":{"rendered":"https:\/\/wordpress.nibis.de\/gslinden\/?page_id=3041"},"modified":"2026-02-18T11:56:38","modified_gmt":"2026-02-18T10:56:38","slug":"einschulung-2026","status":"publish","type":"page","link":"https:\/\/wordpress.nibis.de\/gslinden\/einschulung\/einschulung-2026\/","title":{"rendered":"Einschulung 2026"},"content":{"rendered":"\n<p><span style=\"font-family: arial, helvetica, sans-serif\">Die Anmeldungen sind bereits erfolgt. Sollten Sie neu in unseren Schulbezirk gezogen sein, k\u00f6nnen Sie sich die Anmeldung hier herunterladen.<\/span><\/p>\n<p><strong><span style=\"font-family: arial, helvetica, sans-serif\">TERMINE<\/span><\/strong><\/p>\n<p><span style=\"font-family: arial, helvetica, sans-serif\">Der <strong>1. Elternabend<\/strong> f\u00fcr die Einschulung im August 2026 findet am <strong>18. M\u00e4rz 2026<\/strong> um <strong>18:00\u00a0Uhr<\/strong> statt. Folgende Themen werden besprochen: Schulf\u00e4higkeit (auch in Bezug auf Regelbewusstsein und soziale Kompetenz), Ganztag und Schulweg.\u00a0<\/span><\/p>\n<p><span style=\"font-family: arial, helvetica, sans-serif\">Der <strong>2. Elternabend<\/strong> findet am <strong>24. Juni 2026<\/strong> um <strong>18:00 Uhr<\/strong> statt. Hier gibt es Informationen zu Schule und Schulleben, Einschulung, Arbeitsmaterial und der Schulweg wird ebenfalls noch einmal thematisiert.\u00a0\u00a0<\/span><\/p>\n<p><span style=\"font-family: arial, helvetica, sans-serif\">Am <strong>13. und 14. August 2026<\/strong> haben Sie Gelegenheit, das Schulmaterial in die Klasse Ihres Kindes zu bringen.<\/span><\/p>\n<p><span style=\"font-family: arial, helvetica, sans-serif\">Die <strong>Einschulung <\/strong>findet dann am <strong>15. August 2026<\/strong> statt. Die genauen Uhrzeiten stehen noch nicht fest.<\/span><\/p>\n","protected":false},"excerpt":{"rendered":"<p>Die Anmeldungen sind bereits erfolgt. Sollten Sie neu in unseren Schulbezirk gezogen sein, k\u00f6nnen Sie sich die Anmeldung hier herunterladen. TERMINE Der 1. Elternabend f\u00fcr die Einschulung im August 2026 findet am 18. M\u00e4rz 2026 um 18:00\u00a0Uhr statt. Folgende Themen &hellip; <a href=\"https:\/\/wordpress.nibis.de\/gslinden\/einschulung\/einschulung-2026\/\">Weiterlesen <span class=\"meta-nav\">&rarr;<\/span><\/a><\/p>\n","protected":false},"author":559,"featured_media":0,"parent":3039,"menu_order":2,"comment_status":"closed","ping_status":"closed","template":"","meta":{"footnotes":""},"class_list":["post-3041","page","type-page","status-publish","hentry"],"_links":{"self":[{"href":"https:\/\/wordpress.nibis.de\/gslinden\/wp-json\/wp\/v2\/pages\/3041","targetHints":{"allow":["GET"]}}],"collection":[{"href":"https:\/\/wordpress.nibis.de\/gslinden\/wp-json\/wp\/v2\/pages"}],"about":[{"href":"https:\/\/wordpress.nibis.de\/gslinden\/wp-json\/wp\/v2\/types\/page"}],"author":[{"embeddable":true,"href":"https:\/\/wordpress.nibis.de\/gslinden\/wp-json\/wp\/v2\/users\/559"}],"replies":[{"embeddable":true,"href":"https:\/\/wordpress.nibis.de\/gslinden\/wp-json\/wp\/v2\/comments?post=3041"}],"version-history":[{"count":3,"href":"https:\/\/wordpress.nibis.de\/gslinden\/wp-json\/wp\/v2\/pages\/3041\/revisions"}],"predecessor-version":[{"id":3426,"href":"https:\/\/wordpress.nibis.de\/gslinden\/wp-json\/wp\/v2\/pages\/3041\/revisions\/3426"}],"up":[{"embeddable":true,"href":"https:\/\/wordpress.nibis.de\/gslinden\/wp-json\/wp\/v2\/pages\/3039"}],"wp:attachment":[{"href":"https:\/\/wordpress.nibis.de\/gslinden\/wp-json\/wp\/v2\/media?parent=3041"}],"curies":[{"name":"wp","href":"https:\/\/api.w.org\/{rel}","templated":true}]}}