{"id":3058,"date":"2026-02-12T10:21:41","date_gmt":"2026-02-12T09:21:41","guid":{"rendered":"https:\/\/wordpress.nibis.de\/gslinden\/?page_id=3058"},"modified":"2026-02-17T10:54:16","modified_gmt":"2026-02-17T09:54:16","slug":"schulordnung","status":"publish","type":"page","link":"https:\/\/wordpress.nibis.de\/gslinden\/unsere-schule\/schulordnung\/","title":{"rendered":"Schulordnung"},"content":{"rendered":"\n<div class=\"wp-block-image\" style=\"text-align: center\"><img loading=\"lazy\" decoding=\"async\" class=\"wpa-warning wpa-image-missing-alt aligncenter size-full wp-image-3032\" src=\"https:\/\/wordpress.nibis.de\/gslinden\/files\/2026\/02\/Logo-GS-Lindenberg.jpg\" alt=\"\" width=\"336\" height=\"190\" data-warning=\"Missing alt text\" srcset=\"https:\/\/wordpress.nibis.de\/gslinden\/files\/2026\/02\/Logo-GS-Lindenberg.jpg 336w, https:\/\/wordpress.nibis.de\/gslinden\/files\/2026\/02\/Logo-GS-Lindenberg-300x170.jpg 300w, https:\/\/wordpress.nibis.de\/gslinden\/files\/2026\/02\/Logo-GS-Lindenberg-100x57.jpg 100w\" sizes=\"auto, (max-width: 336px) 100vw, 336px\" \/><\/div>\n<p style=\"text-align: center\"><span style=\"font-family: arial, helvetica, sans-serif;color: #000000\"><span style=\"font-size: 18pt\"><strong>Schulordnung der Grundschule Lindenberg<\/strong><\/span><br \/>(Stand: 01.07.2025)<\/span><\/p>\n<p><span style=\"font-family: arial, helvetica, sans-serif;color: #000000\"><strong>Pr\u00e4ambel:<\/strong><\/span><\/p>\n<p><span style=\"font-family: arial, helvetica, sans-serif;color: #000000\">Wir sind eine Schule, in der sich Kinder, Erziehungsberechtigte, Lehrkr\u00e4fte und Mitarbeitende gemeinsam f\u00fcr ein wertsch\u00e4tzendes, demokratisches, lernf\u00f6rderliches, gesundes und sportliches Miteinander einsetzen.<\/span><\/p>\n<p><span style=\"font-family: arial, helvetica, sans-serif;color: #000000\">Unsere Schulordnung hilft uns dabei, diesen Rahmen zu gestalten. Sie basiert auf Respekt, Verantwortung und Gemeinschaftssinn.<\/span><\/p>\n<p><span style=\"font-family: arial, helvetica, sans-serif;color: #000000\">Hieraus ergeben sich folgende Vereinbarungen:<\/span><\/p>\n<div class=\"wp-block-image\" style=\"text-align: center\"><img loading=\"lazy\" decoding=\"async\" class=\"wpa-warning wpa-image-missing-alt aligncenter size-full wp-image-3059\" src=\"https:\/\/wordpress.nibis.de\/gslinden\/files\/2026\/02\/Verhaltensregeln.jpg\" alt=\"\" width=\"527\" height=\"200\" data-warning=\"Missing alt text\" srcset=\"https:\/\/wordpress.nibis.de\/gslinden\/files\/2026\/02\/Verhaltensregeln.jpg 527w, https:\/\/wordpress.nibis.de\/gslinden\/files\/2026\/02\/Verhaltensregeln-300x114.jpg 300w, https:\/\/wordpress.nibis.de\/gslinden\/files\/2026\/02\/Verhaltensregeln-100x38.jpg 100w\" sizes=\"auto, (max-width: 527px) 100vw, 527px\" \/><\/div>\n<p><strong><span style=\"font-family: arial, helvetica, sans-serif;color: #000000;font-size: 12pt\">1. \u00a0Verhaltensregeln f\u00fcr Sch\u00fclerinnen und Sch\u00fcler<\/span><\/strong><\/p>\n<ul style=\"list-style-type: disc\">\n<li><span style=\"font-family: arial, helvetica, sans-serif;color: #000000\">Ich komme p\u00fcnktlich zum Unterricht, sowohl morgens als auch nach den Pausen, damit wir alle gemeinsam und ohne Unterbrechungen in den Unterricht starten k\u00f6nnen.<\/span><\/li>\n<li><span style=\"font-family: arial, helvetica, sans-serif\">Im Schulgeb\u00e4ude bewege ich mich langsam und leise, damit alle anderen in Ruhe arbeiten und lernen k\u00f6nnen.<\/span><\/li>\n<li><span style=\"font-family: arial, helvetica, sans-serif\">Ich halte das Schulgeb\u00e4ude ordentlich und achte auf meine Sachen und auch auf die Sachen anderer. So sorgen wir gemeinsam f\u00fcr eine gute und strukturierte Lernumgebung. Die Toiletten verlasse ich ebenfalls sauber und ordentlich.<\/span><\/li>\n<li><span style=\"font-family: arial, helvetica, sans-serif\">In der gro\u00dfen Pause bin ich auf dem Schulhof. Die Regenpause verbringe ich in meiner eigenen Klasse. Dort halte ich mich an die Pausenregeln, damit wir alle erholt und mit neuer Energie nach der Pause weiterlernen k\u00f6nnen.<\/span><\/li>\n<li><span style=\"font-family: arial, helvetica, sans-serif\">Wir gehen freundlich, respektvoll und r\u00fccksichtsvoll miteinander um und helfen einander, so dass wir alle daf\u00fcr sorgen, dass unsere Schule ein angstfreier und sicherer Wohlf\u00fchlort f\u00fcr alle sein kann.<\/span><\/li>\n<li><span style=\"font-family: arial, helvetica, sans-serif\">Wir l\u00f6sen Konflikte friedlich. Bei Stopp h\u00f6re ich mit meinem Verhalten sofort auf und ziehe mich zur\u00fcck, damit sich alle sicher in einer wertsch\u00e4tzenden und gewaltfreien Schulgemeinschaft frei entwickeln k\u00f6nnen. Bei k\u00f6rperlicher Gewalt werde ich von meiner Familie abgeholt.<\/span><\/li>\n<li><span style=\"font-family: arial, helvetica, sans-serif\">Elektronische Ger\u00e4te (Handy, Smartwatch etc.) bleiben auf dem Schulgel\u00e4nde ausgeschaltet im privaten Besitz dort, wo andere sie nicht sehen k\u00f6nnen. So sorgen wir gemeinsam f\u00fcr einen st\u00f6rungsfreien Schulalltag.<\/span><\/li>\n<li><span style=\"font-family: arial, helvetica, sans-serif\">Ich h\u00f6re auf die Anweisungen des gesamten schulischen Personals. (Lehrkr\u00e4fte, p\u00e4dagogische Mitarbeitende, Sekret\u00e4rin, Hausmeister, Betreuungskr\u00e4fte, AG-Leitungen und andere, die mit uns arbeiten)<\/span><\/li>\n<\/ul>\n<p><span style=\"font-family: arial, helvetica, sans-serif\"><strong><span style=\"color: #000000\">2. Leitlinien f\u00fcr Lehrkr\u00e4fte &#8211; unsere p\u00e4dagogische Haltung<\/span><\/strong><\/span><\/p>\n<ul style=\"list-style-type: disc\">\n<li><span style=\"font-family: arial, helvetica, sans-serif;color: #000000\">Wir sind offen f\u00fcr die Belange und Sorgen unserer Sch\u00fclerinnen und Sch\u00fcler.<\/span><\/li>\n<li><span style=\"font-family: arial, helvetica, sans-serif\">Wir erkennen die Individualit\u00e4t unserer Sch\u00fclerinnen und Sch\u00fcler und unterst\u00fctzen und begleiten sie im Rahmen unserer schulischen M\u00f6glichkeiten.<\/span><\/li>\n<li><span style=\"font-family: arial, helvetica, sans-serif\">Wir arbeiten kontinuierlich und vertrauensvoll mit den Erziehungsberechtigten zusammen, beraten und informieren in regelm\u00e4\u00dfigen Abst\u00e4nden und bei Bedarf.<\/span><\/li>\n<li><span style=\"font-family: arial, helvetica, sans-serif\">Bei Anfragen der Erziehungsberechtigten geben wir innerhalb einer Arbeitswoche eine R\u00fcckmeldung.<\/span><\/li>\n<li><span style=\"font-family: arial, helvetica, sans-serif\">Wir kooperieren mit au\u00dferschulischen p\u00e4dagogischen Institutionen (z. B. Jugendamt, Beratungsstellen, Psychologie, etc. ) und empfehlen ggf. multiprofessionelle Hilfen f\u00fcr Sch\u00fclerinnen, Sch\u00fcler und Erziehungsberechtigte.<\/span><\/li>\n<li><span style=\"font-family: arial, helvetica, sans-serif\">Wir beginnen unseren Unterricht und unsere Betreuungszeiten p\u00fcnktlich und nehmen unsere Aufsichtspflicht ernst.<\/span><\/li>\n<li><span style=\"font-family: arial, helvetica, sans-serif\">Wir bewerten Leistungen transparent nach den an unserer Schule festgelegten Kriterien.<\/span><\/li>\n<li><span style=\"font-family: arial, helvetica, sans-serif\">Wir bringen uns vielf\u00e4ltig in schulische Abl\u00e4ufe ein.<\/span><\/li>\n<li><span style=\"font-family: arial, helvetica, sans-serif\">Wir arbeiten als Team konstruktiv in Fach- und Arbeitsgruppen zusammen.<\/span><\/li>\n<li><span style=\"font-family: arial, helvetica, sans-serif\">Wir bilden uns regelm\u00e4\u00dfig fachlich und p\u00e4dagogisch fort und weiter.<\/span><\/li>\n<li><span style=\"font-family: arial, helvetica, sans-serif\">Wir unterst\u00fctzen kontinuierlich die Demokratiebildung unserer Sch\u00fclerinnen und Sch\u00fcler w\u00e4hrend des gesamten Schulalltags.<\/span><\/li>\n<li><span style=\"font-family: arial, helvetica, sans-serif\">Wir f\u00f6rdern die Entwicklung einer nachhaltigen und kindgerechten Umwelt- und Gesundheitsbildung und begleiten diese Umsetzung durch unterrichtliche Inhalte, Projekte und gemeinsame Aktionen.<\/span><\/li>\n<\/ul>\n<p><strong><span style=\"font-family: arial, helvetica, sans-serif\">3. Vereinbarungen mit Erziehungsberechtigten<\/span><\/strong><\/p>\n<ul style=\"list-style-type: disc\">\n<li><span style=\"color: #000000;font-family: arial, helvetica, sans-serif\">Wir erziehen unser Kind zu einem wertsch\u00e4tzenden, respektvollen Umgang mit Kindern und Erwachsenen.<\/span><\/li>\n<li><span style=\"font-family: arial, helvetica, sans-serif\">Wir f\u00f6rdern zunehmend die Selbstst\u00e4ndigkeit unseres Kindes. Dazu geh\u00f6rt auch, dass unser Kind ab dem Schulhoftor alleine das Gel\u00e4nde betritt und wieder verl\u00e4sst.<\/span><\/li>\n<li><span style=\"font-family: arial, helvetica, sans-serif\">Dabei unterst\u00fctzen wir unser Kind soweit wie n\u00f6tig bei den t\u00e4glichen schulischen Abl\u00e4ufen, vor allem beim Erlernen von Selbstst\u00e4ndigkeit bei der Organisation des Materials, beim Erledigen der Hausaufgaben sowie dem \u00dcben und Festigen der Lerninhalte.<\/span><\/li>\n<li><span style=\"font-family: arial, helvetica, sans-serif\">Wir nehmen aktiv am Schulleben und den Elternabenden teil und nehmen Gespr\u00e4chstermine zum Informationsaustausch wahr.<\/span><\/li>\n<li><span style=\"font-family: arial, helvetica, sans-serif\">Wir setzen auf eine offene und respektvolle Gespr\u00e4chskultur, denn nur gemeinsam k\u00f6nnen wir die Entwicklung unserer Kinder f\u00f6rdern und gestalten.<\/span><\/li>\n<li><span style=\"font-family: arial, helvetica, sans-serif\">Wir nehmen bei Problemen oder Unklarheiten zuerst Kontakt mit der betreffenden Lehrkraft auf. Bei weiterem Gespr\u00e4chsbedarf wenden wir uns im Anschluss an die Klassenlehrkraft und erst danach an die Schulleitung.<\/span><\/li>\n<li><span style=\"font-family: arial, helvetica, sans-serif\">Wir informieren uns t\u00e4glich \u00fcber die Postmappe, den Sch\u00fclerkalender und Iserv.<\/span><\/li>\n<li><span style=\"font-family: arial, helvetica, sans-serif\">Wir melden unser Kind bei Krankheit morgens bis 07:50 Uhr unter folgender Telefonnummer ab: 0531\/2640710 (Anrufbeantworter). Eine Pflicht zur \u00e4rztlichen Bescheinigung besteht in der Regel nach Aufforderung der Schule.<\/span><\/li>\n<li><span style=\"font-family: arial, helvetica, sans-serif\">Wir melden meldepflichtige Erkrankungen (siehe Tabelle Hompage) unverz\u00fcglich der Schule und lassen unsere Kinder zu Hause, wenn sie Symptome haben.<\/span><\/li>\n<li><span style=\"font-family: arial, helvetica, sans-serif\">Wir beantragen Unterrichtsbefreiungen bei Abmeldungen bis zu drei Tagen fr\u00fchzeitig schriftlich bei der Klassenlehrkraft. Bei l\u00e4ngeren Unterrichtsbefreiungen (z. B. Kuraufenthalt) oder Abmeldungen in direkter N\u00e4he zu den Ferienzeiten wenden wir uns an die Schulleitung.<\/span><\/li>\n<li><span style=\"font-family: arial, helvetica, sans-serif\">Wir sorgen f\u00fcr ein ausgewogenes, gesundes und plastikfreies Schulfr\u00fchst\u00fcck in wiederverwendbaren Beh\u00e4ltern (z. B. Brotdosen, Trinkflaschen). Auf Wunsch der Sch\u00fclerschaft bem\u00fchen wir uns, maximal eine \u201eNaschsache\u201c mitzugeben (der Geburtstag meines Kindes stellt hierbei eine Ausnahme dar!) und entsorgen Plastikm\u00fcll wieder zuhause.<\/span><\/li>\n<li><span style=\"font-family: arial, helvetica, sans-serif\">Wir achten auf einen verantwortungsvollen Umgang mit digitalen Medien (IServ, Internet- und App-Nutzung). Elektronische Ger\u00e4te, die mein Kind mit in die Schule nimmt, bleiben ausgeschaltet im privaten Besitz meines Kindes, so dass diese nicht f\u00fcr andere sichtbar und zug\u00e4nglich sind. Dies gilt auch f\u00fcr Tausch- und Sammelkarten.<\/span><\/li>\n<li><span style=\"font-family: arial, helvetica, sans-serif\">Wir wissen, dass f\u00fcr pers\u00f6nliche Gegenst\u00e4nde, insbesondere elektronische Ger\u00e4te, keine Haftung seitens der Schule \u00fcbernommen wird.<\/span><\/li>\n<\/ul>\n","protected":false},"excerpt":{"rendered":"<p>Schulordnung der Grundschule Lindenberg(Stand: 01.07.2025) Pr\u00e4ambel: Wir sind eine Schule, in der sich Kinder, Erziehungsberechtigte, Lehrkr\u00e4fte und Mitarbeitende gemeinsam f\u00fcr ein wertsch\u00e4tzendes, demokratisches, lernf\u00f6rderliches, gesundes und sportliches Miteinander einsetzen. Unsere Schulordnung hilft uns dabei, diesen Rahmen zu gestalten. Sie basiert &hellip; <a href=\"https:\/\/wordpress.nibis.de\/gslinden\/unsere-schule\/schulordnung\/\">Weiterlesen <span class=\"meta-nav\">&rarr;<\/span><\/a><\/p>\n","protected":false},"author":559,"featured_media":0,"parent":3110,"menu_order":1,"comment_status":"closed","ping_status":"closed","template":"","meta":{"footnotes":""},"class_list":["post-3058","page","type-page","status-publish","hentry"],"_links":{"self":[{"href":"https:\/\/wordpress.nibis.de\/gslinden\/wp-json\/wp\/v2\/pages\/3058","targetHints":{"allow":["GET"]}}],"collection":[{"href":"https:\/\/wordpress.nibis.de\/gslinden\/wp-json\/wp\/v2\/pages"}],"about":[{"href":"https:\/\/wordpress.nibis.de\/gslinden\/wp-json\/wp\/v2\/types\/page"}],"author":[{"embeddable":true,"href":"https:\/\/wordpress.nibis.de\/gslinden\/wp-json\/wp\/v2\/users\/559"}],"replies":[{"embeddable":true,"href":"https:\/\/wordpress.nibis.de\/gslinden\/wp-json\/wp\/v2\/comments?post=3058"}],"version-history":[{"count":5,"href":"https:\/\/wordpress.nibis.de\/gslinden\/wp-json\/wp\/v2\/pages\/3058\/revisions"}],"predecessor-version":[{"id":3121,"href":"https:\/\/wordpress.nibis.de\/gslinden\/wp-json\/wp\/v2\/pages\/3058\/revisions\/3121"}],"up":[{"embeddable":true,"href":"https:\/\/wordpress.nibis.de\/gslinden\/wp-json\/wp\/v2\/pages\/3110"}],"wp:attachment":[{"href":"https:\/\/wordpress.nibis.de\/gslinden\/wp-json\/wp\/v2\/media?parent=3058"}],"curies":[{"name":"wp","href":"https:\/\/api.w.org\/{rel}","templated":true}]}}