{"id":3110,"date":"2026-02-16T11:25:27","date_gmt":"2026-02-16T10:25:27","guid":{"rendered":"https:\/\/wordpress.nibis.de\/gslinden\/?page_id=3110"},"modified":"2026-02-18T14:07:14","modified_gmt":"2026-02-18T13:07:14","slug":"unsere-schule","status":"publish","type":"page","link":"https:\/\/wordpress.nibis.de\/gslinden\/unsere-schule\/","title":{"rendered":"Unsere Schule"},"content":{"rendered":"\n<p><span style=\"font-family: arial, helvetica, sans-serif\">Der Lindenberg ist ein Stadtteil Braunschweigs, der im S\u00fcden der Stadt liegt.<\/span><\/p>\n<p><span style=\"font-family: arial, helvetica, sans-serif\">Das Schulgeb\u00e4ude liegt im Gr\u00fcnen und verf\u00fcgt dementsprechend \u00fcber gro\u00dfe und kindgerechte Au\u00dfenanlagen. Zum Au\u00dfengel\u00e4nde geh\u00f6ren ein Turngarten, eine gro\u00dfe Schaukel, ein Kletterger\u00fcst, ein Fu\u00dfballplatz und ein gr\u00fcnes Klassenzimmer.<\/span><\/p>\n<p><span style=\"font-family: arial, helvetica, sans-serif\">Angrenzend an unser Schulgel\u00e4nde befindet sich der Sportplatz des SV Lindenberg, den wir dankenswerterweise ebenfalls f\u00fcr unseren Sportunterricht nutzen d\u00fcrfen.<\/span><\/p>\n<p><span style=\"font-family: arial, helvetica, sans-serif\"><strong>Besonderheit<\/strong><\/span><\/p>\n<p><span style=\"font-family: arial, helvetica, sans-serif\">Das Schulgeb\u00e4ude und Schulgel\u00e4nde wird von zwei Schulformen genutzt:<\/span><\/p>\n<ul style=\"list-style-type: disc\">\n<li><span style=\"font-family: arial, helvetica, sans-serif\">Im Erdgeschoss werden die Sch\u00fcler:innen der ersten und zweiten Klassen der Hans-W\u00fcrtz-Schule, deren Hauptsitz im Bebelhof ist, beschult.<\/span><\/li>\n<li><span style=\"font-family: arial, helvetica, sans-serif\">Der obere Flur beherbergt die Grundsch\u00fcler:innen, deren Schulleitung vor Ort ist.<\/span><\/li>\n<\/ul>\n<p><span style=\"font-family: arial, helvetica, sans-serif\">Alle Sch\u00fcler:innen nutzen gemeinschaftlich den Schulhof, die Turnhalle, den Computerraum, den Werkraum, den Musikraum und die K\u00fcche.<\/span><\/p>\n<p><span style=\"font-family: arial, helvetica, sans-serif\">Seit einigen Jahren arbeiten wir an gemeinschaftlichen Projekten, so z. B. Adventsbasteln mit schulform- und klassengemischten Gruppen, ein Laternenumzug, gemeinsame Gottesdienste, \u00fcbergreifende AG-Angebote und Sport- bzw. Musikstunden.<\/span><\/p>\n<p><span style=\"font-family: arial, helvetica, sans-serif\">Es gibt gegenseitige Synergieeffekte, indem z. B. Grundschullehrer:innen sich von Kolleg:innen im Haus beraten lassen k\u00f6nnen, wenn Kinder Verhaltensauff\u00e4lligkeiten zeigen, oder HWS-Kolleg:innen probieren in Absprache, ob eines ihrer Schulkinder evtl. am Unterricht der Grundschule teilnehmen kann etc.. Auch f\u00fcr die Kinder ist diese Form der Kooperation eine tolle Erfahrung, da sie hier Toleranz und Kooperation entwickeln bzw. voneinander lernen.<\/span><\/p>\n<p><span style=\"font-family: arial, helvetica, sans-serif\">Beide Schulen sind in st\u00e4ndigem Austausch.<\/span><\/p>\n","protected":false},"excerpt":{"rendered":"<p>Der Lindenberg ist ein Stadtteil Braunschweigs, der im S\u00fcden der Stadt liegt. Das Schulgeb\u00e4ude liegt im Gr\u00fcnen und verf\u00fcgt dementsprechend \u00fcber gro\u00dfe und kindgerechte Au\u00dfenanlagen. Zum Au\u00dfengel\u00e4nde geh\u00f6ren ein Turngarten, eine gro\u00dfe Schaukel, ein Kletterger\u00fcst, ein Fu\u00dfballplatz und ein gr\u00fcnes &hellip; <a href=\"https:\/\/wordpress.nibis.de\/gslinden\/unsere-schule\/\">Weiterlesen <span class=\"meta-nav\">&rarr;<\/span><\/a><\/p>\n","protected":false},"author":559,"featured_media":0,"parent":0,"menu_order":0,"comment_status":"closed","ping_status":"closed","template":"","meta":{"footnotes":""},"class_list":["post-3110","page","type-page","status-publish","hentry"],"_links":{"self":[{"href":"https:\/\/wordpress.nibis.de\/gslinden\/wp-json\/wp\/v2\/pages\/3110","targetHints":{"allow":["GET"]}}],"collection":[{"href":"https:\/\/wordpress.nibis.de\/gslinden\/wp-json\/wp\/v2\/pages"}],"about":[{"href":"https:\/\/wordpress.nibis.de\/gslinden\/wp-json\/wp\/v2\/types\/page"}],"author":[{"embeddable":true,"href":"https:\/\/wordpress.nibis.de\/gslinden\/wp-json\/wp\/v2\/users\/559"}],"replies":[{"embeddable":true,"href":"https:\/\/wordpress.nibis.de\/gslinden\/wp-json\/wp\/v2\/comments?post=3110"}],"version-history":[{"count":5,"href":"https:\/\/wordpress.nibis.de\/gslinden\/wp-json\/wp\/v2\/pages\/3110\/revisions"}],"predecessor-version":[{"id":3467,"href":"https:\/\/wordpress.nibis.de\/gslinden\/wp-json\/wp\/v2\/pages\/3110\/revisions\/3467"}],"wp:attachment":[{"href":"https:\/\/wordpress.nibis.de\/gslinden\/wp-json\/wp\/v2\/media?parent=3110"}],"curies":[{"name":"wp","href":"https:\/\/api.w.org\/{rel}","templated":true}]}}