{"id":3403,"date":"2026-02-17T13:42:33","date_gmt":"2026-02-17T12:42:33","guid":{"rendered":"https:\/\/wordpress.nibis.de\/gslinden\/?page_id=3403"},"modified":"2026-02-17T13:46:46","modified_gmt":"2026-02-17T12:46:46","slug":"pausenregeln","status":"publish","type":"page","link":"https:\/\/wordpress.nibis.de\/gslinden\/unsere-schule\/pausenregeln\/","title":{"rendered":"Pausenregeln"},"content":{"rendered":"\n<table style=\"border-collapse: collapse;width: 100%\">\n<tbody>\n<tr>\n<td style=\"width: 100%\"><span style=\"font-family: arial, helvetica, sans-serif\">Steine lasse ich auf dem Boden liegen.<\/span><\/td>\n<\/tr>\n<tr>\n<td style=\"width: 100%\"><span style=\"font-family: arial, helvetica, sans-serif\">St\u00f6cke lasse ich auf dem Boden liegen bzw. an den B\u00e4umen.<\/span><\/td>\n<\/tr>\n<tr>\n<td style=\"width: 100%\"><span style=\"font-family: arial, helvetica, sans-serif\">Ich sch\u00fctze und erhalte unsere Pflanzen und Str\u00e4ucher.<\/span><\/td>\n<\/tr>\n<tr>\n<td style=\"width: 100%\"><span style=\"font-family: arial, helvetica, sans-serif\">Schnee nutze ich nur zum Bauen. Ich werfe nicht damit.<\/span><\/td>\n<\/tr>\n<tr>\n<td style=\"width: 100%\"><span style=\"font-family: arial, helvetica, sans-serif\">Im Schulgeb\u00e4ude bewege ich mich im Schritttempo &#8211; insbesondere in der Pausenhalle und den Fluren.<\/span><\/td>\n<\/tr>\n<tr>\n<td style=\"width: 100%\"><span style=\"font-family: arial, helvetica, sans-serif\">Ich darf begehbare Geb\u00fcsche\/Trampelpfade nutzen. In B\u00e4umen klettere ich nicht.<\/span><\/td>\n<\/tr>\n<tr>\n<td style=\"width: 100%\"><span style=\"font-family: arial, helvetica, sans-serif\">Ich bleibe vor der Turnhalle und spiele nicht dahinter.<\/span><\/td>\n<\/tr>\n<tr>\n<td style=\"width: 100%\"><span style=\"font-family: arial, helvetica, sans-serif\">Ich bleibe auf dem Schulgel\u00e4nde (kein \u00dcberqueren der roten Linie).<\/span><\/td>\n<\/tr>\n<tr>\n<td style=\"width: 100%\"><span style=\"font-family: arial, helvetica, sans-serif\">An den Spielger\u00e4ten wechsele ich mich ab.<\/span><\/td>\n<\/tr>\n<tr>\n<td style=\"width: 100%\"><span style=\"font-family: arial, helvetica, sans-serif\">Fu\u00df- und Basketball spiele ich nur auf den vorgegebenen Pl\u00e4tzen.<\/span><br \/><span style=\"font-family: arial, helvetica, sans-serif\">Basketball: harter Ball auf dem Basketballfeld<\/span><br \/><span style=\"font-family: arial, helvetica, sans-serif\">Fu\u00dfball: keine Lederb\u00e4lle<\/span><\/td>\n<\/tr>\n<tr>\n<td style=\"width: 100%\"><span style=\"font-family: arial, helvetica, sans-serif\">Wenn das Stopp-Schild am Eingang h\u00e4ngt, bleibt die Rasenfl\u00e4che frei!<\/span><\/td>\n<\/tr>\n<tr>\n<td style=\"width: 100%\"><span style=\"font-family: arial, helvetica, sans-serif\">Die Toiletten benutze ich nur f\u00fcr gro\u00dfe und kleine Gesch\u00e4fte.<\/span><\/td>\n<\/tr>\n<tr>\n<td style=\"width: 100%\"><span style=\"font-family: arial, helvetica, sans-serif\">In der Regenpause bleibe ich in meiner Klasse.<\/span><\/td>\n<\/tr>\n<\/tbody>\n<\/table>\n<p><span style=\"font-family: arial, helvetica, sans-serif\">Stand: 1. Juni 2026<\/span><\/p>\n\n\n","protected":false},"excerpt":{"rendered":"<p>Steine lasse ich auf dem Boden liegen. St\u00f6cke lasse ich auf dem Boden liegen bzw. an den B\u00e4umen. Ich sch\u00fctze und erhalte unsere Pflanzen und Str\u00e4ucher. Schnee nutze ich nur zum Bauen. Ich werfe nicht damit. Im Schulgeb\u00e4ude bewege ich &hellip; <a href=\"https:\/\/wordpress.nibis.de\/gslinden\/unsere-schule\/pausenregeln\/\">Weiterlesen <span class=\"meta-nav\">&rarr;<\/span><\/a><\/p>\n","protected":false},"author":559,"featured_media":0,"parent":3110,"menu_order":6,"comment_status":"closed","ping_status":"closed","template":"","meta":{"footnotes":""},"class_list":["post-3403","page","type-page","status-publish","hentry"],"_links":{"self":[{"href":"https:\/\/wordpress.nibis.de\/gslinden\/wp-json\/wp\/v2\/pages\/3403","targetHints":{"allow":["GET"]}}],"collection":[{"href":"https:\/\/wordpress.nibis.de\/gslinden\/wp-json\/wp\/v2\/pages"}],"about":[{"href":"https:\/\/wordpress.nibis.de\/gslinden\/wp-json\/wp\/v2\/types\/page"}],"author":[{"embeddable":true,"href":"https:\/\/wordpress.nibis.de\/gslinden\/wp-json\/wp\/v2\/users\/559"}],"replies":[{"embeddable":true,"href":"https:\/\/wordpress.nibis.de\/gslinden\/wp-json\/wp\/v2\/comments?post=3403"}],"version-history":[{"count":1,"href":"https:\/\/wordpress.nibis.de\/gslinden\/wp-json\/wp\/v2\/pages\/3403\/revisions"}],"predecessor-version":[{"id":3404,"href":"https:\/\/wordpress.nibis.de\/gslinden\/wp-json\/wp\/v2\/pages\/3403\/revisions\/3404"}],"up":[{"embeddable":true,"href":"https:\/\/wordpress.nibis.de\/gslinden\/wp-json\/wp\/v2\/pages\/3110"}],"wp:attachment":[{"href":"https:\/\/wordpress.nibis.de\/gslinden\/wp-json\/wp\/v2\/media?parent=3403"}],"curies":[{"name":"wp","href":"https:\/\/api.w.org\/{rel}","templated":true}]}}