{"id":3436,"date":"2026-02-18T12:32:08","date_gmt":"2026-02-18T11:32:08","guid":{"rendered":"https:\/\/wordpress.nibis.de\/gslinden\/?page_id=3436"},"modified":"2026-02-18T12:58:13","modified_gmt":"2026-02-18T11:58:13","slug":"flexi-kinder","status":"publish","type":"page","link":"https:\/\/wordpress.nibis.de\/gslinden\/einschulung\/flexi-kinder\/","title":{"rendered":"Flexi-Kinder"},"content":{"rendered":"\n<p data-start=\"278\" data-end=\"639\"><span style=\"font-family: arial, helvetica, sans-serif;color: #000000\">In Niedersachsen gibt es seit einer Gesetzes\u00e4nderung 2018 eine <strong data-start=\"341\" data-end=\"385\">Flexibilisierung des Einschulungstermins<\/strong>. Diese Regelung gibt Eltern mehr Entscheidungsspielraum, wann ihr Kind in die Schule kommt \u2013 ganz im Sinne einer individuellen und kindgerechten Entwicklung.<\/span><\/p>\n<p><strong><span style=\"font-family: arial, helvetica, sans-serif;color: #000000\">Wer kann flexibel entscheiden?<\/span><\/strong><br \/><span style=\"font-family: arial, helvetica, sans-serif;color: #000000\">Eltern von Kindern, die zwischen dem 1. Juli und dem 30. September des Einschulungsjahres ihr sechstes Lebensjahr vollenden, k\u00f6nnen entscheiden, ob ihr Kind in diesem Jahr eingeschult wird oder erst ein Jahr sp\u00e4ter.<\/span><\/p>\n<p><strong><span style=\"font-family: arial, helvetica, sans-serif;color: #000000\">Was m\u00fcssen Eltern tun?<\/span><\/strong><br \/><span style=\"font-family: arial, helvetica, sans-serif;color: #000000\">Um die Einschulung zu verschieben, geben die erziehungsberechtigten bis sp\u00e4testens 1.\u00a0Mai des Einschulungsjahres eine schriftliche Erkl\u00e4rung (kann <a style=\"color: #000000\" href=\"https:\/\/wordpress.nibis.de\/gslinden\/files\/2026\/02\/Erklaerung-zum-flexiblen-Schuleintritt.pdf\">hier<\/a> heruntergeladen werden) bei der zust\u00e4ndigen Grundschule ab. Eine Begr\u00fcndung ist in der Regel nicht erforderlich.<\/span><\/p>\n<p><strong><span style=\"font-family: arial, helvetica, sans-serif;color: #000000\">Ziel der Flexibilisierung<\/span><\/strong><br \/><span style=\"font-family: arial, helvetica, sans-serif;color: #000000\">Diese Regelung soll den unterschiedlichen Entwicklungsst\u00e4nden von Kindern Rechnung tragen. Nicht jedes Kind ist zur gleichen Zeit bereit f\u00fcr die Schule &#8211; manche sind fr\u00fcher in ihrer Entwicklung, andere ben\u00f6tigen mehr Zeit, um sich emotional, sozial oder kognitiv zu festigen. Die flexiblere L\u00f6sung erm\u00f6glicht es Eltern, zusammen mit der Schule eine dem Kindeswohl entsprechende Entscheidung f\u00fcr den Schulstart zu treffen.<\/span><\/p>\n<p><span style=\"font-family: arial, helvetica, sans-serif;color: #000000\">Weitere Informationen erhalten Sie <a style=\"color: #000000\" href=\"https:\/\/wordpress.nibis.de\/gslinden\/files\/2026\/02\/Informationsblatt-zur-Flexibilisierung-des-Einschulungstermins-Stand-Januar-2023.pdf\">hier<\/a>.<\/span><\/p>\n<p data-start=\"2168\" data-end=\"2524\">\u00a0<\/p>\n","protected":false},"excerpt":{"rendered":"<p>In Niedersachsen gibt es seit einer Gesetzes\u00e4nderung 2018 eine Flexibilisierung des Einschulungstermins. Diese Regelung gibt Eltern mehr Entscheidungsspielraum, wann ihr Kind in die Schule kommt \u2013 ganz im Sinne einer individuellen und kindgerechten Entwicklung. Wer kann flexibel entscheiden?Eltern von Kindern, &hellip; <a href=\"https:\/\/wordpress.nibis.de\/gslinden\/einschulung\/flexi-kinder\/\">Weiterlesen <span class=\"meta-nav\">&rarr;<\/span><\/a><\/p>\n","protected":false},"author":559,"featured_media":0,"parent":3039,"menu_order":4,"comment_status":"closed","ping_status":"closed","template":"","meta":{"footnotes":""},"class_list":["post-3436","page","type-page","status-publish","hentry"],"_links":{"self":[{"href":"https:\/\/wordpress.nibis.de\/gslinden\/wp-json\/wp\/v2\/pages\/3436","targetHints":{"allow":["GET"]}}],"collection":[{"href":"https:\/\/wordpress.nibis.de\/gslinden\/wp-json\/wp\/v2\/pages"}],"about":[{"href":"https:\/\/wordpress.nibis.de\/gslinden\/wp-json\/wp\/v2\/types\/page"}],"author":[{"embeddable":true,"href":"https:\/\/wordpress.nibis.de\/gslinden\/wp-json\/wp\/v2\/users\/559"}],"replies":[{"embeddable":true,"href":"https:\/\/wordpress.nibis.de\/gslinden\/wp-json\/wp\/v2\/comments?post=3436"}],"version-history":[{"count":3,"href":"https:\/\/wordpress.nibis.de\/gslinden\/wp-json\/wp\/v2\/pages\/3436\/revisions"}],"predecessor-version":[{"id":3441,"href":"https:\/\/wordpress.nibis.de\/gslinden\/wp-json\/wp\/v2\/pages\/3436\/revisions\/3441"}],"up":[{"embeddable":true,"href":"https:\/\/wordpress.nibis.de\/gslinden\/wp-json\/wp\/v2\/pages\/3039"}],"wp:attachment":[{"href":"https:\/\/wordpress.nibis.de\/gslinden\/wp-json\/wp\/v2\/media?parent=3436"}],"curies":[{"name":"wp","href":"https:\/\/api.w.org\/{rel}","templated":true}]}}