{"id":3575,"date":"2026-03-03T13:17:40","date_gmt":"2026-03-03T12:17:40","guid":{"rendered":"https:\/\/wordpress.nibis.de\/gslinden\/?page_id=3575"},"modified":"2026-03-03T13:21:27","modified_gmt":"2026-03-03T12:21:27","slug":"sportfreundliche-schule","status":"publish","type":"page","link":"https:\/\/wordpress.nibis.de\/gslinden\/unser-schulalltag\/sportfreundliche-schule\/","title":{"rendered":"Sportfreundliche Schule"},"content":{"rendered":"\n<div class=\"wp-block-image\" style=\"text-align: right\"><img loading=\"lazy\" decoding=\"async\" class=\"wpa-warning wpa-image-missing-alt alignright size-medium wp-image-3579\" src=\"https:\/\/wordpress.nibis.de\/gslinden\/files\/2026\/03\/Logo-Sportfreundliche-Schule-2024-bis-2029-288x300.jpg\" alt=\"\" width=\"288\" height=\"300\" data-warning=\"Missing alt text\" srcset=\"https:\/\/wordpress.nibis.de\/gslinden\/files\/2026\/03\/Logo-Sportfreundliche-Schule-2024-bis-2029-288x300.jpg 288w, https:\/\/wordpress.nibis.de\/gslinden\/files\/2026\/03\/Logo-Sportfreundliche-Schule-2024-bis-2029-100x104.jpg 100w, https:\/\/wordpress.nibis.de\/gslinden\/files\/2026\/03\/Logo-Sportfreundliche-Schule-2024-bis-2029.jpg 400w\" sizes=\"auto, (max-width: 288px) 100vw, 288px\" \/><\/div>\n<p><span style=\"font-family: arial, helvetica, sans-serif\">Bewegung, Spiel und Sport haben unersetzbare Bedeutung f\u00fcr eine ganzheitliche Entwicklung.<\/span><\/p>\n<p><span style=\"font-family: arial, helvetica, sans-serif\">Neben der positiven k\u00f6rperlichen Entwicklung hat ein regelm\u00e4\u00dfiges Bewegungshandeln im Grundschulalter positiven Einfluss auf die Entfaltung der Wahrnehmungsf\u00e4higkeit, der geistigen Entwicklung und vielf\u00e4ltiger sozialer, emotionaler und personaler Erfahrungen. Eine Vielzahl von Untersuchungen deuten darauf hin, dass sich die sportmotorischen F\u00e4higkeiten der Kinder und Jugendlichen in Deutschland (z. B. Ausdauer, Kraft und Koordinationsf\u00e4higkeit) in den letzten Jahrzehnten verschlechtert haben. Angesichts der Erkenntnis, dass jedes sechste Kind mittlerweile \u00fcbergewichtig ist und Bewegungsmangel in Verbindung mit ungesunder Ern\u00e4hrung als Hauptursache daf\u00fcr gilt, versuchen wir durch folgende Rahmenbedingungen Bewegung an unserer Schule zu f\u00f6rdern:<\/span><\/p>\n<p><strong><span style=\"font-family: arial, helvetica, sans-serif\">Bewegungsfreundlicher Pausenhof<br \/><\/span><\/strong><span style=\"font-family: arial, helvetica, sans-serif\">Unser Pausenhof bietet neben einigen Ruhezonen viele M\u00f6glichkeiten, sich zu bewegen. Es stehen Turn- und Kletterger\u00e4te, eine Kletterwand, ein Fu\u00dfballplatz mit Torwand und ein Basketballkorb sowie weitere bewegungsanregende Fl\u00e4chen zur Verf\u00fcgung.\u00a0<\/span><\/p>\n<p><strong><span style=\"font-family: arial, helvetica, sans-serif\">Bewegung im Unterricht<br \/><\/span><\/strong><span style=\"font-family: arial, helvetica, sans-serif\">Auch in anderen Unterrichtsf\u00e4chern finden regelm\u00e4\u00dfig Bewegungsphasen in spielerischer Form statt. Im Deutsch-Unterricht werden kleine Theaterst\u00fccke einstudiert und auf der B\u00fchne des Theaterraumes aufgef\u00fchrt. Ein wesentlicher Bestandteil des Englisch-Lehrwerkes sind die Videosequenzen und anschlie\u00dfende Rollenspiele zum spielerischen Ein\u00fcben der Sprache.<br \/><\/span><span style=\"font-family: arial, helvetica, sans-serif\">Im Musikunterricht sorgen Schwarzlicht- und Schattentheater f\u00fcr bewegten Unterricht und verschiedene Zugangsweisen zur Musik.<br \/><\/span><span style=\"font-family: arial, helvetica, sans-serif\">F\u00fcr Regenpausen wurden kleine Handger\u00e4te angeschafft, um auch diese Pausen in der Pausenhalle bewegungsreich zu gestalten.<\/span><\/p>\n<p><strong><span style=\"font-family: arial, helvetica, sans-serif\">Schwimmunterricht<br \/><\/span><\/strong><span style=\"font-family: arial, helvetica, sans-serif\">In den dritten Klassen findet ein kontinuierlicher Schwimmunterricht \u00fcber ein halbes Schuljahr statt. Den Kindern werden hier Wassersicherheit und grundlegende Schwimmtechniken vermittelt. Es besteht die M\u00f6glichkeit, die Schwimmabzeichen Bronze und Silber sowie den Fr\u00fchschwimmerausweis zu erwerben.<\/span><\/p>\n<p><strong><span style=\"font-family: arial, helvetica, sans-serif\">Spiel- und Sportfest<br \/><\/span><\/strong><span style=\"font-family: arial, helvetica, sans-serif\">Einen H\u00f6hepunkt des Schuljahres stellt das Sportfest dar, das im Sommer kurz vor den Ferien stattfindet und von der Leichtathletikabteilung des SV Lindenberg unterst\u00fctzt wird.<br \/><\/span><span style=\"font-family: arial, helvetica, sans-serif\">An diesem Tag ist die ganze Schule auf Bewegung eingestellt. Alle Klassen absolvieren die Bundesjugendspiele als Vielseitigkeitswettbewerb mit 50-m-Sprint, Schlagball Weitwurf, Weitsprung und 800-m- bzw. 1.000-m-Lauf.<br \/><\/span><span style=\"font-family: arial, helvetica, sans-serif\">Den Abschluss bilden Klassenstaffeln aller Jahrg\u00e4nge unserer Schule.<\/span><\/p>\n<p><strong><span style=\"font-family: arial, helvetica, sans-serif\">Teilnahme am Braunschweiger Nachtlauf<br \/><\/span><\/strong><span style=\"font-family: arial, helvetica, sans-serif\">Seit einigen Jahren nehmen viele Schulkinder am Nachtlauf teil.\u00a0<\/span><\/p>\n<p style=\"text-align: left\"><strong><span style=\"font-family: arial, helvetica, sans-serif\">Fahrradausbildung<br \/><\/span><\/strong><span style=\"font-family: arial, helvetica, sans-serif\">Die vierten Klassen bereiten sich im Laufe des Schuljahres auf die Fahrradpr\u00fcfung vor. Die Kinder absolvieren einen Fahrrad-Geschicklichkeitsparcours und werden bei der praktischen \u00dcbung im Stra\u00dfenverkehr auch von Eltern unterst\u00fctzt. Am Pr\u00fcfungstag kontrolliert ein Polizist die Fahrr\u00e4der der Kinder auf Verkehrssicherheit und nimmt die praktische Radfahrpr\u00fcfung ab.<\/span><\/p>\n<div class=\"wp-block-image\"><img loading=\"lazy\" decoding=\"async\" class=\"wpa-warning wpa-image-missing-alt alignright size-large wp-image-3577\" src=\"https:\/\/wordpress.nibis.de\/gslinden\/files\/2026\/03\/Zertifikat-Sportfreundliche-Schule-2024-bis-2029-724x1024.jpg\" alt=\"\" width=\"640\" height=\"905\" data-warning=\"Missing alt text\" srcset=\"https:\/\/wordpress.nibis.de\/gslinden\/files\/2026\/03\/Zertifikat-Sportfreundliche-Schule-2024-bis-2029-724x1024.jpg 724w, https:\/\/wordpress.nibis.de\/gslinden\/files\/2026\/03\/Zertifikat-Sportfreundliche-Schule-2024-bis-2029-212x300.jpg 212w, https:\/\/wordpress.nibis.de\/gslinden\/files\/2026\/03\/Zertifikat-Sportfreundliche-Schule-2024-bis-2029-768x1086.jpg 768w, https:\/\/wordpress.nibis.de\/gslinden\/files\/2026\/03\/Zertifikat-Sportfreundliche-Schule-2024-bis-2029-100x141.jpg 100w, https:\/\/wordpress.nibis.de\/gslinden\/files\/2026\/03\/Zertifikat-Sportfreundliche-Schule-2024-bis-2029-1086x1536.jpg 1086w, https:\/\/wordpress.nibis.de\/gslinden\/files\/2026\/03\/Zertifikat-Sportfreundliche-Schule-2024-bis-2029-1448x2048.jpg 1448w, https:\/\/wordpress.nibis.de\/gslinden\/files\/2026\/03\/Zertifikat-Sportfreundliche-Schule-2024-bis-2029-scaled.jpg 1810w\" sizes=\"auto, (max-width: 640px) 100vw, 640px\" \/><\/div>\n<p style=\"text-align: left\"><span style=\"font-family: arial, helvetica, sans-serif\">\u00a0<\/span><\/p>\n<p>\u00a0<\/p>\n<p>\u00a0<\/p>\n","protected":false},"excerpt":{"rendered":"<p>Bewegung, Spiel und Sport haben unersetzbare Bedeutung f\u00fcr eine ganzheitliche Entwicklung. Neben der positiven k\u00f6rperlichen Entwicklung hat ein regelm\u00e4\u00dfiges Bewegungshandeln im Grundschulalter positiven Einfluss auf die Entfaltung der Wahrnehmungsf\u00e4higkeit, der geistigen Entwicklung und vielf\u00e4ltiger sozialer, emotionaler und personaler Erfahrungen. Eine &hellip; <a href=\"https:\/\/wordpress.nibis.de\/gslinden\/unser-schulalltag\/sportfreundliche-schule\/\">Weiterlesen <span class=\"meta-nav\">&rarr;<\/span><\/a><\/p>\n","protected":false},"author":559,"featured_media":0,"parent":2661,"menu_order":4,"comment_status":"closed","ping_status":"closed","template":"","meta":{"footnotes":""},"class_list":["post-3575","page","type-page","status-publish","hentry"],"_links":{"self":[{"href":"https:\/\/wordpress.nibis.de\/gslinden\/wp-json\/wp\/v2\/pages\/3575","targetHints":{"allow":["GET"]}}],"collection":[{"href":"https:\/\/wordpress.nibis.de\/gslinden\/wp-json\/wp\/v2\/pages"}],"about":[{"href":"https:\/\/wordpress.nibis.de\/gslinden\/wp-json\/wp\/v2\/types\/page"}],"author":[{"embeddable":true,"href":"https:\/\/wordpress.nibis.de\/gslinden\/wp-json\/wp\/v2\/users\/559"}],"replies":[{"embeddable":true,"href":"https:\/\/wordpress.nibis.de\/gslinden\/wp-json\/wp\/v2\/comments?post=3575"}],"version-history":[{"count":3,"href":"https:\/\/wordpress.nibis.de\/gslinden\/wp-json\/wp\/v2\/pages\/3575\/revisions"}],"predecessor-version":[{"id":3581,"href":"https:\/\/wordpress.nibis.de\/gslinden\/wp-json\/wp\/v2\/pages\/3575\/revisions\/3581"}],"up":[{"embeddable":true,"href":"https:\/\/wordpress.nibis.de\/gslinden\/wp-json\/wp\/v2\/pages\/2661"}],"wp:attachment":[{"href":"https:\/\/wordpress.nibis.de\/gslinden\/wp-json\/wp\/v2\/media?parent=3575"}],"curies":[{"name":"wp","href":"https:\/\/api.w.org\/{rel}","templated":true}]}}