{"id":3585,"date":"2026-03-03T13:41:46","date_gmt":"2026-03-03T12:41:46","guid":{"rendered":"https:\/\/wordpress.nibis.de\/gslinden\/?page_id=3585"},"modified":"2026-03-05T11:48:26","modified_gmt":"2026-03-05T10:48:26","slug":"randstundenbetreuung","status":"publish","type":"page","link":"https:\/\/wordpress.nibis.de\/gslinden\/unser-schulalltag\/randstundenbetreuung\/","title":{"rendered":"Betreuung (Verl\u00e4ssliche Grundschule)"},"content":{"rendered":"\n<p><span style=\"font-family: arial, helvetica, sans-serif\">F\u00fcr die ersten Klassen findet an vier Tagen und f\u00fcr die zweiten Klassen an zwei Tagen in der Woche die Randstundenbetreuung statt. <\/span><span style=\"font-family: arial, helvetica, sans-serif\">Im Anschluss an den Unterricht gehen einige Kinder nach Hause; die meisten Kinder nutzen das t\u00e4gliche Betreuungsangebot nach der zweiten Hofpause von 12:15 Uhr bis 13:00 Uhr.<\/span><\/p>\n<p><span style=\"font-family: arial, helvetica, sans-serif\">Die Betreuungszeit dient den Kindern nach einem anstrengenden Unterrichtsvormittag als Entspannungs- und Erholungszeit. Frische Luft, Bewegung, freie Besch\u00e4ftigung nach eigenen Interessen und Kommunikation mit anderen Kindern sind wichtige Kontraste zum Lernen und Arbeiten in der Klasse. Hausaufgabenanfertigung ist im Rahmen der Randstundenbetreuung <strong>nicht<\/strong> vorgesehen.<\/span><\/p>\n<p><span style=\"font-family: arial, helvetica, sans-serif\">Die einzelnen Klassen werden einer p\u00e4dagogischen Mitarbeiterin zugeordnet, sodass immer ein Ansprechpartnerin vor Ort ist.<\/span><\/p>\n<p><span style=\"font-family: arial, helvetica, sans-serif\">Die p\u00e4dagogischen Mitarbeiterinnen gestalten die Betreuungszeit, indem vorgelesen, kreativ gestaltet, im Erz\u00e4hlkreis zusammengesessen oder gemeinsam gespielt wird. Soweit das Wetter es zul\u00e4sst, d\u00fcrfen die Kinder im Freien (Turngarten, Schulhof oder Bolzplatz) spielen. Die Betreuerinnen leiten zu Bewegungsspielen an. Besonders im freien Spiel ergeben sich oft gruppen\u00fcbergreifende Angebote.\u00a0<\/span><\/p>\n<p><span style=\"font-family: arial, helvetica, sans-serif\">Ein Besuch in der B\u00fccherei geh\u00f6rt ebenfalls zum festen Angebot.<\/span><\/p>\n<p><span style=\"font-family: arial, helvetica, sans-serif\">W\u00e4hrend der Betreuungszeit bleiben die Computer ausgeschaltet. Die p\u00e4dagogischen Mitarbeiterinnen haben sich in besonderem Ma\u00dfe dem sozialen Lernen verpflichtet. Ein \u00fcbergeordnetes Ziel ist es, die soziale Kompetenz der Kinder zu f\u00f6rdern und zu st\u00e4rken. Den Kindern wird in der Betreuung Raum und Zeit gegeben, um miteinander zu spielen und ein Gemeinschaftsgef\u00fchl zu entwickeln.<\/span><\/p>\n<p><span style=\"font-family: arial, helvetica, sans-serif\">Ihre Mitsch\u00fcler:innen als Menschen mit Bed\u00fcrfnissen und W\u00fcnschen wahrzunehmen und darauf R\u00fccksicht zu nehmen, k\u00f6nnen sie in einem lebendigen Miteinander lernen.<\/span><\/p>\n<p><span style=\"font-family: arial, helvetica, sans-serif\">Die Zusammenarbeit zwischen den p\u00e4dagogischen Mitarbeiterinnen und Lehrkr\u00e4ften zur F\u00f6rderung und Pers\u00f6nlichkeitsentfaltung jedes einzelnen Kindes spielt eine gro\u00dfe Rolle. Die Betreuungskr\u00e4fte stehen in regem Austausch \u00fcber ihre Arbeit und die Kinder. Je eine p\u00e4dagogische Mitarbeiterin nimmt an Dienstbesprechungen und Gesamtkonferenzen teil, sodass die p\u00e4dagogischen Mitarbeiterinnen an der Beratung aller wesentlichen Schulangelegenheiten beteiligt sind.<\/span><\/p>\n<p><span style=\"font-family: arial, helvetica, sans-serif\">Parallel zur Betreuungszeit findet f\u00fcr einige Kinder an manchen Tagen F\u00f6rderunterricht statt.<\/span><\/p>\n<p><span style=\"font-family: arial, helvetica, sans-serif\"><span style=\"color: #000000\"><a style=\"color: #000000\" href=\"https:\/\/wordpress.nibis.de\/gslinden\/unsere-schule\/kollegium\/paedagogische-mitarbeiter-innen\/\">Hier<\/a><\/span> finden Sie die Kolleginnen f\u00fcr die Randstundenbetreuung.<\/span><\/p>\n","protected":false},"excerpt":{"rendered":"<p>F\u00fcr die ersten Klassen findet an vier Tagen und f\u00fcr die zweiten Klassen an zwei Tagen in der Woche die Randstundenbetreuung statt. Im Anschluss an den Unterricht gehen einige Kinder nach Hause; die meisten Kinder nutzen das t\u00e4gliche Betreuungsangebot nach &hellip; <a href=\"https:\/\/wordpress.nibis.de\/gslinden\/unser-schulalltag\/randstundenbetreuung\/\">Weiterlesen <span class=\"meta-nav\">&rarr;<\/span><\/a><\/p>\n","protected":false},"author":559,"featured_media":0,"parent":2661,"menu_order":5,"comment_status":"closed","ping_status":"closed","template":"","meta":{"footnotes":""},"class_list":["post-3585","page","type-page","status-publish","hentry"],"_links":{"self":[{"href":"https:\/\/wordpress.nibis.de\/gslinden\/wp-json\/wp\/v2\/pages\/3585","targetHints":{"allow":["GET"]}}],"collection":[{"href":"https:\/\/wordpress.nibis.de\/gslinden\/wp-json\/wp\/v2\/pages"}],"about":[{"href":"https:\/\/wordpress.nibis.de\/gslinden\/wp-json\/wp\/v2\/types\/page"}],"author":[{"embeddable":true,"href":"https:\/\/wordpress.nibis.de\/gslinden\/wp-json\/wp\/v2\/users\/559"}],"replies":[{"embeddable":true,"href":"https:\/\/wordpress.nibis.de\/gslinden\/wp-json\/wp\/v2\/comments?post=3585"}],"version-history":[{"count":3,"href":"https:\/\/wordpress.nibis.de\/gslinden\/wp-json\/wp\/v2\/pages\/3585\/revisions"}],"predecessor-version":[{"id":3627,"href":"https:\/\/wordpress.nibis.de\/gslinden\/wp-json\/wp\/v2\/pages\/3585\/revisions\/3627"}],"up":[{"embeddable":true,"href":"https:\/\/wordpress.nibis.de\/gslinden\/wp-json\/wp\/v2\/pages\/2661"}],"wp:attachment":[{"href":"https:\/\/wordpress.nibis.de\/gslinden\/wp-json\/wp\/v2\/media?parent=3585"}],"curies":[{"name":"wp","href":"https:\/\/api.w.org\/{rel}","templated":true}]}}