{"id":3612,"date":"2026-03-05T11:17:07","date_gmt":"2026-03-05T10:17:07","guid":{"rendered":"https:\/\/wordpress.nibis.de\/gslinden\/?page_id=3612"},"modified":"2026-03-09T13:41:30","modified_gmt":"2026-03-09T12:41:30","slug":"schul-abc-neu","status":"publish","type":"page","link":"https:\/\/wordpress.nibis.de\/gslinden\/schul-abc-neu\/","title":{"rendered":"Schul-ABC"},"content":{"rendered":"\n<p><span style=\"font-family: arial, helvetica, sans-serif\">Von\u00a0<strong data-start=\"767\" data-end=\"772\">A<\/strong>\u00a0wie\u00a0<em data-start=\"777\" data-end=\"788\">Anmeldung<\/em>\u00a0\u00fcber\u00a0<strong data-start=\"794\" data-end=\"799\">M<\/strong>\u00a0wie\u00a0<em data-start=\"804\" data-end=\"817\">Mittagessen<\/em>\u00a0bis\u00a0<strong data-start=\"822\" data-end=\"827\">Z<\/strong>\u00a0wie\u00a0<em data-start=\"832\" data-end=\"843\">Zeugnisse<\/em>\u00a0\u2013 wir haben alle relevanten Themen f\u00fcr Sie zusammengestellt. Sollten Sie dennoch weitere Fragen haben, steht Ihnen unser Sekretariat gerne pers\u00f6nlich zur Verf\u00fcgung.<\/span><\/p>\n<p><span style=\"font-family: arial, helvetica, sans-serif\"><strong><span style=\"font-size: 18pt\">A<\/span><\/strong><br \/>Aktivit\u00e4ten im Schuljahr \/\u00a0<\/span><span style=\"font-family: arial, helvetica, sans-serif\">Anmeldung \/ <\/span><span style=\"color: #000000\"><a style=\"color: #000000\" href=\"https:\/\/wordpress.nibis.de\/gslinden\/unser-schulalltag\/arbeitsgemeinschaften-2\/\"><span style=\"font-family: arial, helvetica, sans-serif\">Arbeitsgemeinschaften<\/span><\/a><\/span><\/p>\n<p><span style=\"font-family: arial, helvetica, sans-serif\"><span style=\"font-size: 18pt\"><strong>B<\/strong><\/span><br \/><span style=\"color: #000000\"><a style=\"color: #000000\" href=\"https:\/\/wordpress.nibis.de\/gslinden\/befoerderung\/\">Bef\u00f6rderung<\/a><\/span> \/ <\/span><span style=\"font-family: arial, helvetica, sans-serif\"><span style=\"color: #000000\"><a style=\"color: #000000\" href=\"https:\/\/wordpress.nibis.de\/gslinden\/unser-schulalltag\/randstundenbetreuung\/\">Betreuung<\/a><\/span> \/ <\/span><span style=\"font-family: arial, helvetica, sans-serif\"><span style=\"color: #000000\"><a style=\"color: #000000\" href=\"https:\/\/wordpress.nibis.de\/gslinden\/beurlaubungen\/\">Beurlaubungen<\/a><\/span> \/ <\/span><span style=\"color: #000000\"><a style=\"color: #000000\" href=\"https:\/\/wordpress.nibis.de\/gslinden\/buecherschrank\/\"><span style=\"font-family: arial, helvetica, sans-serif\">B\u00fccherschrank<\/span><\/a><\/span><\/p>\n<p><span style=\"font-family: arial, helvetica, sans-serif\"><span style=\"font-size: 18pt\"><strong>D<span style=\"font-size: 12pt\"><br \/><\/span><\/strong><span style=\"font-size: 12pt;font-family: arial, helvetica, sans-serif;color: #000000\"><a style=\"color: #000000\" href=\"https:\/\/wordpress.nibis.de\/gslinden\/deutsch-als-zweitsprache-daz\/\">Deutsch als Zweitsprache (DaZ)<\/a><\/span><\/span><\/span><\/p>\n<p><span style=\"font-family: arial, helvetica, sans-serif\"><span style=\"font-size: 18pt\"><strong>E<\/strong><\/span><br \/><span style=\"color: #000000\"><a style=\"color: #000000\" href=\"https:\/\/wordpress.nibis.de\/gslinden\/einschulung-2\/\">Einschulung<\/a> \/ <\/span><\/span><span style=\"color: #000000\"><span style=\"font-family: arial, helvetica, sans-serif\"><a style=\"color: #000000\" href=\"https:\/\/wordpress.nibis.de\/gslinden\/elternabende\/\">Elternabende<\/a> \/ <\/span><span style=\"font-family: arial, helvetica, sans-serif\"><a style=\"color: #000000\" href=\"https:\/\/wordpress.nibis.de\/gslinden\/elternarbeit\/\">Elternarbeit<\/a> \/<\/span><span style=\"font-family: arial, helvetica, sans-serif\">\u00a0<\/span><span style=\"font-family: arial, helvetica, sans-serif\"><a style=\"color: #000000\" href=\"https:\/\/wordpress.nibis.de\/gslinden\/elternsprechtag\/\">Elternsprechtag<\/a> \/ <\/span><span style=\"font-family: arial, helvetica, sans-serif\"><a style=\"color: #000000\" href=\"https:\/\/wordpress.nibis.de\/gslinden\/englisch\/\">Englisch<\/a> \/ <\/span><a style=\"color: #000000\" href=\"https:\/\/wordpress.nibis.de\/gslinden\/elternvertretung\/\"><span style=\"font-family: arial, helvetica, sans-serif\">Elternvertretung<\/span><\/a><\/span><\/p>\n<p><span style=\"font-family: arial, helvetica, sans-serif\"><span style=\"font-size: 18pt\"><strong>F<\/strong><\/span><br \/><span style=\"color: #000000\"><a style=\"color: #000000\" href=\"https:\/\/wordpress.nibis.de\/gslinden\/fahrradausbildung\/\">Fahrradausbildung<\/a><\/span> \/ <\/span><span style=\"font-family: arial, helvetica, sans-serif\"><span style=\"color: #000000\"><a style=\"color: #000000\" href=\"https:\/\/wordpress.nibis.de\/gslinden\/ferien\/\">Ferien<\/a><\/span> \/ <\/span><span style=\"font-family: arial, helvetica, sans-serif\"><a style=\"color: #000000\" href=\"https:\/\/wordpress.nibis.de\/gslinden\/foerderverein-2\/\">F\u00f6rderverein<\/a> \/ <\/span><span style=\"font-family: arial, helvetica, sans-serif\"><span style=\"color: #000000\"><a style=\"color: #000000\" href=\"https:\/\/wordpress.nibis.de\/gslinden\/fundsachen\/\">Fundsachen<\/a><\/span> \/ <\/span><span style=\"color: #000000\"><a style=\"color: #000000\" href=\"https:\/\/wordpress.nibis.de\/gslinden\/fruehstueck\/\"><span style=\"font-family: arial, helvetica, sans-serif\">Fr\u00fchst\u00fcck<\/span><\/a><\/span><\/p>\n<p><span style=\"font-family: arial, helvetica, sans-serif\"><span style=\"font-size: 18pt\"><strong>G<\/strong><\/span><br \/><span style=\"color: #000000\"><a style=\"color: #000000\" href=\"https:\/\/wordpress.nibis.de\/gslinden\/?page_id=2664\">Ganztag<\/a><\/span> \/ <\/span><span style=\"color: #000000\"><a style=\"color: #000000\" href=\"https:\/\/wordpress.nibis.de\/gslinden\/gewaltpraevention\/\"><span style=\"font-family: arial, helvetica, sans-serif\">Gewaltpr\u00e4vention<\/span><\/a><\/span><\/p>\n<p><span style=\"font-family: arial, helvetica, sans-serif\"><span style=\"font-size: 18pt\"><strong>H<\/strong><\/span><br \/><span style=\"color: #000000\"><a style=\"color: #000000\" href=\"https:\/\/wordpress.nibis.de\/gslinden\/hausschuhe\/\">Hausschuhe<\/a><\/span> \/ <\/span><span style=\"font-family: arial, helvetica, sans-serif\">Handy und elektronisches Spielzeug<\/span><\/p>\n<p><span style=\"font-family: arial, helvetica, sans-serif\"><span style=\"font-size: 18pt\"><strong>I<\/strong><\/span><br \/><span style=\"color: #000000\"><a style=\"color: #000000\" href=\"https:\/\/wordpress.nibis.de\/gslinden\/individuelle-lernentwicklung-ile\/\">Individuelle Lernentwicklung (ILE)<\/a><\/span> \/ <\/span><span style=\"font-family: arial, helvetica, sans-serif\">Inklusion \/ <span style=\"color: #000000\"><a style=\"color: #000000\" href=\"https:\/\/wordpress.nibis.de\/gslinden\/iserv\/\">IServ<\/a><\/span>\u00a0<\/span><\/p>\n<p><span style=\"font-family: arial, helvetica, sans-serif\"><span style=\"font-size: 18pt\"><strong>K<\/strong><\/span><br \/><span style=\"color: #000000\"><a style=\"color: #000000\" href=\"https:\/\/wordpress.nibis.de\/gslinden\/krankmeldungen\/\">Krankmeldungen<\/a><\/span> \/ <\/span><span style=\"font-family: arial, helvetica, sans-serif\"><span style=\"color: #000000\"><a style=\"color: #000000\" href=\"https:\/\/wordpress.nibis.de\/gslinden\/klassenlehrkraft\/\">Klassenlehrkraft<\/a><\/span> \/ <\/span><span style=\"font-family: arial, helvetica, sans-serif\"><span style=\"color: #000000\"><a style=\"color: #000000\" href=\"https:\/\/wordpress.nibis.de\/gslinden\/karneval\/\">Karneval<\/a><\/span> \/ <\/span><span style=\"font-family: arial, helvetica, sans-serif\"><span style=\"color: #000000\"><a style=\"color: #000000\" href=\"https:\/\/wordpress.nibis.de\/gslinden\/kopflaeuse\/\">Kopfl\u00e4use<\/a>\u00a0<\/span><\/span><\/p>\n<p><strong><span style=\"font-family: arial, helvetica, sans-serif;font-size: 18pt\">L<br \/><\/span><\/strong><span style=\"font-family: arial, helvetica, sans-serif\">Lesepaten<\/span><span style=\"font-size: 18pt\"><strong><span style=\"font-family: arial, helvetica, sans-serif\"><br \/><\/span><\/strong><\/span><\/p>\n<p><span style=\"font-family: arial, helvetica, sans-serif\"><span style=\"font-size: 18pt\"><strong>M<\/strong><\/span><br \/>Mittagessen<\/span><\/p>\n<p><span style=\"font-family: arial, helvetica, sans-serif\"><strong><span style=\"font-size: 18pt\">N<\/span><\/strong><br \/><span style=\"color: #000000\"><a style=\"color: #000000\" href=\"https:\/\/wordpress.nibis.de\/gslinden\/nachtlauf\/\">Nachtlauf<\/a><\/span><\/span><\/p>\n<p><span style=\"font-size: 18pt\"><strong><span style=\"font-family: arial, helvetica, sans-serif\">O<\/span><\/strong><\/span><\/p>\n<p><span style=\"font-family: arial, helvetica, sans-serif\"><span style=\"font-size: 18pt\"><strong>P<\/strong><\/span><br \/><span style=\"color: #000000\"><a style=\"color: #000000\" href=\"https:\/\/wordpress.nibis.de\/gslinden\/paedagogische-mitarbeiterinnen\/\">P\u00e4dagogische Mitarbeiter:innen<\/a><\/span> \/ <\/span><span style=\"font-family: arial, helvetica, sans-serif\"><span style=\"color: #000000\"><a style=\"color: #000000\" href=\"https:\/\/wordpress.nibis.de\/gslinden\/pausen\/\">Pausen<\/a><\/span> \/ <\/span><span style=\"color: #000000\"><a style=\"color: #000000\" href=\"https:\/\/wordpress.nibis.de\/gslinden\/postmappe\/\"><span style=\"font-family: arial, helvetica, sans-serif\">Postmappe<\/span><\/a><\/span><\/p>\n<p><span style=\"font-family: arial, helvetica, sans-serif\"><span style=\"font-size: 18pt\"><strong>R<\/strong><\/span><br \/><span style=\"color: #000000\"><a style=\"color: #000000\" href=\"https:\/\/wordpress.nibis.de\/gslinden\/regenpausen\/\">Regenpausen<\/a><\/span> \/ <\/span><span style=\"color: #000000\"><a style=\"color: #000000\" href=\"https:\/\/wordpress.nibis.de\/gslinden\/religionsunterricht\/\"><span style=\"font-family: arial, helvetica, sans-serif\">Religionsunterricht<\/span><\/a><\/span><\/p>\n<p><span style=\"font-family: arial, helvetica, sans-serif\"><span style=\"font-size: 18pt\"><strong>S<\/strong><\/span><br \/><span style=\"color: #000000\"><a style=\"color: #000000\" href=\"https:\/\/wordpress.nibis.de\/gslinden\/schulplaner\/\">Schulplaner<\/a> \/ <\/span><\/span><span style=\"color: #000000\"><span style=\"font-family: arial, helvetica, sans-serif\"><a style=\"color: #000000\" href=\"https:\/\/wordpress.nibis.de\/gslinden\/schwimmunterricht\/\">Schwimmunterricht<\/a> \/ <\/span><span style=\"font-family: arial, helvetica, sans-serif\"><a style=\"color: #000000\" href=\"https:\/\/wordpress.nibis.de\/gslinden\/spiel-und-sportfest\/\">Spiel- und Sportfest<\/a> \/ Streitschlichter \/ <span style=\"color: #000000\"><a style=\"color: #000000\" href=\"https:\/\/wordpress.nibis.de\/gslinden\/schulbuchausleihe\/\">Schulbuchausleihe<\/a><\/span> \/ <\/span><a style=\"color: #000000\" href=\"https:\/\/wordpress.nibis.de\/gslinden\/sprechzeiten\/\"><span style=\"font-family: arial, helvetica, sans-serif\">Sprechzeiten<\/span><\/a><span style=\"font-family: arial, helvetica, sans-serif\"> \/ <span style=\"color: #000000\"><a style=\"color: #000000\" href=\"https:\/\/wordpress.nibis.de\/gslinden\/schulausfall-witterungsbedingt\/\">Schulausfall<\/a><\/span>\u00a0<\/span><\/span><\/p>\n<p><span style=\"font-size: 18pt\"><strong><span style=\"font-family: arial, helvetica, sans-serif\">T<\/span><\/strong><\/span><\/p>\n<p><span style=\"font-size: 18pt\"><strong><span style=\"font-family: arial, helvetica, sans-serif\">U<\/span><\/strong><\/span><\/p>\n<p><span style=\"font-size: 18pt\"><strong><span style=\"font-family: arial, helvetica, sans-serif\">V<\/span><\/strong><\/span><\/p>\n<p><span style=\"font-size: 18pt\"><strong><span style=\"font-family: arial, helvetica, sans-serif\">W<\/span><\/strong><\/span><\/p>\n<p style=\"text-align: left\"><span style=\"font-family: arial, helvetica, sans-serif\"><span style=\"font-size: 18pt\"><strong>Z<\/strong><\/span><br \/><span style=\"color: #000000\"><a style=\"color: #000000\" href=\"https:\/\/wordpress.nibis.de\/gslinden\/zahnaerztin\/\">Zahn\u00e4rztin<\/a><\/span> \/ <\/span><span style=\"color: #000000\"><a style=\"color: #000000\" href=\"https:\/\/wordpress.nibis.de\/gslinden\/zeugnisse\/\"><span style=\"font-family: arial, helvetica, sans-serif\">Zeugnisse<\/span><\/a><\/span><\/p>\n\n\n","protected":false},"excerpt":{"rendered":"<p>Von\u00a0A\u00a0wie\u00a0Anmeldung\u00a0\u00fcber\u00a0M\u00a0wie\u00a0Mittagessen\u00a0bis\u00a0Z\u00a0wie\u00a0Zeugnisse\u00a0\u2013 wir haben alle relevanten Themen f\u00fcr Sie zusammengestellt. Sollten Sie dennoch weitere Fragen haben, steht Ihnen unser Sekretariat gerne pers\u00f6nlich zur Verf\u00fcgung. AAktivit\u00e4ten im Schuljahr \/\u00a0Anmeldung \/ Arbeitsgemeinschaften BBef\u00f6rderung \/ Betreuung \/ Beurlaubungen \/ B\u00fccherschrank DDeutsch als Zweitsprache (DaZ) &hellip; <a href=\"https:\/\/wordpress.nibis.de\/gslinden\/schul-abc-neu\/\">Weiterlesen <span class=\"meta-nav\">&rarr;<\/span><\/a><\/p>\n","protected":false},"author":559,"featured_media":0,"parent":0,"menu_order":0,"comment_status":"closed","ping_status":"closed","template":"","meta":{"footnotes":""},"class_list":["post-3612","page","type-page","status-publish","hentry"],"_links":{"self":[{"href":"https:\/\/wordpress.nibis.de\/gslinden\/wp-json\/wp\/v2\/pages\/3612","targetHints":{"allow":["GET"]}}],"collection":[{"href":"https:\/\/wordpress.nibis.de\/gslinden\/wp-json\/wp\/v2\/pages"}],"about":[{"href":"https:\/\/wordpress.nibis.de\/gslinden\/wp-json\/wp\/v2\/types\/page"}],"author":[{"embeddable":true,"href":"https:\/\/wordpress.nibis.de\/gslinden\/wp-json\/wp\/v2\/users\/559"}],"replies":[{"embeddable":true,"href":"https:\/\/wordpress.nibis.de\/gslinden\/wp-json\/wp\/v2\/comments?post=3612"}],"version-history":[{"count":29,"href":"https:\/\/wordpress.nibis.de\/gslinden\/wp-json\/wp\/v2\/pages\/3612\/revisions"}],"predecessor-version":[{"id":3950,"href":"https:\/\/wordpress.nibis.de\/gslinden\/wp-json\/wp\/v2\/pages\/3612\/revisions\/3950"}],"wp:attachment":[{"href":"https:\/\/wordpress.nibis.de\/gslinden\/wp-json\/wp\/v2\/media?parent=3612"}],"curies":[{"name":"wp","href":"https:\/\/api.w.org\/{rel}","templated":true}]}}