{"id":3635,"date":"2026-03-05T12:10:15","date_gmt":"2026-03-05T11:10:15","guid":{"rendered":"https:\/\/wordpress.nibis.de\/gslinden\/?page_id=3635"},"modified":"2026-03-05T12:10:15","modified_gmt":"2026-03-05T11:10:15","slug":"buecherschrank","status":"publish","type":"page","link":"https:\/\/wordpress.nibis.de\/gslinden\/buecherschrank\/","title":{"rendered":"B\u00fccherschrank"},"content":{"rendered":"\n<p><span style=\"font-family: arial, helvetica, sans-serif\">Im November 2019 wurde unser B\u00fccherschrank auf dem Schulhof eingeweiht. Hier haben Sie die M\u00f6glichkeit, B\u00fccher zu spenden (sortiert nach Altersstufe). Im Gegenzug darf sich nat\u00fcrlich gratis auch ein Buch entnommen werden.<\/span><\/p>\n","protected":false},"excerpt":{"rendered":"<p>Im November 2019 wurde unser B\u00fccherschrank auf dem Schulhof eingeweiht. Hier haben Sie die M\u00f6glichkeit, B\u00fccher zu spenden (sortiert nach Altersstufe). Im Gegenzug darf sich nat\u00fcrlich gratis auch ein Buch entnommen werden.<\/p>\n","protected":false},"author":559,"featured_media":0,"parent":0,"menu_order":0,"comment_status":"closed","ping_status":"closed","template":"","meta":{"footnotes":""},"class_list":["post-3635","page","type-page","status-publish","hentry"],"_links":{"self":[{"href":"https:\/\/wordpress.nibis.de\/gslinden\/wp-json\/wp\/v2\/pages\/3635","targetHints":{"allow":["GET"]}}],"collection":[{"href":"https:\/\/wordpress.nibis.de\/gslinden\/wp-json\/wp\/v2\/pages"}],"about":[{"href":"https:\/\/wordpress.nibis.de\/gslinden\/wp-json\/wp\/v2\/types\/page"}],"author":[{"embeddable":true,"href":"https:\/\/wordpress.nibis.de\/gslinden\/wp-json\/wp\/v2\/users\/559"}],"replies":[{"embeddable":true,"href":"https:\/\/wordpress.nibis.de\/gslinden\/wp-json\/wp\/v2\/comments?post=3635"}],"version-history":[{"count":1,"href":"https:\/\/wordpress.nibis.de\/gslinden\/wp-json\/wp\/v2\/pages\/3635\/revisions"}],"predecessor-version":[{"id":3636,"href":"https:\/\/wordpress.nibis.de\/gslinden\/wp-json\/wp\/v2\/pages\/3635\/revisions\/3636"}],"wp:attachment":[{"href":"https:\/\/wordpress.nibis.de\/gslinden\/wp-json\/wp\/v2\/media?parent=3635"}],"curies":[{"name":"wp","href":"https:\/\/api.w.org\/{rel}","templated":true}]}}