{"id":3639,"date":"2026-03-05T12:11:36","date_gmt":"2026-03-05T11:11:36","guid":{"rendered":"https:\/\/wordpress.nibis.de\/gslinden\/?page_id=3639"},"modified":"2026-03-05T12:11:36","modified_gmt":"2026-03-05T11:11:36","slug":"befoerderung","status":"publish","type":"page","link":"https:\/\/wordpress.nibis.de\/gslinden\/befoerderung\/","title":{"rendered":"Bef\u00f6rderung"},"content":{"rendered":"\n<p><span style=\"font-family: arial, helvetica, sans-serif\">Wohnen Ihre Kinder mehr als 2 km von der Schule entfernt, k\u00f6nnen Sie bei der Stadt Braunschweig das Deutschlandticket (ab Klasse 2) beantragen. Erstkl\u00e4ssler werden in diesem Fall mit dem Taxi bef\u00f6rdert. N\u00e4here Infos erhalten Sie\u00a0<a href=\"https:\/\/www.braunschweig.de\/leben\/schule_bildung\/schulweg\/schuelerbefoerderung\/index.php\">hier<\/a>.\u00a0<\/span><\/p>\n","protected":false},"excerpt":{"rendered":"<p>Wohnen Ihre Kinder mehr als 2 km von der Schule entfernt, k\u00f6nnen Sie bei der Stadt Braunschweig das Deutschlandticket (ab Klasse 2) beantragen. Erstkl\u00e4ssler werden in diesem Fall mit dem Taxi bef\u00f6rdert. N\u00e4here Infos erhalten Sie\u00a0hier.\u00a0<\/p>\n","protected":false},"author":559,"featured_media":0,"parent":0,"menu_order":0,"comment_status":"closed","ping_status":"closed","template":"","meta":{"footnotes":""},"class_list":["post-3639","page","type-page","status-publish","hentry"],"_links":{"self":[{"href":"https:\/\/wordpress.nibis.de\/gslinden\/wp-json\/wp\/v2\/pages\/3639","targetHints":{"allow":["GET"]}}],"collection":[{"href":"https:\/\/wordpress.nibis.de\/gslinden\/wp-json\/wp\/v2\/pages"}],"about":[{"href":"https:\/\/wordpress.nibis.de\/gslinden\/wp-json\/wp\/v2\/types\/page"}],"author":[{"embeddable":true,"href":"https:\/\/wordpress.nibis.de\/gslinden\/wp-json\/wp\/v2\/users\/559"}],"replies":[{"embeddable":true,"href":"https:\/\/wordpress.nibis.de\/gslinden\/wp-json\/wp\/v2\/comments?post=3639"}],"version-history":[{"count":1,"href":"https:\/\/wordpress.nibis.de\/gslinden\/wp-json\/wp\/v2\/pages\/3639\/revisions"}],"predecessor-version":[{"id":3640,"href":"https:\/\/wordpress.nibis.de\/gslinden\/wp-json\/wp\/v2\/pages\/3639\/revisions\/3640"}],"wp:attachment":[{"href":"https:\/\/wordpress.nibis.de\/gslinden\/wp-json\/wp\/v2\/media?parent=3639"}],"curies":[{"name":"wp","href":"https:\/\/api.w.org\/{rel}","templated":true}]}}