{"id":3645,"date":"2026-03-05T12:13:15","date_gmt":"2026-03-05T11:13:15","guid":{"rendered":"https:\/\/wordpress.nibis.de\/gslinden\/?page_id=3645"},"modified":"2026-03-05T12:13:15","modified_gmt":"2026-03-05T11:13:15","slug":"englisch","status":"publish","type":"page","link":"https:\/\/wordpress.nibis.de\/gslinden\/englisch\/","title":{"rendered":"Englisch"},"content":{"rendered":"\n<p><span style=\"font-family: arial, helvetica, sans-serif\">Mit der Einf\u00fchrung der \u201eVerl\u00e4sslichen Grundschule\u201c wurde f\u00fcr alle Sch\u00fcler:innen des dritten und vierten Schuljahres das Fach Englisch eingef\u00fchrt. Es werden zwei Stunden pro Woche erteilt. Anders als im Unterricht der weiterf\u00fchrenden Schulen soll das fr\u00fche Fremdsprachenlernen \u00fcberwiegend m\u00fcndlich, handlungsorientiert und spielerisch-musisch erfolgen. Im dritten Schuljahr bleibt es bewertungsfrei, im vierten Schuljahr erhalten die Kinder Noten.<\/span><\/p>\n","protected":false},"excerpt":{"rendered":"<p>Mit der Einf\u00fchrung der \u201eVerl\u00e4sslichen Grundschule\u201c wurde f\u00fcr alle Sch\u00fcler:innen des dritten und vierten Schuljahres das Fach Englisch eingef\u00fchrt. Es werden zwei Stunden pro Woche erteilt. Anders als im Unterricht der weiterf\u00fchrenden Schulen soll das fr\u00fche Fremdsprachenlernen \u00fcberwiegend m\u00fcndlich, handlungsorientiert &hellip; <a href=\"https:\/\/wordpress.nibis.de\/gslinden\/englisch\/\">Weiterlesen <span class=\"meta-nav\">&rarr;<\/span><\/a><\/p>\n","protected":false},"author":559,"featured_media":0,"parent":0,"menu_order":0,"comment_status":"closed","ping_status":"closed","template":"","meta":{"footnotes":""},"class_list":["post-3645","page","type-page","status-publish","hentry"],"_links":{"self":[{"href":"https:\/\/wordpress.nibis.de\/gslinden\/wp-json\/wp\/v2\/pages\/3645","targetHints":{"allow":["GET"]}}],"collection":[{"href":"https:\/\/wordpress.nibis.de\/gslinden\/wp-json\/wp\/v2\/pages"}],"about":[{"href":"https:\/\/wordpress.nibis.de\/gslinden\/wp-json\/wp\/v2\/types\/page"}],"author":[{"embeddable":true,"href":"https:\/\/wordpress.nibis.de\/gslinden\/wp-json\/wp\/v2\/users\/559"}],"replies":[{"embeddable":true,"href":"https:\/\/wordpress.nibis.de\/gslinden\/wp-json\/wp\/v2\/comments?post=3645"}],"version-history":[{"count":1,"href":"https:\/\/wordpress.nibis.de\/gslinden\/wp-json\/wp\/v2\/pages\/3645\/revisions"}],"predecessor-version":[{"id":3646,"href":"https:\/\/wordpress.nibis.de\/gslinden\/wp-json\/wp\/v2\/pages\/3645\/revisions\/3646"}],"wp:attachment":[{"href":"https:\/\/wordpress.nibis.de\/gslinden\/wp-json\/wp\/v2\/media?parent=3645"}],"curies":[{"name":"wp","href":"https:\/\/api.w.org\/{rel}","templated":true}]}}