{"id":3649,"date":"2026-03-05T12:14:03","date_gmt":"2026-03-05T11:14:03","guid":{"rendered":"https:\/\/wordpress.nibis.de\/gslinden\/?page_id=3649"},"modified":"2026-03-05T12:14:03","modified_gmt":"2026-03-05T11:14:03","slug":"elternarbeit","status":"publish","type":"page","link":"https:\/\/wordpress.nibis.de\/gslinden\/elternarbeit\/","title":{"rendered":"Elternarbeit"},"content":{"rendered":"\n<p><span style=\"font-family: arial, helvetica, sans-serif\">Schule und Eltern tragen eine gemeinsame Erziehungsverantwortung. F\u00fcr die Schule ist es sehr bereichernd, wenn sich Eltern mit in den Schulalltag einbringen. Es gibt vielf\u00e4ltige M\u00f6glichkeiten, sich einzubringen: Elternsprechtage, Mitwirkung bei Festen und Sportveranstaltungen, Unterst\u00fctzung bei Arbeitsgemeinschaften\/Projektwochen, gemeinsame Arbeit in Fachkonferenzen\/Schulvorstand oder als Elternvertretung.<\/span><\/p>\n","protected":false},"excerpt":{"rendered":"<p>Schule und Eltern tragen eine gemeinsame Erziehungsverantwortung. F\u00fcr die Schule ist es sehr bereichernd, wenn sich Eltern mit in den Schulalltag einbringen. Es gibt vielf\u00e4ltige M\u00f6glichkeiten, sich einzubringen: Elternsprechtage, Mitwirkung bei Festen und Sportveranstaltungen, Unterst\u00fctzung bei Arbeitsgemeinschaften\/Projektwochen, gemeinsame Arbeit in &hellip; <a href=\"https:\/\/wordpress.nibis.de\/gslinden\/elternarbeit\/\">Weiterlesen <span class=\"meta-nav\">&rarr;<\/span><\/a><\/p>\n","protected":false},"author":559,"featured_media":0,"parent":0,"menu_order":0,"comment_status":"closed","ping_status":"closed","template":"","meta":{"footnotes":""},"class_list":["post-3649","page","type-page","status-publish","hentry"],"_links":{"self":[{"href":"https:\/\/wordpress.nibis.de\/gslinden\/wp-json\/wp\/v2\/pages\/3649","targetHints":{"allow":["GET"]}}],"collection":[{"href":"https:\/\/wordpress.nibis.de\/gslinden\/wp-json\/wp\/v2\/pages"}],"about":[{"href":"https:\/\/wordpress.nibis.de\/gslinden\/wp-json\/wp\/v2\/types\/page"}],"author":[{"embeddable":true,"href":"https:\/\/wordpress.nibis.de\/gslinden\/wp-json\/wp\/v2\/users\/559"}],"replies":[{"embeddable":true,"href":"https:\/\/wordpress.nibis.de\/gslinden\/wp-json\/wp\/v2\/comments?post=3649"}],"version-history":[{"count":1,"href":"https:\/\/wordpress.nibis.de\/gslinden\/wp-json\/wp\/v2\/pages\/3649\/revisions"}],"predecessor-version":[{"id":3650,"href":"https:\/\/wordpress.nibis.de\/gslinden\/wp-json\/wp\/v2\/pages\/3649\/revisions\/3650"}],"wp:attachment":[{"href":"https:\/\/wordpress.nibis.de\/gslinden\/wp-json\/wp\/v2\/media?parent=3649"}],"curies":[{"name":"wp","href":"https:\/\/api.w.org\/{rel}","templated":true}]}}