{"id":3655,"date":"2026-03-05T12:15:13","date_gmt":"2026-03-05T11:15:13","guid":{"rendered":"https:\/\/wordpress.nibis.de\/gslinden\/?page_id=3655"},"modified":"2026-03-05T12:15:13","modified_gmt":"2026-03-05T11:15:13","slug":"fahrradausbildung","status":"publish","type":"page","link":"https:\/\/wordpress.nibis.de\/gslinden\/fahrradausbildung\/","title":{"rendered":"Fahrradausbildung"},"content":{"rendered":"\n<p><span style=\"font-family: arial, helvetica, sans-serif\">Die vierten Klassen bereiten sich im Laufe des Schuljahres auf die Fahrradpr\u00fcfung vor. Die Kinder absolvieren einen Fahrrad-Geschicklichkeitsparcours und werden bei der praktischen \u00dcbung im Stra\u00dfenverkehr auch von Eltern unterst\u00fctzt. Am Pr\u00fcfungstag kontrolliert die Polizei die Fahrr\u00e4der der Kinder auf Verkehrssicherheit und nimmt die praktische Radfahrpr\u00fcfung ab.\u00a0<\/span><\/p>\n","protected":false},"excerpt":{"rendered":"<p>Die vierten Klassen bereiten sich im Laufe des Schuljahres auf die Fahrradpr\u00fcfung vor. Die Kinder absolvieren einen Fahrrad-Geschicklichkeitsparcours und werden bei der praktischen \u00dcbung im Stra\u00dfenverkehr auch von Eltern unterst\u00fctzt. Am Pr\u00fcfungstag kontrolliert die Polizei die Fahrr\u00e4der der Kinder auf &hellip; <a href=\"https:\/\/wordpress.nibis.de\/gslinden\/fahrradausbildung\/\">Weiterlesen <span class=\"meta-nav\">&rarr;<\/span><\/a><\/p>\n","protected":false},"author":559,"featured_media":0,"parent":0,"menu_order":0,"comment_status":"closed","ping_status":"closed","template":"","meta":{"footnotes":""},"class_list":["post-3655","page","type-page","status-publish","hentry"],"_links":{"self":[{"href":"https:\/\/wordpress.nibis.de\/gslinden\/wp-json\/wp\/v2\/pages\/3655","targetHints":{"allow":["GET"]}}],"collection":[{"href":"https:\/\/wordpress.nibis.de\/gslinden\/wp-json\/wp\/v2\/pages"}],"about":[{"href":"https:\/\/wordpress.nibis.de\/gslinden\/wp-json\/wp\/v2\/types\/page"}],"author":[{"embeddable":true,"href":"https:\/\/wordpress.nibis.de\/gslinden\/wp-json\/wp\/v2\/users\/559"}],"replies":[{"embeddable":true,"href":"https:\/\/wordpress.nibis.de\/gslinden\/wp-json\/wp\/v2\/comments?post=3655"}],"version-history":[{"count":1,"href":"https:\/\/wordpress.nibis.de\/gslinden\/wp-json\/wp\/v2\/pages\/3655\/revisions"}],"predecessor-version":[{"id":3656,"href":"https:\/\/wordpress.nibis.de\/gslinden\/wp-json\/wp\/v2\/pages\/3655\/revisions\/3656"}],"wp:attachment":[{"href":"https:\/\/wordpress.nibis.de\/gslinden\/wp-json\/wp\/v2\/media?parent=3655"}],"curies":[{"name":"wp","href":"https:\/\/api.w.org\/{rel}","templated":true}]}}