{"id":3657,"date":"2026-03-05T12:15:30","date_gmt":"2026-03-05T11:15:30","guid":{"rendered":"https:\/\/wordpress.nibis.de\/gslinden\/?page_id=3657"},"modified":"2026-03-05T12:15:30","modified_gmt":"2026-03-05T11:15:30","slug":"foerderverein-2","status":"publish","type":"page","link":"https:\/\/wordpress.nibis.de\/gslinden\/foerderverein-2\/","title":{"rendered":"F\u00f6rderverein"},"content":{"rendered":"\n<p><span style=\"font-family: arial, helvetica, sans-serif\">An unserer Schule gibt es einen F\u00f6rderverein. Zweck des Vereins ist die ideelle und materielle Unterst\u00fctzung unserer Schule. Es werden alle Eltern, dem Verein beizutreten. Der Jahresbeitrag betr\u00e4gt mindestens 12,00 Euro. Spenden sind willkommen (k\u00f6nnen steuerlich abgesetzt werden). Weitere Infos erhalten\u00a0Sie\u00a0<a href=\"https:\/\/wordpress.nibis.de\/gslinden\/foerderverein\/\">hier<\/a>.<\/span><\/p>\n","protected":false},"excerpt":{"rendered":"<p>An unserer Schule gibt es einen F\u00f6rderverein. Zweck des Vereins ist die ideelle und materielle Unterst\u00fctzung unserer Schule. Es werden alle Eltern, dem Verein beizutreten. Der Jahresbeitrag betr\u00e4gt mindestens 12,00 Euro. Spenden sind willkommen (k\u00f6nnen steuerlich abgesetzt werden). Weitere Infos &hellip; <a href=\"https:\/\/wordpress.nibis.de\/gslinden\/foerderverein-2\/\">Weiterlesen <span class=\"meta-nav\">&rarr;<\/span><\/a><\/p>\n","protected":false},"author":559,"featured_media":0,"parent":0,"menu_order":0,"comment_status":"closed","ping_status":"closed","template":"","meta":{"footnotes":""},"class_list":["post-3657","page","type-page","status-publish","hentry"],"_links":{"self":[{"href":"https:\/\/wordpress.nibis.de\/gslinden\/wp-json\/wp\/v2\/pages\/3657","targetHints":{"allow":["GET"]}}],"collection":[{"href":"https:\/\/wordpress.nibis.de\/gslinden\/wp-json\/wp\/v2\/pages"}],"about":[{"href":"https:\/\/wordpress.nibis.de\/gslinden\/wp-json\/wp\/v2\/types\/page"}],"author":[{"embeddable":true,"href":"https:\/\/wordpress.nibis.de\/gslinden\/wp-json\/wp\/v2\/users\/559"}],"replies":[{"embeddable":true,"href":"https:\/\/wordpress.nibis.de\/gslinden\/wp-json\/wp\/v2\/comments?post=3657"}],"version-history":[{"count":1,"href":"https:\/\/wordpress.nibis.de\/gslinden\/wp-json\/wp\/v2\/pages\/3657\/revisions"}],"predecessor-version":[{"id":3658,"href":"https:\/\/wordpress.nibis.de\/gslinden\/wp-json\/wp\/v2\/pages\/3657\/revisions\/3658"}],"wp:attachment":[{"href":"https:\/\/wordpress.nibis.de\/gslinden\/wp-json\/wp\/v2\/media?parent=3657"}],"curies":[{"name":"wp","href":"https:\/\/api.w.org\/{rel}","templated":true}]}}