{"id":3677,"date":"2026-03-05T12:30:41","date_gmt":"2026-03-05T11:30:41","guid":{"rendered":"https:\/\/wordpress.nibis.de\/gslinden\/?page_id=3677"},"modified":"2026-03-05T12:30:41","modified_gmt":"2026-03-05T11:30:41","slug":"regenpausen","status":"publish","type":"page","link":"https:\/\/wordpress.nibis.de\/gslinden\/regenpausen\/","title":{"rendered":"Regenpausen"},"content":{"rendered":"\n<p><span style=\"font-family: arial, helvetica, sans-serif\">Bei extrem schlechten Witterungsbedingungen wird \u201eRegenpause\u201c gel\u00e4utet. Die Kinder haben die M\u00f6glichkeit, in den Klassenr\u00e4umen zu spielen.<\/span><\/p>\n","protected":false},"excerpt":{"rendered":"<p>Bei extrem schlechten Witterungsbedingungen wird \u201eRegenpause\u201c gel\u00e4utet. Die Kinder haben die M\u00f6glichkeit, in den Klassenr\u00e4umen zu spielen.<\/p>\n","protected":false},"author":559,"featured_media":0,"parent":0,"menu_order":0,"comment_status":"closed","ping_status":"closed","template":"","meta":{"footnotes":""},"class_list":["post-3677","page","type-page","status-publish","hentry"],"_links":{"self":[{"href":"https:\/\/wordpress.nibis.de\/gslinden\/wp-json\/wp\/v2\/pages\/3677","targetHints":{"allow":["GET"]}}],"collection":[{"href":"https:\/\/wordpress.nibis.de\/gslinden\/wp-json\/wp\/v2\/pages"}],"about":[{"href":"https:\/\/wordpress.nibis.de\/gslinden\/wp-json\/wp\/v2\/types\/page"}],"author":[{"embeddable":true,"href":"https:\/\/wordpress.nibis.de\/gslinden\/wp-json\/wp\/v2\/users\/559"}],"replies":[{"embeddable":true,"href":"https:\/\/wordpress.nibis.de\/gslinden\/wp-json\/wp\/v2\/comments?post=3677"}],"version-history":[{"count":1,"href":"https:\/\/wordpress.nibis.de\/gslinden\/wp-json\/wp\/v2\/pages\/3677\/revisions"}],"predecessor-version":[{"id":3678,"href":"https:\/\/wordpress.nibis.de\/gslinden\/wp-json\/wp\/v2\/pages\/3677\/revisions\/3678"}],"wp:attachment":[{"href":"https:\/\/wordpress.nibis.de\/gslinden\/wp-json\/wp\/v2\/media?parent=3677"}],"curies":[{"name":"wp","href":"https:\/\/api.w.org\/{rel}","templated":true}]}}