{"id":3689,"date":"2026-03-05T12:34:31","date_gmt":"2026-03-05T11:34:31","guid":{"rendered":"https:\/\/wordpress.nibis.de\/gslinden\/?page_id=3689"},"modified":"2026-03-05T12:34:31","modified_gmt":"2026-03-05T11:34:31","slug":"pausen","status":"publish","type":"page","link":"https:\/\/wordpress.nibis.de\/gslinden\/pausen\/","title":{"rendered":"Pausen"},"content":{"rendered":"\n<p><span style=\"font-family: arial, helvetica, sans-serif\">Fr\u00fchst\u00fcckspause: 09:35 Uhr bis 09:45 Uhr<\/span><br \/><span style=\"font-family: arial, helvetica, sans-serif\">1. Gro\u00dfe Pause: 09:45 Uhr bis 10:15 Uhr<\/span><br \/><span style=\"font-family: arial, helvetica, sans-serif\">2. Gro\u00dfe Pause: 11:50 Uhr bis 12:15 Uhr<\/span><\/p>\n","protected":false},"excerpt":{"rendered":"<p>Fr\u00fchst\u00fcckspause: 09:35 Uhr bis 09:45 Uhr1. Gro\u00dfe Pause: 09:45 Uhr bis 10:15 Uhr2. Gro\u00dfe Pause: 11:50 Uhr bis 12:15 Uhr<\/p>\n","protected":false},"author":559,"featured_media":0,"parent":0,"menu_order":0,"comment_status":"closed","ping_status":"closed","template":"","meta":{"footnotes":""},"class_list":["post-3689","page","type-page","status-publish","hentry"],"_links":{"self":[{"href":"https:\/\/wordpress.nibis.de\/gslinden\/wp-json\/wp\/v2\/pages\/3689","targetHints":{"allow":["GET"]}}],"collection":[{"href":"https:\/\/wordpress.nibis.de\/gslinden\/wp-json\/wp\/v2\/pages"}],"about":[{"href":"https:\/\/wordpress.nibis.de\/gslinden\/wp-json\/wp\/v2\/types\/page"}],"author":[{"embeddable":true,"href":"https:\/\/wordpress.nibis.de\/gslinden\/wp-json\/wp\/v2\/users\/559"}],"replies":[{"embeddable":true,"href":"https:\/\/wordpress.nibis.de\/gslinden\/wp-json\/wp\/v2\/comments?post=3689"}],"version-history":[{"count":1,"href":"https:\/\/wordpress.nibis.de\/gslinden\/wp-json\/wp\/v2\/pages\/3689\/revisions"}],"predecessor-version":[{"id":3690,"href":"https:\/\/wordpress.nibis.de\/gslinden\/wp-json\/wp\/v2\/pages\/3689\/revisions\/3690"}],"wp:attachment":[{"href":"https:\/\/wordpress.nibis.de\/gslinden\/wp-json\/wp\/v2\/media?parent=3689"}],"curies":[{"name":"wp","href":"https:\/\/api.w.org\/{rel}","templated":true}]}}