{"id":3693,"date":"2026-03-05T12:35:35","date_gmt":"2026-03-05T11:35:35","guid":{"rendered":"https:\/\/wordpress.nibis.de\/gslinden\/?page_id=3693"},"modified":"2026-03-05T12:35:35","modified_gmt":"2026-03-05T11:35:35","slug":"paedagogische-mitarbeiterinnen","status":"publish","type":"page","link":"https:\/\/wordpress.nibis.de\/gslinden\/paedagogische-mitarbeiterinnen\/","title":{"rendered":"P\u00e4dagogische Mitarbeiter:innen"},"content":{"rendered":"\n<p><span style=\"font-family: arial, helvetica, sans-serif\">Zurzeit sind vier p\u00e4dagogische Mitarbeiterinnen an der Schule besch\u00e4ftigt. In den ersten und zweiten Klassen werden sie f\u00fcr die Durchf\u00fchrung des unterrichtserg\u00e4nzenden Angebots eingesetzt. Dar\u00fcber hinaus beaufsichtigen sie im Rahmen unsers Vertretungskonzeptes Klassen, deren Lehrkr\u00e4fte fehlen.<\/span><\/p>\n","protected":false},"excerpt":{"rendered":"<p>Zurzeit sind vier p\u00e4dagogische Mitarbeiterinnen an der Schule besch\u00e4ftigt. In den ersten und zweiten Klassen werden sie f\u00fcr die Durchf\u00fchrung des unterrichtserg\u00e4nzenden Angebots eingesetzt. Dar\u00fcber hinaus beaufsichtigen sie im Rahmen unsers Vertretungskonzeptes Klassen, deren Lehrkr\u00e4fte fehlen.<\/p>\n","protected":false},"author":559,"featured_media":0,"parent":0,"menu_order":0,"comment_status":"closed","ping_status":"closed","template":"","meta":{"footnotes":""},"class_list":["post-3693","page","type-page","status-publish","hentry"],"_links":{"self":[{"href":"https:\/\/wordpress.nibis.de\/gslinden\/wp-json\/wp\/v2\/pages\/3693","targetHints":{"allow":["GET"]}}],"collection":[{"href":"https:\/\/wordpress.nibis.de\/gslinden\/wp-json\/wp\/v2\/pages"}],"about":[{"href":"https:\/\/wordpress.nibis.de\/gslinden\/wp-json\/wp\/v2\/types\/page"}],"author":[{"embeddable":true,"href":"https:\/\/wordpress.nibis.de\/gslinden\/wp-json\/wp\/v2\/users\/559"}],"replies":[{"embeddable":true,"href":"https:\/\/wordpress.nibis.de\/gslinden\/wp-json\/wp\/v2\/comments?post=3693"}],"version-history":[{"count":1,"href":"https:\/\/wordpress.nibis.de\/gslinden\/wp-json\/wp\/v2\/pages\/3693\/revisions"}],"predecessor-version":[{"id":3694,"href":"https:\/\/wordpress.nibis.de\/gslinden\/wp-json\/wp\/v2\/pages\/3693\/revisions\/3694"}],"wp:attachment":[{"href":"https:\/\/wordpress.nibis.de\/gslinden\/wp-json\/wp\/v2\/media?parent=3693"}],"curies":[{"name":"wp","href":"https:\/\/api.w.org\/{rel}","templated":true}]}}