{"id":3695,"date":"2026-03-05T12:36:26","date_gmt":"2026-03-05T11:36:26","guid":{"rendered":"https:\/\/wordpress.nibis.de\/gslinden\/?page_id=3695"},"modified":"2026-03-05T12:36:26","modified_gmt":"2026-03-05T11:36:26","slug":"krankmeldungen","status":"publish","type":"page","link":"https:\/\/wordpress.nibis.de\/gslinden\/krankmeldungen\/","title":{"rendered":"Krankmeldungen"},"content":{"rendered":"\n<p><span style=\"font-family: arial, helvetica, sans-serif\">Sollte Ihr Kind wegen Krankheit nicht am Unterricht teilnehmen k\u00f6nnen, geben Sie bitte der Schule m\u00f6glichst telefonisch (Anrufbeantworter ist geschaltet) bis 07:50 Uhr Bescheid. Die Fehltage werden im Zeugnis vermerkt \u2013 sowohl die entschuldigten als auch die unentschuldigten. Bei unentschuldigtem Fehlen verletzen Sie als Erziehungsberechtigte die Schulpflicht und m\u00fcssen deshalb u. U. mit einem Bu\u00dfgeldverfahren rechnen. Sollte Ihr Kind h\u00e4ufiger krank sein, beh\u00e4lt sich die Schulleitung die Vorlage eines \u00e4rztlichen Attestes vor.<\/span><\/p>\n","protected":false},"excerpt":{"rendered":"<p>Sollte Ihr Kind wegen Krankheit nicht am Unterricht teilnehmen k\u00f6nnen, geben Sie bitte der Schule m\u00f6glichst telefonisch (Anrufbeantworter ist geschaltet) bis 07:50 Uhr Bescheid. Die Fehltage werden im Zeugnis vermerkt \u2013 sowohl die entschuldigten als auch die unentschuldigten. Bei unentschuldigtem &hellip; <a href=\"https:\/\/wordpress.nibis.de\/gslinden\/krankmeldungen\/\">Weiterlesen <span class=\"meta-nav\">&rarr;<\/span><\/a><\/p>\n","protected":false},"author":559,"featured_media":0,"parent":0,"menu_order":0,"comment_status":"closed","ping_status":"closed","template":"","meta":{"footnotes":""},"class_list":["post-3695","page","type-page","status-publish","hentry"],"_links":{"self":[{"href":"https:\/\/wordpress.nibis.de\/gslinden\/wp-json\/wp\/v2\/pages\/3695","targetHints":{"allow":["GET"]}}],"collection":[{"href":"https:\/\/wordpress.nibis.de\/gslinden\/wp-json\/wp\/v2\/pages"}],"about":[{"href":"https:\/\/wordpress.nibis.de\/gslinden\/wp-json\/wp\/v2\/types\/page"}],"author":[{"embeddable":true,"href":"https:\/\/wordpress.nibis.de\/gslinden\/wp-json\/wp\/v2\/users\/559"}],"replies":[{"embeddable":true,"href":"https:\/\/wordpress.nibis.de\/gslinden\/wp-json\/wp\/v2\/comments?post=3695"}],"version-history":[{"count":1,"href":"https:\/\/wordpress.nibis.de\/gslinden\/wp-json\/wp\/v2\/pages\/3695\/revisions"}],"predecessor-version":[{"id":3696,"href":"https:\/\/wordpress.nibis.de\/gslinden\/wp-json\/wp\/v2\/pages\/3695\/revisions\/3696"}],"wp:attachment":[{"href":"https:\/\/wordpress.nibis.de\/gslinden\/wp-json\/wp\/v2\/media?parent=3695"}],"curies":[{"name":"wp","href":"https:\/\/api.w.org\/{rel}","templated":true}]}}