{"id":3697,"date":"2026-03-05T12:36:45","date_gmt":"2026-03-05T11:36:45","guid":{"rendered":"https:\/\/wordpress.nibis.de\/gslinden\/?page_id=3697"},"modified":"2026-03-05T12:36:45","modified_gmt":"2026-03-05T11:36:45","slug":"klassenlehrkraft","status":"publish","type":"page","link":"https:\/\/wordpress.nibis.de\/gslinden\/klassenlehrkraft\/","title":{"rendered":"Klassenlehrkraft"},"content":{"rendered":"\n<p><span style=\"font-family: arial, helvetica, sans-serif\">Die Klassenlehrkraft ist die haupts\u00e4chliche Bezugsperson f\u00fcr Ihr Kind und Sie als Eltern. Sie unterrichtet deshalb auch die meisten Stunden und koordiniert alle Angelegenheiten, die die Klasse betreffen. Durch das Kultusministerium ist es verpflichtend, dass eine weitere Fachlehrkraft ein Hauptfach (Deutsch, Mathematik, Sachunterricht) unterrichten muss. Somit ist gew\u00e4hrleistet, dass beim \u00dcbergang zu den weiterf\u00fchrenden Schulen mehrere Lehrkr\u00e4fte eine abgestimmte Empfehlung aussprechen.<\/span><\/p>\n","protected":false},"excerpt":{"rendered":"<p>Die Klassenlehrkraft ist die haupts\u00e4chliche Bezugsperson f\u00fcr Ihr Kind und Sie als Eltern. Sie unterrichtet deshalb auch die meisten Stunden und koordiniert alle Angelegenheiten, die die Klasse betreffen. Durch das Kultusministerium ist es verpflichtend, dass eine weitere Fachlehrkraft ein Hauptfach &hellip; <a href=\"https:\/\/wordpress.nibis.de\/gslinden\/klassenlehrkraft\/\">Weiterlesen <span class=\"meta-nav\">&rarr;<\/span><\/a><\/p>\n","protected":false},"author":559,"featured_media":0,"parent":0,"menu_order":0,"comment_status":"closed","ping_status":"closed","template":"","meta":{"footnotes":""},"class_list":["post-3697","page","type-page","status-publish","hentry"],"_links":{"self":[{"href":"https:\/\/wordpress.nibis.de\/gslinden\/wp-json\/wp\/v2\/pages\/3697","targetHints":{"allow":["GET"]}}],"collection":[{"href":"https:\/\/wordpress.nibis.de\/gslinden\/wp-json\/wp\/v2\/pages"}],"about":[{"href":"https:\/\/wordpress.nibis.de\/gslinden\/wp-json\/wp\/v2\/types\/page"}],"author":[{"embeddable":true,"href":"https:\/\/wordpress.nibis.de\/gslinden\/wp-json\/wp\/v2\/users\/559"}],"replies":[{"embeddable":true,"href":"https:\/\/wordpress.nibis.de\/gslinden\/wp-json\/wp\/v2\/comments?post=3697"}],"version-history":[{"count":1,"href":"https:\/\/wordpress.nibis.de\/gslinden\/wp-json\/wp\/v2\/pages\/3697\/revisions"}],"predecessor-version":[{"id":3698,"href":"https:\/\/wordpress.nibis.de\/gslinden\/wp-json\/wp\/v2\/pages\/3697\/revisions\/3698"}],"wp:attachment":[{"href":"https:\/\/wordpress.nibis.de\/gslinden\/wp-json\/wp\/v2\/media?parent=3697"}],"curies":[{"name":"wp","href":"https:\/\/api.w.org\/{rel}","templated":true}]}}