{"id":3699,"date":"2026-03-05T12:37:08","date_gmt":"2026-03-05T11:37:08","guid":{"rendered":"https:\/\/wordpress.nibis.de\/gslinden\/?page_id=3699"},"modified":"2026-03-05T12:37:08","modified_gmt":"2026-03-05T11:37:08","slug":"karneval","status":"publish","type":"page","link":"https:\/\/wordpress.nibis.de\/gslinden\/karneval\/","title":{"rendered":"Karneval"},"content":{"rendered":"\n<p><span style=\"font-family: arial, helvetica, sans-serif\">Am Rosenmontag findet eine Feier der gesamten Schule statt, die in Kost\u00fcmierung in den Klassenr\u00e4umen, der Turnhalle und dem Theaterraum durchgef\u00fchrt wird. Eine Polon\u00e4se durch die Schule darf nat\u00fcrlich dabei nicht fehlen\u00a0<img decoding=\"async\" class=\"emoji\" role=\"img\" src=\"https:\/\/s.w.org\/images\/core\/emoji\/17.0.2\/svg\/1f642.svg\" alt=\"\ud83d\ude42\" \/><\/span><\/p>\n","protected":false},"excerpt":{"rendered":"<p>Am Rosenmontag findet eine Feier der gesamten Schule statt, die in Kost\u00fcmierung in den Klassenr\u00e4umen, der Turnhalle und dem Theaterraum durchgef\u00fchrt wird. Eine Polon\u00e4se durch die Schule darf nat\u00fcrlich dabei nicht fehlen\u00a0<\/p>\n","protected":false},"author":559,"featured_media":0,"parent":0,"menu_order":0,"comment_status":"closed","ping_status":"closed","template":"","meta":{"footnotes":""},"class_list":["post-3699","page","type-page","status-publish","hentry"],"_links":{"self":[{"href":"https:\/\/wordpress.nibis.de\/gslinden\/wp-json\/wp\/v2\/pages\/3699","targetHints":{"allow":["GET"]}}],"collection":[{"href":"https:\/\/wordpress.nibis.de\/gslinden\/wp-json\/wp\/v2\/pages"}],"about":[{"href":"https:\/\/wordpress.nibis.de\/gslinden\/wp-json\/wp\/v2\/types\/page"}],"author":[{"embeddable":true,"href":"https:\/\/wordpress.nibis.de\/gslinden\/wp-json\/wp\/v2\/users\/559"}],"replies":[{"embeddable":true,"href":"https:\/\/wordpress.nibis.de\/gslinden\/wp-json\/wp\/v2\/comments?post=3699"}],"version-history":[{"count":1,"href":"https:\/\/wordpress.nibis.de\/gslinden\/wp-json\/wp\/v2\/pages\/3699\/revisions"}],"predecessor-version":[{"id":3700,"href":"https:\/\/wordpress.nibis.de\/gslinden\/wp-json\/wp\/v2\/pages\/3699\/revisions\/3700"}],"wp:attachment":[{"href":"https:\/\/wordpress.nibis.de\/gslinden\/wp-json\/wp\/v2\/media?parent=3699"}],"curies":[{"name":"wp","href":"https:\/\/api.w.org\/{rel}","templated":true}]}}