{"id":3703,"date":"2026-03-05T12:38:10","date_gmt":"2026-03-05T11:38:10","guid":{"rendered":"https:\/\/wordpress.nibis.de\/gslinden\/?page_id=3703"},"modified":"2026-03-05T12:38:10","modified_gmt":"2026-03-05T11:38:10","slug":"gewaltpraevention","status":"publish","type":"page","link":"https:\/\/wordpress.nibis.de\/gslinden\/gewaltpraevention\/","title":{"rendered":"Gewaltpr\u00e4vention"},"content":{"rendered":"\n<p><span style=\"font-family: arial, helvetica, sans-serif\">In allen Klassen der Grundschule Lindenberg werden Unterrichtseinheiten zur Gewaltpr\u00e4vention durchgef\u00fchrt. Die Kinder lernen u. a. Konflikten besser zu begegnen und eigenst\u00e4ndig L\u00f6sungen in brenzligen Situationen zu entwickeln. Weiterhin wird der richtige Umgang miteinander, die Wertsch\u00e4tzung des anderen und das Einsch\u00e4tzen eigener Gef\u00fchlslagen gef\u00f6rdert.<\/span><\/p>\n","protected":false},"excerpt":{"rendered":"<p>In allen Klassen der Grundschule Lindenberg werden Unterrichtseinheiten zur Gewaltpr\u00e4vention durchgef\u00fchrt. Die Kinder lernen u. a. Konflikten besser zu begegnen und eigenst\u00e4ndig L\u00f6sungen in brenzligen Situationen zu entwickeln. Weiterhin wird der richtige Umgang miteinander, die Wertsch\u00e4tzung des anderen und das &hellip; <a href=\"https:\/\/wordpress.nibis.de\/gslinden\/gewaltpraevention\/\">Weiterlesen <span class=\"meta-nav\">&rarr;<\/span><\/a><\/p>\n","protected":false},"author":559,"featured_media":0,"parent":0,"menu_order":0,"comment_status":"closed","ping_status":"closed","template":"","meta":{"footnotes":""},"class_list":["post-3703","page","type-page","status-publish","hentry"],"_links":{"self":[{"href":"https:\/\/wordpress.nibis.de\/gslinden\/wp-json\/wp\/v2\/pages\/3703","targetHints":{"allow":["GET"]}}],"collection":[{"href":"https:\/\/wordpress.nibis.de\/gslinden\/wp-json\/wp\/v2\/pages"}],"about":[{"href":"https:\/\/wordpress.nibis.de\/gslinden\/wp-json\/wp\/v2\/types\/page"}],"author":[{"embeddable":true,"href":"https:\/\/wordpress.nibis.de\/gslinden\/wp-json\/wp\/v2\/users\/559"}],"replies":[{"embeddable":true,"href":"https:\/\/wordpress.nibis.de\/gslinden\/wp-json\/wp\/v2\/comments?post=3703"}],"version-history":[{"count":1,"href":"https:\/\/wordpress.nibis.de\/gslinden\/wp-json\/wp\/v2\/pages\/3703\/revisions"}],"predecessor-version":[{"id":3704,"href":"https:\/\/wordpress.nibis.de\/gslinden\/wp-json\/wp\/v2\/pages\/3703\/revisions\/3704"}],"wp:attachment":[{"href":"https:\/\/wordpress.nibis.de\/gslinden\/wp-json\/wp\/v2\/media?parent=3703"}],"curies":[{"name":"wp","href":"https:\/\/api.w.org\/{rel}","templated":true}]}}