{"id":3707,"date":"2026-03-05T12:38:51","date_gmt":"2026-03-05T11:38:51","guid":{"rendered":"https:\/\/wordpress.nibis.de\/gslinden\/?page_id=3707"},"modified":"2026-03-05T12:38:51","modified_gmt":"2026-03-05T11:38:51","slug":"individuelle-lernentwicklung-ile","status":"publish","type":"page","link":"https:\/\/wordpress.nibis.de\/gslinden\/individuelle-lernentwicklung-ile\/","title":{"rendered":"Individuelle Lernentwicklung (ILE)"},"content":{"rendered":"\n<p><span style=\"font-family: arial, helvetica, sans-serif\">In der Grundschule wird f\u00fcr jedes Schulkind die individuelle Lernentwicklung als wichtige Grundlage f\u00fcr die Individualisierung von Lernprozessen dokumentiert. Die Beobachtungsb\u00f6gen werden von der ersten Klasse an gef\u00fchrt. In den sogenannten \u201eF\u00f6rderpl\u00e4nen\u201c wird die Entwicklung eines Kindes im Laufe eines Schuljahres und w\u00e4hrend der Grundschulzeit festgehalten. Bei Defiziten werden die Kinder gef\u00f6rdert, bei besonderen St\u00e4rken \u201egefordert\u201c.<\/span><\/p>\n","protected":false},"excerpt":{"rendered":"<p>In der Grundschule wird f\u00fcr jedes Schulkind die individuelle Lernentwicklung als wichtige Grundlage f\u00fcr die Individualisierung von Lernprozessen dokumentiert. Die Beobachtungsb\u00f6gen werden von der ersten Klasse an gef\u00fchrt. In den sogenannten \u201eF\u00f6rderpl\u00e4nen\u201c wird die Entwicklung eines Kindes im Laufe eines &hellip; <a href=\"https:\/\/wordpress.nibis.de\/gslinden\/individuelle-lernentwicklung-ile\/\">Weiterlesen <span class=\"meta-nav\">&rarr;<\/span><\/a><\/p>\n","protected":false},"author":559,"featured_media":0,"parent":0,"menu_order":0,"comment_status":"closed","ping_status":"closed","template":"","meta":{"footnotes":""},"class_list":["post-3707","page","type-page","status-publish","hentry"],"_links":{"self":[{"href":"https:\/\/wordpress.nibis.de\/gslinden\/wp-json\/wp\/v2\/pages\/3707","targetHints":{"allow":["GET"]}}],"collection":[{"href":"https:\/\/wordpress.nibis.de\/gslinden\/wp-json\/wp\/v2\/pages"}],"about":[{"href":"https:\/\/wordpress.nibis.de\/gslinden\/wp-json\/wp\/v2\/types\/page"}],"author":[{"embeddable":true,"href":"https:\/\/wordpress.nibis.de\/gslinden\/wp-json\/wp\/v2\/users\/559"}],"replies":[{"embeddable":true,"href":"https:\/\/wordpress.nibis.de\/gslinden\/wp-json\/wp\/v2\/comments?post=3707"}],"version-history":[{"count":1,"href":"https:\/\/wordpress.nibis.de\/gslinden\/wp-json\/wp\/v2\/pages\/3707\/revisions"}],"predecessor-version":[{"id":3708,"href":"https:\/\/wordpress.nibis.de\/gslinden\/wp-json\/wp\/v2\/pages\/3707\/revisions\/3708"}],"wp:attachment":[{"href":"https:\/\/wordpress.nibis.de\/gslinden\/wp-json\/wp\/v2\/media?parent=3707"}],"curies":[{"name":"wp","href":"https:\/\/api.w.org\/{rel}","templated":true}]}}