{"id":3731,"date":"2026-03-05T12:51:23","date_gmt":"2026-03-05T11:51:23","guid":{"rendered":"https:\/\/wordpress.nibis.de\/gslinden\/?page_id=3731"},"modified":"2026-03-05T12:51:24","modified_gmt":"2026-03-05T11:51:24","slug":"zahnaerztin","status":"publish","type":"page","link":"https:\/\/wordpress.nibis.de\/gslinden\/zahnaerztin\/","title":{"rendered":"Zahn\u00e4rztin"},"content":{"rendered":"\n<p><span style=\"font-family: arial, helvetica, sans-serif\">Die Schulzahn\u00e4rztin kommt zweimal in jedem Schuljahr in die Klassen zur Untersuchung, Beratung und freiwilligen Fluoridierung der Z\u00e4hne. <\/span><\/p>\n<p><span style=\"font-family: arial, helvetica, sans-serif\">Die Eltern werden von den Lehrkr\u00e4ften \u00fcber den Termin informiert.\u00a0<\/span><\/p>\n<p><span style=\"font-family: arial, helvetica, sans-serif\">F\u00fcr die Fluoridierung wird das Einverst\u00e4ndnis der Eltern abgefragt.<\/span><\/p>\n<p><span style=\"font-family: arial, helvetica, sans-serif\">Die Termine werden vom Gesundheitsamt vorgegeben.\u00a0<\/span><\/p>\n","protected":false},"excerpt":{"rendered":"<p>Die Schulzahn\u00e4rztin kommt zweimal in jedem Schuljahr in die Klassen zur Untersuchung, Beratung und freiwilligen Fluoridierung der Z\u00e4hne. Die Eltern werden von den Lehrkr\u00e4ften \u00fcber den Termin informiert.\u00a0 F\u00fcr die Fluoridierung wird das Einverst\u00e4ndnis der Eltern abgefragt. Die Termine werden &hellip; <a href=\"https:\/\/wordpress.nibis.de\/gslinden\/zahnaerztin\/\">Weiterlesen <span class=\"meta-nav\">&rarr;<\/span><\/a><\/p>\n","protected":false},"author":559,"featured_media":0,"parent":0,"menu_order":0,"comment_status":"closed","ping_status":"closed","template":"","meta":{"footnotes":""},"class_list":["post-3731","page","type-page","status-publish","hentry"],"_links":{"self":[{"href":"https:\/\/wordpress.nibis.de\/gslinden\/wp-json\/wp\/v2\/pages\/3731","targetHints":{"allow":["GET"]}}],"collection":[{"href":"https:\/\/wordpress.nibis.de\/gslinden\/wp-json\/wp\/v2\/pages"}],"about":[{"href":"https:\/\/wordpress.nibis.de\/gslinden\/wp-json\/wp\/v2\/types\/page"}],"author":[{"embeddable":true,"href":"https:\/\/wordpress.nibis.de\/gslinden\/wp-json\/wp\/v2\/users\/559"}],"replies":[{"embeddable":true,"href":"https:\/\/wordpress.nibis.de\/gslinden\/wp-json\/wp\/v2\/comments?post=3731"}],"version-history":[{"count":1,"href":"https:\/\/wordpress.nibis.de\/gslinden\/wp-json\/wp\/v2\/pages\/3731\/revisions"}],"predecessor-version":[{"id":3732,"href":"https:\/\/wordpress.nibis.de\/gslinden\/wp-json\/wp\/v2\/pages\/3731\/revisions\/3732"}],"wp:attachment":[{"href":"https:\/\/wordpress.nibis.de\/gslinden\/wp-json\/wp\/v2\/media?parent=3731"}],"curies":[{"name":"wp","href":"https:\/\/api.w.org\/{rel}","templated":true}]}}