{"id":3736,"date":"2026-03-05T12:59:53","date_gmt":"2026-03-05T11:59:53","guid":{"rendered":"https:\/\/wordpress.nibis.de\/gslinden\/?page_id=3736"},"modified":"2026-03-05T12:59:53","modified_gmt":"2026-03-05T11:59:53","slug":"iserv","status":"publish","type":"page","link":"https:\/\/wordpress.nibis.de\/gslinden\/iserv\/","title":{"rendered":"IServ"},"content":{"rendered":"\n<p>Die Kommunikation zwischen Elternhaus und Schule erfolgt ausschlie\u00dflich \u00fcber IServ.<\/p>\n<p>Kontrollieren Sie bitte regelm\u00e4\u00dfig Ihre E-Mails.\u00a0<\/p>\n","protected":false},"excerpt":{"rendered":"<p>Die Kommunikation zwischen Elternhaus und Schule erfolgt ausschlie\u00dflich \u00fcber IServ. Kontrollieren Sie bitte regelm\u00e4\u00dfig Ihre E-Mails.\u00a0<\/p>\n","protected":false},"author":559,"featured_media":0,"parent":0,"menu_order":0,"comment_status":"closed","ping_status":"closed","template":"","meta":{"footnotes":""},"class_list":["post-3736","page","type-page","status-publish","hentry"],"_links":{"self":[{"href":"https:\/\/wordpress.nibis.de\/gslinden\/wp-json\/wp\/v2\/pages\/3736","targetHints":{"allow":["GET"]}}],"collection":[{"href":"https:\/\/wordpress.nibis.de\/gslinden\/wp-json\/wp\/v2\/pages"}],"about":[{"href":"https:\/\/wordpress.nibis.de\/gslinden\/wp-json\/wp\/v2\/types\/page"}],"author":[{"embeddable":true,"href":"https:\/\/wordpress.nibis.de\/gslinden\/wp-json\/wp\/v2\/users\/559"}],"replies":[{"embeddable":true,"href":"https:\/\/wordpress.nibis.de\/gslinden\/wp-json\/wp\/v2\/comments?post=3736"}],"version-history":[{"count":1,"href":"https:\/\/wordpress.nibis.de\/gslinden\/wp-json\/wp\/v2\/pages\/3736\/revisions"}],"predecessor-version":[{"id":3737,"href":"https:\/\/wordpress.nibis.de\/gslinden\/wp-json\/wp\/v2\/pages\/3736\/revisions\/3737"}],"wp:attachment":[{"href":"https:\/\/wordpress.nibis.de\/gslinden\/wp-json\/wp\/v2\/media?parent=3736"}],"curies":[{"name":"wp","href":"https:\/\/api.w.org\/{rel}","templated":true}]}}