{"id":3748,"date":"2026-03-05T13:35:02","date_gmt":"2026-03-05T12:35:02","guid":{"rendered":"https:\/\/wordpress.nibis.de\/gslinden\/?page_id=3748"},"modified":"2026-03-05T13:35:02","modified_gmt":"2026-03-05T12:35:02","slug":"schulausfall-witterungsbedingt","status":"publish","type":"page","link":"https:\/\/wordpress.nibis.de\/gslinden\/schulausfall-witterungsbedingt\/","title":{"rendered":"Schulausfall (witterungsbedingt)"},"content":{"rendered":"\n<p><span style=\"font-family: arial, helvetica, sans-serif\">Die Entscheidung, ob Unterricht stattfindet oder nicht, trifft die Stadt Braunschweig in der Regel erst am fr\u00fchen Morgen des jeweiligen Schultages. <\/span><\/p>\n<p><span style=\"font-family: arial, helvetica, sans-serif\">Genaue Informationen werden \u00fcber Rundfunksender (NDR, ffn &#8230;) zusammen mit den Verkehrshinweisen und das Internet (<span style=\"color: #000000\"><a style=\"color: #000000\" href=\"https:\/\/www.vmz-niedersachsen.de\/schulausfall\/\">Verkehrsmanagementzentrale<\/a><\/span>) bekannt gegeben.<\/span><\/p>\n<p><span style=\"font-family: arial, helvetica, sans-serif\">Grunds\u00e4tzlich gilt, dass Erziehungsberechtigte von Sch\u00fcler:innen im Primarbereich und im Sekundarbereich I, die eine unzumutbare Gef\u00e4hrdung ihres Kindes auf dem Schulweg durch extreme Witterungsverh\u00e4ltnisse bef\u00fcrchten, ihre Kinder auch dann zu Hause behalten oder vorzeitig vom Unterricht abholen k\u00f6nnen, wenn kein genereller Schulausfall angeordnet worden ist.<\/span><\/p>\n<p><span style=\"font-family: arial, helvetica, sans-serif\">Die Schulen gew\u00e4hrleisten f\u00fcr Sch\u00fcler:innen, die trotz des angeordneten Unterrichtsausfalls zur Schule kommen, die Betreuung.<\/span><\/p>\n","protected":false},"excerpt":{"rendered":"<p>Die Entscheidung, ob Unterricht stattfindet oder nicht, trifft die Stadt Braunschweig in der Regel erst am fr\u00fchen Morgen des jeweiligen Schultages. Genaue Informationen werden \u00fcber Rundfunksender (NDR, ffn &#8230;) zusammen mit den Verkehrshinweisen und das Internet (Verkehrsmanagementzentrale) bekannt gegeben. Grunds\u00e4tzlich &hellip; <a href=\"https:\/\/wordpress.nibis.de\/gslinden\/schulausfall-witterungsbedingt\/\">Weiterlesen <span class=\"meta-nav\">&rarr;<\/span><\/a><\/p>\n","protected":false},"author":559,"featured_media":0,"parent":0,"menu_order":0,"comment_status":"closed","ping_status":"closed","template":"","meta":{"footnotes":""},"class_list":["post-3748","page","type-page","status-publish","hentry"],"_links":{"self":[{"href":"https:\/\/wordpress.nibis.de\/gslinden\/wp-json\/wp\/v2\/pages\/3748","targetHints":{"allow":["GET"]}}],"collection":[{"href":"https:\/\/wordpress.nibis.de\/gslinden\/wp-json\/wp\/v2\/pages"}],"about":[{"href":"https:\/\/wordpress.nibis.de\/gslinden\/wp-json\/wp\/v2\/types\/page"}],"author":[{"embeddable":true,"href":"https:\/\/wordpress.nibis.de\/gslinden\/wp-json\/wp\/v2\/users\/559"}],"replies":[{"embeddable":true,"href":"https:\/\/wordpress.nibis.de\/gslinden\/wp-json\/wp\/v2\/comments?post=3748"}],"version-history":[{"count":1,"href":"https:\/\/wordpress.nibis.de\/gslinden\/wp-json\/wp\/v2\/pages\/3748\/revisions"}],"predecessor-version":[{"id":3749,"href":"https:\/\/wordpress.nibis.de\/gslinden\/wp-json\/wp\/v2\/pages\/3748\/revisions\/3749"}],"wp:attachment":[{"href":"https:\/\/wordpress.nibis.de\/gslinden\/wp-json\/wp\/v2\/media?parent=3748"}],"curies":[{"name":"wp","href":"https:\/\/api.w.org\/{rel}","templated":true}]}}