{"id":3937,"date":"2026-03-09T12:28:17","date_gmt":"2026-03-09T11:28:17","guid":{"rendered":"https:\/\/wordpress.nibis.de\/gslinden\/?page_id=3937"},"modified":"2026-03-09T13:16:09","modified_gmt":"2026-03-09T12:16:09","slug":"funktionsraumprinzip","status":"publish","type":"page","link":"https:\/\/wordpress.nibis.de\/gslinden\/funktionsraumprinzip\/","title":{"rendered":"Funktionsraumprinzip"},"content":{"rendered":"\n<p><span style=\"font-family: arial, helvetica, sans-serif\">Die Betreuungsr\u00e4ume des Nachmittagsbereiches sind einer festen Funktion zugeordnet und dementsprechend ausgestattet. Ihr Kind ist einer Gruppe zugeordnet und hat zwei feste Bezugsbetreuer:innen. Die Gruppen sind mit Farben gekennzeichnet und einem Funktionsraum zugeordnet.<\/span><\/p>\n<p><span style=\"font-family: arial, helvetica, sans-serif\">Selbstverst\u00e4ndlich sind aber \u201ealle f\u00fcr alle da\u201c und jedes Kind darf \u201e\u00fcberall hin\u201c.<\/span><\/p>\n<p><span style=\"font-family: arial, helvetica, sans-serif\">Jedes Betreuungstandem begleitet einen Funktionsraum und bietet entsprechende Angebote\u00a0dort an. Um den \u00dcberblick \u00fcber die Bezugskinder trotz aller Freiheiten nicht zu verlieren, h\u00e4ngt in jedem Funktionsraum eine Magnettafel. Dort zeigen die Kinder \u00fcber Foto-Namens-Magnete ihren Aufenthalt an. Ansprechpartner f\u00fcr Sie als Eltern sind die Bezugsbetreuer:innen der \u201eFarb-Gruppe\u201c.<\/span><\/p>\n<p><span style=\"font-family: arial, helvetica, sans-serif\">Ziel dieses Konzeptes ist es, dass Ihre Kinder selbstbestimmt, in eigener Verantwortung, interessenbezogen und nach individuellen Bed\u00fcrfnissen und Neigungen den Nachmittag in der Grundschule verbringen k\u00f6nnen.<\/span><\/p>\n<p><span style=\"font-family: arial, helvetica, sans-serif\"><strong>Aktuell sind folgende Funktionsr\u00e4ume geplant:<\/strong><\/span><\/p>\n<ul>\n<li><span style=\"font-family: arial, helvetica, sans-serif\">Kreativraum<\/span><\/li>\n<li><span style=\"font-family: arial, helvetica, sans-serif\">Bewegungsraum<\/span><\/li>\n<li><span style=\"font-family: arial, helvetica, sans-serif\">Bauraum<\/span><\/li>\n<li><span style=\"font-family: arial, helvetica, sans-serif\">Ruheraum<\/span><\/li>\n<li><span style=\"font-family: arial, helvetica, sans-serif\">Spiele-Caf\u00e9<\/span><\/li>\n<li><span style=\"font-family: arial, helvetica, sans-serif\">Au\u00dfengruppe<\/span><\/li>\n<li><span style=\"font-family: arial, helvetica, sans-serif\">Sporthalle<\/span><\/li>\n<li><span style=\"font-family: arial, helvetica, sans-serif\">Musikraum<\/span><\/li>\n<\/ul>\n<p>\u00a0<\/p>\n","protected":false},"excerpt":{"rendered":"<p>Die Betreuungsr\u00e4ume des Nachmittagsbereiches sind einer festen Funktion zugeordnet und dementsprechend ausgestattet. Ihr Kind ist einer Gruppe zugeordnet und hat zwei feste Bezugsbetreuer:innen. Die Gruppen sind mit Farben gekennzeichnet und einem Funktionsraum zugeordnet. Selbstverst\u00e4ndlich sind aber \u201ealle f\u00fcr alle da\u201c &hellip; <a href=\"https:\/\/wordpress.nibis.de\/gslinden\/funktionsraumprinzip\/\">Weiterlesen <span class=\"meta-nav\">&rarr;<\/span><\/a><\/p>\n","protected":false},"author":559,"featured_media":0,"parent":0,"menu_order":0,"comment_status":"closed","ping_status":"closed","template":"","meta":{"footnotes":""},"class_list":["post-3937","page","type-page","status-publish","hentry"],"_links":{"self":[{"href":"https:\/\/wordpress.nibis.de\/gslinden\/wp-json\/wp\/v2\/pages\/3937","targetHints":{"allow":["GET"]}}],"collection":[{"href":"https:\/\/wordpress.nibis.de\/gslinden\/wp-json\/wp\/v2\/pages"}],"about":[{"href":"https:\/\/wordpress.nibis.de\/gslinden\/wp-json\/wp\/v2\/types\/page"}],"author":[{"embeddable":true,"href":"https:\/\/wordpress.nibis.de\/gslinden\/wp-json\/wp\/v2\/users\/559"}],"replies":[{"embeddable":true,"href":"https:\/\/wordpress.nibis.de\/gslinden\/wp-json\/wp\/v2\/comments?post=3937"}],"version-history":[{"count":2,"href":"https:\/\/wordpress.nibis.de\/gslinden\/wp-json\/wp\/v2\/pages\/3937\/revisions"}],"predecessor-version":[{"id":3939,"href":"https:\/\/wordpress.nibis.de\/gslinden\/wp-json\/wp\/v2\/pages\/3937\/revisions\/3939"}],"wp:attachment":[{"href":"https:\/\/wordpress.nibis.de\/gslinden\/wp-json\/wp\/v2\/media?parent=3937"}],"curies":[{"name":"wp","href":"https:\/\/api.w.org\/{rel}","templated":true}]}}