{"id":3947,"date":"2026-03-09T13:40:43","date_gmt":"2026-03-09T12:40:43","guid":{"rendered":"https:\/\/wordpress.nibis.de\/gslinden\/?page_id=3947"},"modified":"2026-03-09T13:42:22","modified_gmt":"2026-03-09T12:42:22","slug":"schulbuchausleihe","status":"publish","type":"page","link":"https:\/\/wordpress.nibis.de\/gslinden\/unser-schulalltag\/schulbuchausleihe\/","title":{"rendered":"Schulbuchausleihe"},"content":{"rendered":"\n<p><span style=\"font-family: arial, helvetica, sans-serif\">Sie haben die M\u00f6glichkeit, die Schulb\u00fccher der dritten und vierten Klasse auszuleihen. Die Schulb\u00fccher k\u00f6nnen nur als Paket (nicht einzeln!) ausgeliehen werden.<\/span><\/p>\n<p><span style=\"font-family: arial, helvetica, sans-serif\">Jedes Jahr entscheiden Sie erneut, ob Sie die B\u00fccher entleihen oder selbst kaufen wollen. Mit der verbindlichen entgeltlichen Ausleihe und der fristgerechten Zahlung des Entgeltes kommt der Leihvertrag zustande.<\/span><\/p>\n<p><span style=\"font-family: arial, helvetica, sans-serif\">Die nachfolgenden Bedingungen sind Bestandteil des Vertrages:<\/span><\/p>\n<ul style=\"list-style-type: disc\">\n<li><span style=\"font-family: arial, helvetica, sans-serif\">Das Entgelt muss bis zu dem auf der Anmeldung angegebenen Termin entrichtet werden. Wer diese Frist nicht einh\u00e4lt, entscheidet sich damit, alle Lernmittel rechtzeitig auf eigene Kosten zu beschaffen.<\/span><\/li>\n<li><span style=\"font-family: arial, helvetica, sans-serif\">Die \u00fcber das Ausleihverfahren angebotenen Lernmittel werden von der Schule an die Sch\u00fcler:innen gegen Empfangsbest\u00e4tigung ausgeh\u00e4ndigt.<\/span><\/li>\n<li><span style=\"font-family: arial, helvetica, sans-serif\">Nach Erhalt der Lernmittel sind diese auf Vorsch\u00e4den zu \u00fcberpr\u00fcfen. Falls Vorsch\u00e4den festgestellt werden, m\u00fcssen diese unverz\u00fcglich der Schule mitgeteilt werden.<\/span><\/li>\n<li><span style=\"font-family: arial, helvetica, sans-serif\">Die Erziehungsberechtigten sind daf\u00fcr verantwortlich, dass die ausgeliehenen Lernmittel pfleglich behandelt (mit Schutzumschlag versehen) und zu dem von der Schule festgesetzten Zeitpunkt in einem unbesch\u00e4digten Zustand zur\u00fcckgegeben werden.<\/span><\/li>\n<li><span style=\"font-family: arial, helvetica, sans-serif\">Falls die Lernmittel besch\u00e4digt oder nicht fristgerecht zur\u00fcckgegeben werden, sodass eine weitere Ausleihe nicht m\u00f6glich ist, sind die Erziehungsberechtigten zum Ersatz des Schadens in H\u00f6he des Zeitwertes der jeweiligen Lernmittel verpflichtet.<\/span><\/li>\n<\/ul>\n<p><span style=\"font-family: arial, helvetica, sans-serif\">Sind Sie erziehungsberechtigt f\u00fcr mindestens drei schulpflichtige Kinder, zahlen Sie nur 80 % der Ausleihgeb\u00fchr. Dies muss mit Schulbescheinigungen bis zum 1. Mai eines Jahres nachgewiesen werden.<\/span><\/p>\n<p><span style=\"font-family: arial, helvetica, sans-serif\">Sollten Sie Leistungen nach dem Sozialgesetzbuch Zweites Buch (Grundsicherung f\u00fcr Arbeitsuchende), dem Sozialgesetzbuch Achtes Buch (im Wesentlichen Heim- und Pflegekinder), dem Sozialgesetzbuch Zw\u00f6lftes Buch (Sozialhilfe), dem Asylbewerberleistungsgesetz, \u00a7 6 a Bundeskindergeldgesetz (Kinderzuschlag) oder dem Wohngeldgesetz (nur in den F\u00e4llen, wenn durch Wohngeld die Hilfebed\u00fcrftigkeit im Sinne des \u00a7 9 SGB II oder des \u00a7 19 Abs. 1 und 2 SGB XII vermieden oder beseitigt wird; s. \u00a7 7 Abs. 1 Satz 3 Nr. 2 WoGG) beziehen, sind Sie von der Zahlung des Entgelts f\u00fcr die Ausleihe befreit. Dies muss durch Vorlage des Leistungsbescheides oder durch eine Bescheinigung des Leistungstr\u00e4gers bis zum 1. Mai eines Jahres nachgewiesen werden.<\/span><\/p>\n<p><span style=\"font-family: arial, helvetica, sans-serif\">Kontoverbindung f\u00fcr die Ausleihe:<\/span><\/p>\n<p><span style=\"font-family: arial, helvetica, sans-serif\">Kontoinhaber: Grundschule Lindenberg<\/span><br \/><span style=\"font-family: arial, helvetica, sans-serif\">IBAN: DE59 2505 0000 0002 8132 93<\/span><br \/><span style=\"font-family: arial, helvetica, sans-serif\">Bank: Braunschweigische Landessparkasse<\/span><br \/><span style=\"font-family: arial, helvetica, sans-serif\">Verwendungszweck: Lernmittelausleihe, Vorname und Nachname Ihres Kindes, Klasse &#8230;<\/span><\/p>\n<p><span style=\"font-family: arial, helvetica, sans-serif\">Nach Ablauf der Zahlungsfrist ist eine Teilnahme am Ausleihverfahren nicht mehr m\u00f6glich. In diesem Fall entscheiden Sie sich, alle Lernmittel auf eigene Kosten zu beschaffen. Das Entgelt kann nicht in bar in der Schule abgegeben werden.<\/span><\/p>\n","protected":false},"excerpt":{"rendered":"<p>Sie haben die M\u00f6glichkeit, die Schulb\u00fccher der dritten und vierten Klasse auszuleihen. Die Schulb\u00fccher k\u00f6nnen nur als Paket (nicht einzeln!) ausgeliehen werden. Jedes Jahr entscheiden Sie erneut, ob Sie die B\u00fccher entleihen oder selbst kaufen wollen. Mit der verbindlichen entgeltlichen &hellip; <a href=\"https:\/\/wordpress.nibis.de\/gslinden\/unser-schulalltag\/schulbuchausleihe\/\">Weiterlesen <span class=\"meta-nav\">&rarr;<\/span><\/a><\/p>\n","protected":false},"author":559,"featured_media":0,"parent":2661,"menu_order":6,"comment_status":"closed","ping_status":"closed","template":"","meta":{"footnotes":""},"class_list":["post-3947","page","type-page","status-publish","hentry"],"_links":{"self":[{"href":"https:\/\/wordpress.nibis.de\/gslinden\/wp-json\/wp\/v2\/pages\/3947","targetHints":{"allow":["GET"]}}],"collection":[{"href":"https:\/\/wordpress.nibis.de\/gslinden\/wp-json\/wp\/v2\/pages"}],"about":[{"href":"https:\/\/wordpress.nibis.de\/gslinden\/wp-json\/wp\/v2\/types\/page"}],"author":[{"embeddable":true,"href":"https:\/\/wordpress.nibis.de\/gslinden\/wp-json\/wp\/v2\/users\/559"}],"replies":[{"embeddable":true,"href":"https:\/\/wordpress.nibis.de\/gslinden\/wp-json\/wp\/v2\/comments?post=3947"}],"version-history":[{"count":1,"href":"https:\/\/wordpress.nibis.de\/gslinden\/wp-json\/wp\/v2\/pages\/3947\/revisions"}],"predecessor-version":[{"id":3948,"href":"https:\/\/wordpress.nibis.de\/gslinden\/wp-json\/wp\/v2\/pages\/3947\/revisions\/3948"}],"up":[{"embeddable":true,"href":"https:\/\/wordpress.nibis.de\/gslinden\/wp-json\/wp\/v2\/pages\/2661"}],"wp:attachment":[{"href":"https:\/\/wordpress.nibis.de\/gslinden\/wp-json\/wp\/v2\/media?parent=3947"}],"curies":[{"name":"wp","href":"https:\/\/api.w.org\/{rel}","templated":true}]}}