{"id":16,"date":"2012-01-17T15:12:00","date_gmt":"2012-01-17T15:12:00","guid":{"rendered":"http:\/\/loensweg.wordpress.com\/?page_id=2"},"modified":"2012-01-17T15:12:00","modified_gmt":"2012-01-17T15:12:00","slug":"about","status":"publish","type":"page","link":"https:\/\/wordpress.nibis.de\/gsloens\/about\/","title":{"rendered":"Impressum"},"content":{"rendered":"<h4>Kontaktdaten<\/h4>\n<p><a href=\"https:\/\/gs-am-loensweg.de\/Ganztag.htm\">Offene Ganztagsschule<\/a><br \/>\n<a href=\"http:\/\/maps.google.de\/maps?f=q&amp;source=s_q&amp;hl=de&amp;geocode=&amp;q=Grundschule+Am+L%C3%B6nsweg,+L%C3%B6nsweg+38,+Verden&amp;sll=51.151786,10.415039&amp;sspn=14.100269,25.488281&amp;ie=UTF8&amp;t=h&amp;s=AARTsJoqALcIaXO-24WVgboy7aNaAM1hqw&amp;ll=52.929344,9.247828&amp;spn=0.004527,0.00912&amp;z=16&amp;iwloc=A&amp;output=embed\"> L\u00f6nsweg 38<\/a>, 27283 Verden<br \/>\nTel.: 04231-8999100<br \/>\nE-Mail: <a href=\"&#x6d;&#97;i&#x6c;&#x74;&#111;:&#x69;&#110;f&#x6f;&#x40;&#103;s&#x2d;&#97;m&#x2d;&#x6c;&#111;e&#x6e;&#x73;&#119;&#x65;&#x67;&#46;d&#x65;\">&#105;&#x6e;f&#x6f;&#x40;&#103;&#x73;-&#x61;&#x6d;&#45;&#x6c;o&#x65;&#x6e;&#115;&#x77;e&#x67;&#x2e;&#100;&#x65;<\/a><\/p>\n<h4>Schultr\u00e4ger<\/h4>\n<p><b>Stadt Verden<\/b><br \/>\nGro\u00dfe Stra\u00dfe 40<br \/>\n27283 Verden (Aller)<br \/>\nTel: 04231 12-0<br \/>\nFax: 04231 12-346<br \/>\nMail: &#x69;&#x6e;&#x66;&#111;&#64;ve&#x72;&#x64;&#x65;&#110;&#46;de<br \/>\nvertreten durch B\u00fcrgermeister Lutz Brockmann<\/p>\n<h4>Haftungsausschluss<\/h4>\n<p>Die Inhalte dieser Seiten wurden mit gr\u00f6\u00dfter Sorgfalt erstellt. F\u00fcr die Richtigkeit, Vollst\u00e4ndigkeit und Aktualit\u00e4t der Inhalte \u00fcbernehmen wir jedoch keine Gew\u00e4hr. Wir sind gem\u00e4\u00df \u00a7 7 Abs. 1 TMG als Diensteanbieter f\u00fcr eigene Inhalte auf diesen Seiten verantwortlich. In keinem Fall wird f\u00fcr Sch\u00e4den, die sich aus der Verwendung der abgerufenen Informationen ergeben, eine Haftung \u00fcbernommen. Nach \u00a7\u00a7 8 bis 10 TMG sind wir als Diensteanbieter nicht verpflichtet, \u00fcbermittelte oder gespeicherte fremde Informationen inhaltlich zu \u00fcberwachen oder nach Umst\u00e4nden zu forschen, die auf rechtswidrige Aktivit\u00e4ten hinweisen. Verpflichtungen zur Entfernung oder Sperrung der Nutzung von Informationen gem. den gesetzlichen Bestimmungen bleiben hiervon unber\u00fchrt. Eine diesbez\u00fcgliche Haftung ist jedoch erst ab dem Zeitpunkt der Kenntnis einer konkreten Rechtsverletzung m\u00f6glich. Werden uns entsprechende Rechtsverletzungen bekannt, so entfernen wir diese Inhalte umgehend.<\/p>\n<h3>Diensteanbieter im Sinne des Telemediengesetzes<\/h3>\n<h4>Land Niedersachsen<\/h4>\n<p>Das Land Niedersachsen ist eine juristische Person des \u00f6ffentlichen Rechts vertreten durch<\/p>\n<p>Schulleitung und Verantwortlicher nach \u00a7 10 Abs. 3 MDStV:<br \/>\nSven Ommen<br \/>\n(Kontaktdaten siehe links)<\/p>\n<p>Aufsichtsbeh\u00f6rde: Nieders\u00e4chsische Landesschulbeh\u00f6rde L\u00fcneburg<\/p>\n<p>&nbsp;<\/p>\n<p>F\u00fcr Vollst\u00e4ndigkeit, Fehler redaktioneller und technischer Art sowie die Richtigkeit der Eintragungen kann keine Haftung \u00fcbernommen werden.<\/p>\n<h4>Rechtliche Hinweise<\/h4>\n<p>Das Layout und Design der Homepage, die verwendeten Bilder und Grafiken sowie Beitr\u00e4ge sind urheberrechtlich gesch\u00fctzt. Downloads und Kopien dieser Seite sind nur f\u00fcr den privaten, nicht kommerziellen Gebrauch gestattet. Eine Verbreitung von Kopien oder Ausz\u00fcgen ist nur mit schriftlicher Genehmigung zul\u00e4ssig.<\/p>\n<h4>Internetseiten dritter Anbieter\/Links<\/h4>\n<p>Diese Internetseite enth\u00e4lt Links oder Verweise auf Internetauftritte Dritter, auf deren Inhalte wir keine Einfluss haben. Diese Links stellen keine Zustimmung zu deren Inhalten durch die den Betreiber der Webseite schule.de dar. Es wird keine Verantwortung f\u00fcr die Verf\u00fcgbarkeit oder den Inhalt der Internetauftritte Dritter \u00fcbernommen. Eine Haftung f\u00fcr Sch\u00e4den oder Verletzungen, die aus der Nutzung \u2013 gleich welcher Art \u2013 solcher Inhalte entstehen, wird nicht \u00fcbernommen. Mit diesen Links zu anderen Internetauftritten wird dem Nutzer lediglich der Zugang zur Nutzung der Inhalte Dritter vermittelt. Die Haftung f\u00fcr illegale, fehlerhafte oder unvollst\u00e4ndige Inhalte und f\u00fcr Sch\u00e4den, die aus der Nutzung entstehen, liegt allein beim Anbieter der Seite, auf welche verwiesen wurde.<\/p>\n<h4>Datenschutzerkl\u00e4rung<\/h4>\n<h3>Bereitstellung der Website und Erstellung von Logfiles<\/h3>\n<p>Bei jedem Aufruf unserer Internetseite erfasst unser System automatisiert Daten und Informationen vom Computersystem des aufrufenden Rechners. Folgende Daten werden hierbei erhoben:<\/p>\n<ol start=\"1\" type=\"1\">\n<li>Datum und Uhrzeit des Zugriffes<\/li>\n<li>Die IP-Adresse des Nutzers<\/li>\n<li>Die Betriebssystemversion des Nutzers<\/li>\n<li>Der Browsertyp des Nutzers<\/li>\n<li>Die vom Nutzer aufgerufene Seite<\/li>\n<\/ol>\n<p>Die Daten werden in den Logfiles unseres Systems gespeichert. Eine Speicherung dieser Daten zusammen mit anderen personenbezogenen Daten des Nutzers findet nicht statt. Zweck der Datenspeicherung ist die technische Optimierung unserer Internetseite. Rechtsgrundlage f\u00fcr die vor\u00fcbergehende Speicherung der Daten ist Art. 6 Abs.1 lit.f DSGVO. Die Daten werden f\u00fcr zwei Monate (Dieser Zeitraum muss individuell angepasst werden. Ein l\u00e4ngerer Zeitraum wird nicht f\u00fcr vertretbar gehalten.) gespeichert, sie werden lediglich statistisch ausgewertet.<\/p>\n<h3>Verwendung von Cookies<\/h3>\n<p>Wir verwenden keine Cookies.<\/p>\n<h3>Speicherung personenbezogener Daten bei Kontaktaufnahme<\/h3>\n<p>Sofern Sie per E-Mail den Kontakt mit uns aufnehmen, werden die von Ihnen \u00fcbermittelten personenbezogenen Daten automatisch gespeichert. Diese Daten werden f\u00fcr Zwecke der Bearbeitung Ihres Anliegens und der Kontaktaufnahme mit Ihnen gespeichert. (ggf. erg\u00e4nzt durch) Wenn Sie Gebrauch von unserem Kontaktformular machen, werden die folgenden personenbezogenen Daten von Ihnen gespeichert: Ihr Name, Ihre Anschrift, Ihre E-Mail-Adresse. Die L\u00f6schung der Daten erfolgt, sobald deren Speicherung f\u00fcr die Bearbeitung Ihres Anliegens nicht mehr erforderlich ist.<\/p>\n<h3>Betroffenenrechte<\/h3>\n<p>Sie k\u00f6nnen folgende Rechte geltend machen:<\/p>\n<p>Auskunft\/ Akteneinsicht<\/p>\n<p>Gem. Art. 15 DSGVO haben Sie das Recht, Auskunft bzw. Akteneinsicht \u00fcber die von uns verarbeiteten personenbezogenen Daten zu erhalten.<\/p>\n<p>Berichtigung<\/p>\n<p>Sind bei uns gespeicherte personenbezogene Daten unrichtig oder unvollst\u00e4ndig, haben Sie gem. Art. 16 DSGVO das Recht, diese berichtigen bzw. vervollst\u00e4ndigen zu lassen.<\/p>\n<p>L\u00f6schung<\/p>\n<p>Art. 17 DSGVO normiert das Recht auf L\u00f6schung personenbezogener Daten. Dieses Recht steht Ihnen insbesondere dann zu, wenn die Speicherung der personenbezogenen Daten zur Erf\u00fcllung unserer gesetzlichen Aufgaben nicht mehr erforderlich ist oder Sie Ihre Einwilligung zur Datenverarbeitung mit Wirkung f\u00fcr die Zukunft widerrufen haben.<\/p>\n<p>Einschr\u00e4nkung der Verarbeitung<\/p>\n<p>Gem. Art. 18 DSGVO k\u00f6nnen Sie die Einschr\u00e4nkung der personenbezogenen Daten verlangen, wenn<\/p>\n<ul>\n<li>die Richtigkeit der Daten von Ihnen bestritten wird<\/li>\n<li>die Verarbeitung unrechtm\u00e4\u00dfig ist, Sie aber deren L\u00f6schung ablehnen<\/li>\n<li>wir die Daten nicht mehr ben\u00f6tigen, Sie jedoch diese zur Geltendmachung, Aus\u00fcbung oder Verteidigung von Rechtsanspr\u00fcchen ben\u00f6tigen<\/li>\n<li>oder Sie gem\u00e4\u00df Art. 21 DSGVO Widerspruch gegen die Verarbeitung eingelegt haben<\/li>\n<\/ul>\n<p>Widerspruch<\/p>\n<p>Sie k\u00f6nnen bei Gr\u00fcnden, die sich aus Ihrer besonderen Situation ergeben, ein Widerspruchsrecht geltend machen. Gem. Art. 21 DSGVO ist jedoch zu ber\u00fccksichtigten, ob schutzw\u00fcrdige Gr\u00fcnde f\u00fcr die Verarbeitung vorliegen oder die Verarbeitung der Geltendmachung, Aus\u00fcbung oder Verteidigung von Rechtsanspr\u00fcchen dient.<\/p>\n<p>Daten\u00fcbertragbarkeit<\/p>\n<p>Ist die Verarbeitung Ihrer Daten mit Hilfe eines automatisierten Verfahrens erfolgt, haben Sie gem. Art. 20 DSGVO das Recht, die Daten in einem g\u00e4ngigen und maschinenlesbaren Format zu erhalten und an eine andere Schule zu \u00fcbermitteln bzw. durch uns \u00fcbermitteln zu lassen.<\/p>\n<p>Widerruf der Einwilligung<\/p>\n<p>Sie haben gem. Art. 7 Absatz 3 DSGVO das Recht, uns erteilte Einwilligungen jederzeit mit Wirkung f\u00fcr die Zukunft zu widerrufen.<\/p>\n<p>Beschwerde<\/p>\n<p>Art. 77 DSGVO normiert ein Beschwerderecht bei der Aufsichtsbeh\u00f6rde. Die f\u00fcr uns zust\u00e4ndige Aufsichtsbeh\u00f6rde ist die Landesbeauftragte f\u00fcr den Datenschutz Niedersachsen, Prinzenstra\u00dfe 5, 30159 Hannover. E-Mail: &#x70;&#111;&#115;&#x74;&#x73;&#116;&#101;&#x6c;&#x6c;&#101;&#64;&#x6c;&#x66;&#100;&#46;&#x6e;&#x69;&#101;&#100;&#x65;&#x72;&#115;&#97;&#x63;&#x68;&#115;&#101;&#x6e;&#x2e;&#100;&#101;<\/p>\n<p>&nbsp;<\/p>\n","protected":false},"excerpt":{"rendered":"<p>Kontaktdaten Offene Ganztagsschule L\u00f6nsweg 38, 27283 Verden Tel.: 04231-8999100 E-Mail: &#x69;n&#x66;o&#x40;&#103;&#x73;&#45;a&#x6d;-&#x6c;&#111;&#x65;&#110;&#x73;&#119;e&#x67;&#46;&#x64;&#101; Schultr\u00e4ger Stadt Verden Gro\u00dfe Stra\u00dfe 40 27283 Verden (Aller) Tel: 04231 12-0 Fax: 04231 12-346 Mail: &#x69;&#110;f&#x6f;&#64;v&#x65;&#114;d&#x65;&#110;&#46;&#x64;&#101; vertreten durch B\u00fcrgermeister Lutz Brockmann Haftungsausschluss Die Inhalte dieser Seiten wurden mit gr\u00f6\u00dfter Sorgfalt erstellt. F\u00fcr die Richtigkeit, Vollst\u00e4ndigkeit und Aktualit\u00e4t der Inhalte \u00fcbernehmen wir jedoch keine [&hellip;]<\/p>\n","protected":false},"author":9192880,"featured_media":0,"parent":0,"menu_order":3,"comment_status":"open","ping_status":"open","template":"","meta":{"footnotes":""},"class_list":["post-16","page","type-page","status-publish","hentry"],"_links":{"self":[{"href":"https:\/\/wordpress.nibis.de\/gsloens\/wp-json\/wp\/v2\/pages\/16","targetHints":{"allow":["GET"]}}],"collection":[{"href":"https:\/\/wordpress.nibis.de\/gsloens\/wp-json\/wp\/v2\/pages"}],"about":[{"href":"https:\/\/wordpress.nibis.de\/gsloens\/wp-json\/wp\/v2\/types\/page"}],"author":[{"embeddable":true,"href":"https:\/\/wordpress.nibis.de\/gsloens\/wp-json\/wp\/v2\/users\/9192880"}],"replies":[{"embeddable":true,"href":"https:\/\/wordpress.nibis.de\/gsloens\/wp-json\/wp\/v2\/comments?post=16"}],"version-history":[{"count":0,"href":"https:\/\/wordpress.nibis.de\/gsloens\/wp-json\/wp\/v2\/pages\/16\/revisions"}],"wp:attachment":[{"href":"https:\/\/wordpress.nibis.de\/gsloens\/wp-json\/wp\/v2\/media?parent=16"}],"curies":[{"name":"wp","href":"https:\/\/api.w.org\/{rel}","templated":true}]}}