{"id":14,"date":"2016-11-27T11:33:28","date_gmt":"2016-11-27T10:33:28","guid":{"rendered":"http:\/\/wordpress.nibis.de\/gsmarie\/?page_id=14"},"modified":"2017-04-23T20:14:35","modified_gmt":"2017-04-23T18:14:35","slug":"foerderverein","status":"publish","type":"page","link":"https:\/\/wordpress.nibis.de\/gsmarie\/foerderverein\/","title":{"rendered":"F\u00f6rderverein"},"content":{"rendered":"<h2>Die Grundschule Marienwerder hat einen F\u00f6rderverein.<\/h2>\n<p>Die Gr\u00fcndungsversammlung fand am 04.12.2002 statt. Der Verein soll in den verschiedensten Bereichen des Schullebens unterst\u00fctzend t\u00e4tig werden. Hauptziel des Vereines ist es, durch Mitgliedsbeitr\u00e4ge und Spendensammlungen finanzielle Mittel bereitzustellen, die den Sch\u00fcllerinnen und Sch\u00fclern der Grundschule Marienwerder zugute kommen. So k\u00f6nnten z.B. Spielger\u00e4te f\u00fcr den Pausenbereich von diesen Mitteln beschafft oder Klassenprojekte bezuschusst werden. Veranstaltungen wie Theaterauff\u00fchrungen f\u00fcr alle Sch\u00fclerinnen und Sch\u00fcler k\u00f6nnten unterst\u00fctzt oder es k\u00f6nnte in Einzelf\u00e4llen (z.B. bei Klassenfahrten) bed\u00fcrftigen Sch\u00fclerinnen oder Sch\u00fclern geholfen werden.<\/p>\n<p>&nbsp;<\/p>\n<p>Der aktuelle Vorstand setzt sich aus folgenden Personen zusammen:<\/p>\n<table>\n<tbody>\n<tr>\n<td>1. Vorsitzender<\/td>\n<td>D. Mohrhoff<\/td>\n<\/tr>\n<tr>\n<td>2. Vorsitzender<\/td>\n<td>V. Bertelmann<\/td>\n<\/tr>\n<tr>\n<td>Kassenwartin<\/td>\n<td>M. Gehring<\/td>\n<\/tr>\n<tr>\n<td>Schriftf\u00fchrerin<\/td>\n<td>S. Schliwinski<\/td>\n<\/tr>\n<tr>\n<td>Beisitzerin<\/td>\n<td>U. Campbell<\/td>\n<\/tr>\n<\/tbody>\n<\/table>\n<p>Der Jahresbeitrag wurde von der Versammlung auf 13,- \u20ac festgesetzt. Dieser Beitrag ist ein Mindestbeitrag, so dass nat\u00fcrlich auch ein h\u00f6herer Beitrag gezahlt werden kann. Beitragsjahr ist das Schuljahr.<\/p>\n<p>Durch die anerkannte Gemeinn\u00fctzigkeit des Vereins k\u00f6nnen die Beitr\u00e4ge und Spenden an den F\u00f6rderverein steuerlich geltend gemacht werden.<\/p>\n<p>Bitte haben Sie Verst\u00e4ndnis, wenn wir die Beitr\u00e4ge im Lastschriftverfahren einziehen, da anders der Aufwand im Verh\u00e4ltnis zu der H\u00f6he des Beitrages zu hoch w\u00e4re.<\/p>\n<p>Wir hoffen, dass viele von Ihnen mit ihrem Beitritt den F\u00f6rderverein unterst\u00fctzen werden und so noch viel f\u00fcr unsere kleine Schule bewegt werden kann. Die Satzung des F\u00f6rdervereins kann bei uns angefordert, in der Schule oder <a href=\"http:\/\/wordpress.nibis.de\/gsmarie\/foerderverein\/satzung\/\">hier<\/a> eingesehen werden.<\/p>\n<p>Bitte tragen Sie mit Ihrer Mitgliedschaft dazu bei, dass durch ein Miteinander von Eltern, Lehrerinnen und Lehrern sowie der Sch\u00fclerschaft die Grundschule Marienwerder ein bunter Punkt st\u00e4dtischen Lebens bleibt.<\/p>\n<p>F\u00fcr weitere Ausk\u00fcnfte steht der Vorstand Ihnen gern zur Verf\u00fcgung.<\/p>\n<p>&nbsp;<\/p>\n<p style=\"margin-bottom:0px\"> Weiterf\u00fchrende Links:<\/p>\n<ul>\n<li><a href=\"http:\/\/wordpress.nibis.de\/gsmarie\/foerderverein\/satzung\/\">Satzung<\/a><\/li>\n<li><a href=\"http:\/\/wordpress.nibis.de\/gsmarie\/foerderverein\/eintrittserklaerung\/\">Beitrittserkl\u00e4rung<\/a><\/li>\n<\/ul>\n","protected":false},"excerpt":{"rendered":"<p>Die Grundschule Marienwerder hat einen F\u00f6rderverein. Die Gr\u00fcndungsversammlung fand am 04.12.2002 statt. Der Verein soll in den verschiedensten Bereichen des Schullebens unterst\u00fctzend t\u00e4tig werden. Hauptziel &hellip; <\/p>\n","protected":false},"author":1277,"featured_media":0,"parent":0,"menu_order":0,"comment_status":"closed","ping_status":"closed","template":"","meta":{"footnotes":""},"class_list":["post-14","page","type-page","status-publish","hentry"],"_links":{"self":[{"href":"https:\/\/wordpress.nibis.de\/gsmarie\/wp-json\/wp\/v2\/pages\/14","targetHints":{"allow":["GET"]}}],"collection":[{"href":"https:\/\/wordpress.nibis.de\/gsmarie\/wp-json\/wp\/v2\/pages"}],"about":[{"href":"https:\/\/wordpress.nibis.de\/gsmarie\/wp-json\/wp\/v2\/types\/page"}],"author":[{"embeddable":true,"href":"https:\/\/wordpress.nibis.de\/gsmarie\/wp-json\/wp\/v2\/users\/1277"}],"replies":[{"embeddable":true,"href":"https:\/\/wordpress.nibis.de\/gsmarie\/wp-json\/wp\/v2\/comments?post=14"}],"version-history":[{"count":15,"href":"https:\/\/wordpress.nibis.de\/gsmarie\/wp-json\/wp\/v2\/pages\/14\/revisions"}],"predecessor-version":[{"id":543,"href":"https:\/\/wordpress.nibis.de\/gsmarie\/wp-json\/wp\/v2\/pages\/14\/revisions\/543"}],"wp:attachment":[{"href":"https:\/\/wordpress.nibis.de\/gsmarie\/wp-json\/wp\/v2\/media?parent=14"}],"curies":[{"name":"wp","href":"https:\/\/api.w.org\/{rel}","templated":true}]}}