{"id":158,"date":"2017-04-16T11:46:31","date_gmt":"2017-04-16T09:46:31","guid":{"rendered":"http:\/\/wordpress.nibis.de\/gsmarie\/?page_id=158"},"modified":"2021-02-22T19:45:37","modified_gmt":"2021-02-22T18:45:37","slug":"schulpause","status":"publish","type":"page","link":"https:\/\/wordpress.nibis.de\/gsmarie\/schule\/waldgrundschule-marienwerder\/schulpause\/","title":{"rendered":"Schulpause"},"content":{"rendered":"<p>In den Pausen k\u00f6nnen die Kinder auf dem gro\u00dfz\u00fcgigen Schulhof spielen<\/p>\n<div id='gallery-1' class='gallery galleryid-158 gallery-columns-3 gallery-size-large'><figure class='gallery-item'>\n\t\t\t<div class='gallery-icon landscape'>\n\t\t\t\t<a href='https:\/\/wordpress.nibis.de\/gsmarie\/files\/2017\/04\/z_schulpause_F-2_tn.jpg'><img loading=\"lazy\" decoding=\"async\" width=\"640\" height=\"479\" src=\"https:\/\/wordpress.nibis.de\/gsmarie\/files\/2017\/04\/z_schulpause_F-2_tn.jpg\" class=\"attachment-large size-large\" alt=\"\" \/><\/a>\n\t\t\t<\/div><\/figure><figure class='gallery-item'>\n\t\t\t<div class='gallery-icon landscape'>\n\t\t\t\t<a href='https:\/\/wordpress.nibis.de\/gsmarie\/files\/2017\/04\/z_schulpause_F-8_tn.jpg'><img loading=\"lazy\" decoding=\"async\" width=\"640\" height=\"460\" src=\"https:\/\/wordpress.nibis.de\/gsmarie\/files\/2017\/04\/z_schulpause_F-8_tn.jpg\" class=\"attachment-large size-large\" alt=\"\" \/><\/a>\n\t\t\t<\/div><\/figure>\n\t\t<\/div>\n\n<p>oder sich z.B. in der Bibliothek selbst besch\u00e4ftigen.<\/p>\n<div id='gallery-2' class='gallery galleryid-158 gallery-columns-3 gallery-size-thumbnail'><figure class='gallery-item'>\n\t\t\t<div class='gallery-icon landscape'>\n\t\t\t\t<a href='https:\/\/wordpress.nibis.de\/gsmarie\/z_schulpause_f-17_tn\/'><img loading=\"lazy\" decoding=\"async\" width=\"250\" height=\"141\" src=\"https:\/\/wordpress.nibis.de\/gsmarie\/files\/2017\/04\/z_schulpause_F-17_tn-250x141.jpg\" class=\"attachment-thumbnail size-thumbnail\" alt=\"\" \/><\/a>\n\t\t\t<\/div><\/figure>\n\t\t<\/div>\n\n","protected":false},"excerpt":{"rendered":"<p>In den Pausen k\u00f6nnen die Kinder auf dem gro\u00dfz\u00fcgigen Schulhof spielen oder sich z.B. in der Bibliothek selbst besch\u00e4ftigen.<\/p>\n","protected":false},"author":1276,"featured_media":0,"parent":241,"menu_order":0,"comment_status":"closed","ping_status":"closed","template":"","meta":{"footnotes":""},"class_list":["post-158","page","type-page","status-publish","hentry"],"_links":{"self":[{"href":"https:\/\/wordpress.nibis.de\/gsmarie\/wp-json\/wp\/v2\/pages\/158","targetHints":{"allow":["GET"]}}],"collection":[{"href":"https:\/\/wordpress.nibis.de\/gsmarie\/wp-json\/wp\/v2\/pages"}],"about":[{"href":"https:\/\/wordpress.nibis.de\/gsmarie\/wp-json\/wp\/v2\/types\/page"}],"author":[{"embeddable":true,"href":"https:\/\/wordpress.nibis.de\/gsmarie\/wp-json\/wp\/v2\/users\/1276"}],"replies":[{"embeddable":true,"href":"https:\/\/wordpress.nibis.de\/gsmarie\/wp-json\/wp\/v2\/comments?post=158"}],"version-history":[{"count":4,"href":"https:\/\/wordpress.nibis.de\/gsmarie\/wp-json\/wp\/v2\/pages\/158\/revisions"}],"predecessor-version":[{"id":178,"href":"https:\/\/wordpress.nibis.de\/gsmarie\/wp-json\/wp\/v2\/pages\/158\/revisions\/178"}],"up":[{"embeddable":true,"href":"https:\/\/wordpress.nibis.de\/gsmarie\/wp-json\/wp\/v2\/pages\/241"}],"wp:attachment":[{"href":"https:\/\/wordpress.nibis.de\/gsmarie\/wp-json\/wp\/v2\/media?parent=158"}],"curies":[{"name":"wp","href":"https:\/\/api.w.org\/{rel}","templated":true}]}}