{"id":19,"date":"2016-11-27T11:32:59","date_gmt":"2016-11-27T10:32:59","guid":{"rendered":"http:\/\/wordpress.nibis.de\/gsmarie\/?page_id=19"},"modified":"2017-04-24T07:08:58","modified_gmt":"2017-04-24T05:08:58","slug":"programm-paedagogik","status":"publish","type":"page","link":"https:\/\/wordpress.nibis.de\/gsmarie\/schwerpunkte-der-paedagogischen-arbeit\/programm-paedagogik\/","title":{"rendered":"Lehrprogramm"},"content":{"rendered":"<h2><img loading=\"lazy\" decoding=\"async\" class=\"alignnone wp-image-532 size-full\" src=\"http:\/\/wordpress.nibis.de\/gsmarie\/files\/2016\/11\/z_Lehrprogramm-Palette.png\" alt=\"\" width=\"453\" height=\"353\" \/><\/h2>\n<h2 style=\"color: white;background-color: #000000;padding-left: 20px\">Sportf\u00f6rderunterricht<\/h2>\n<p>Die Erstkl\u00e4ssler in unserer Schule bekommen extra Sportstunden bei unseren Sportlehrer\/innen.<br \/>\nDadurch werden die Fein- und Grobmotorik trainiert.<\/p>\n<h2 style=\"color: white;background-color: #912407;padding-left: 20px\">PC Raum<\/h2>\n<p>Wir haben \u00fcber 20 PCs mit Internetanschluss. Einmal im Jahr bekommen die Kinder der dritten Klasse einen PC-Basiskurs und die Viertkl\u00e4ssler einen PC-Aufbaukurs.<br \/>\nAber auch schon die ganz Kleinen arbeiten am PC um z.B. bei Antolin Fragen zu gelesenen B\u00fcchern zu beantworten.<\/p>\n<h2 style=\"color: white;background-color: #1b17cc;padding-left: 20px\">Integration<\/h2>\n<p>Wir lernen alle gemeinsam\u00a0und trotzdem individuell!<br \/>\nDas Arbeiten mit anschaulichen Materialien erleichtert jedem Kind das Lernen. Seit 1998 nimmt die Grundschule Marienwerder au\u00dferdem am RIK (Regionalen-Integrations-Konzept) teil. Das bedeutet, Kinder die eine F\u00f6rderungsempfehlung haben, k\u00f6nnen bei uns an der Schule bleiben und werden mehrmals in der Woche von einem F\u00f6rderschullehrer\/in unterst\u00fctzt.<\/p>\n<h2 style=\"color: white;background-color: #137f0d;padding-left: 20px\">Gesundes Fr\u00fchst\u00fcck<\/h2>\n<p>Zu unserem gesunden Fr\u00fchst\u00fcck gibt es eine leckere Auswahl:<br \/>\nM\u00fcsli, Kakao, kleine Spie\u00dfe und Sandwiches.<br \/>\nEin paar Kinder d\u00fcrfen immer beim Einkaufen und Zubereiten helfen. Die anderen Kinder k\u00f6nnen die Angebote dann zu g\u00fcnstigen Preisen kaufen.<\/p>\n<h2 style=\"background-color: #d1cc1c;color: white;padding-left: 20px\">B\u00fccherei<\/h2>\n<p>Unsere B\u00fccherei ist uns besonders wichtig, weil Lesen toll ist!<br \/>\nSie ist auch sehr gem\u00fctlich und es ist dort sehr leise.<br \/>\nWir brauchen eine eigene B\u00fccherei in der Schule, weil die Kinder aus Marienwerder nur schwer zu Bibliotheken in anderen Stadtteilen kommen.<\/p>\n<h2 style=\"color: white;background-color: #d36909;padding-left: 20px\">Ganztag<\/h2>\n<p>Die Kinder k\u00f6nnen schon ab 7 Uhr in die Schule kommen, wo die Fr\u00fchbetreuung auf sie wartet. Auch nach 13 Uhr k\u00f6nnen die Kinder in der Schule bleiben.\u00a0In der Mensa gibt es leckeres Mittagessen und es werden zahlreiche AGs wie z.B. Schwimmen oder Kochen angeboten. Zudem wird auch Hausaufgabenbetreuung angeboten.\u00a0Wer im Ganztag angemeldet ist, kann ab 7.00 Uhr die Fr\u00fchbetreuung und von 16.00 \u2013 17.00 Uhr die Sp\u00e4tbetreuung in Anspruch nehmen (zus\u00e4tzliche Anmeldung erforderlich).<\/p>\n<h2 style=\"color: white;background-color: #ed64e0;padding-left: 20px\">Workshops von Ehrenamtlichen<\/h2>\n<p>Donnerstags kommen ehrenamtliche Helfer zu uns in die Schule und bieten Workshops wie N\u00e4hen, Kochen, Arbeiten mit Holz und vieles mehr an. \u00a0Pro Gruppe k\u00f6nnen bis zu 5 Kinder teilnehmen.<\/p>\n<h2 style=\"color: white;background-color: #edb996;padding-left: 20px\">Kleine Schule = Alle kennen sich<\/h2>\n<p>Wir sind etwa 100 Sch\u00fcler\/innen an der Schule &#8211; da kennt man sich nat\u00fcrlich. Unsere Lehrerinnen kennen uns alle beim Namen und wir kennen sie. Jeder ist anders und auf seine Weise etwas Besonderes. Wir lernen tolerant und verantwortungsvoll mit einander umzugehen.<\/p>\n","protected":false},"excerpt":{"rendered":"<p>Sportf\u00f6rderunterricht Die Erstkl\u00e4ssler in unserer Schule bekommen extra Sportstunden bei unseren Sportlehrer\/innen. Dadurch werden die Fein- und Grobmotorik trainiert. PC Raum Wir haben \u00fcber 20 &hellip; <\/p>\n","protected":false},"author":1276,"featured_media":0,"parent":185,"menu_order":0,"comment_status":"closed","ping_status":"closed","template":"","meta":{"footnotes":""},"class_list":["post-19","page","type-page","status-publish","hentry"],"_links":{"self":[{"href":"https:\/\/wordpress.nibis.de\/gsmarie\/wp-json\/wp\/v2\/pages\/19","targetHints":{"allow":["GET"]}}],"collection":[{"href":"https:\/\/wordpress.nibis.de\/gsmarie\/wp-json\/wp\/v2\/pages"}],"about":[{"href":"https:\/\/wordpress.nibis.de\/gsmarie\/wp-json\/wp\/v2\/types\/page"}],"author":[{"embeddable":true,"href":"https:\/\/wordpress.nibis.de\/gsmarie\/wp-json\/wp\/v2\/users\/1276"}],"replies":[{"embeddable":true,"href":"https:\/\/wordpress.nibis.de\/gsmarie\/wp-json\/wp\/v2\/comments?post=19"}],"version-history":[{"count":21,"href":"https:\/\/wordpress.nibis.de\/gsmarie\/wp-json\/wp\/v2\/pages\/19\/revisions"}],"predecessor-version":[{"id":545,"href":"https:\/\/wordpress.nibis.de\/gsmarie\/wp-json\/wp\/v2\/pages\/19\/revisions\/545"}],"up":[{"embeddable":true,"href":"https:\/\/wordpress.nibis.de\/gsmarie\/wp-json\/wp\/v2\/pages\/185"}],"wp:attachment":[{"href":"https:\/\/wordpress.nibis.de\/gsmarie\/wp-json\/wp\/v2\/media?parent=19"}],"curies":[{"name":"wp","href":"https:\/\/api.w.org\/{rel}","templated":true}]}}