{"id":192,"date":"2017-04-16T12:45:20","date_gmt":"2017-04-16T10:45:20","guid":{"rendered":"http:\/\/wordpress.nibis.de\/gsmarie\/?page_id=192"},"modified":"2017-04-19T21:24:53","modified_gmt":"2017-04-19T19:24:53","slug":"ausstattung-der-schule","status":"publish","type":"page","link":"https:\/\/wordpress.nibis.de\/gsmarie\/schule\/ausstattung-der-schule\/","title":{"rendered":"Ausstattung der Schule"},"content":{"rendered":"<p><img loading=\"lazy\" decoding=\"async\" class=\"alignnone wp-image-193\" src=\"http:\/\/wordpress.nibis.de\/gsmarie\/files\/2017\/04\/z_schuelerladen.png\" alt=\"\" width=\"1062\" height=\"252\" srcset=\"https:\/\/wordpress.nibis.de\/gsmarie\/files\/2017\/04\/z_schuelerladen.png 1163w, https:\/\/wordpress.nibis.de\/gsmarie\/files\/2017\/04\/z_schuelerladen-768x182.png 768w\" sizes=\"auto, (max-width: 1062px) 100vw, 1062px\" \/><\/p>\n<ul>\n<li>Gro\u00dfer moderner Multimedia &#8211; Raum mit Internetzugang<\/li>\n<li>Gro\u00dfz\u00fcgig ausgestatteter Musikraum und Theaterb\u00fchne<\/li>\n<li>Aula<\/li>\n<li>Lerncomputer im Klassen\u00adraum<\/li>\n<li>F\u00f6rder- Raum<\/li>\n<li>Montessori- Material<\/li>\n<li>Raum f\u00fcr Essensbetrieb, Gesundes Fr\u00fchst\u00fcck und Schulobst-Vorbereitung<\/li>\n<li>Schulgarten (mit Gem\u00fcse-\/Kr\u00e4uterbeet)<\/li>\n<li>Sch\u00fclerladen (Kooperation mit Fa. Pelikan)<\/li>\n<li>\u00d6kologischer Schulhof:<br \/>\nab Schuljahr 2012\/13: gro\u00dfer Sandspielplatz \/ Kletterger\u00fcste \/ Wippe<br \/>\nab Sommer 2017: Nestschaukel \/ Balancier-Parcour (Slackline etc.)<\/li>\n<li>Fu\u00dfballplatz (gro\u00dfes Feld)<\/li>\n<li>Seit Mai 2013: eigene Sch\u00fclerb\u00fccherei<\/li>\n<\/ul>\n<p>&nbsp;<\/p>\n<p>Externe Anbieter:<\/p>\n<ul>\n<li>Schlie\u00dffachanlage von AstraDirect \u00a0 <a style=\"color: #ffffff;background: #00579d none;padding: 10px;text-decoration: none;font-family: arial;font-size: 16px;min-width: 220px;text-align: center\" title=\"Jetzt ein Schlie\u00dffach an dieser Schule mieten\" href=\"https:\/\/www.astradirect.de\/sfmiet.html?city=Hannover&amp;schoolId=4423\" target=\"_blank\">Schlie\u00dffach mieten<\/a><\/li>\n<\/ul>\n","protected":false},"excerpt":{"rendered":"<p>Gro\u00dfer moderner Multimedia &#8211; Raum mit Internetzugang Gro\u00dfz\u00fcgig ausgestatteter Musikraum und Theaterb\u00fchne Aula Lerncomputer im Klassen\u00adraum F\u00f6rder- Raum Montessori- Material Raum f\u00fcr Essensbetrieb, Gesundes Fr\u00fchst\u00fcck &hellip; <\/p>\n","protected":false},"author":1276,"featured_media":0,"parent":396,"menu_order":0,"comment_status":"closed","ping_status":"closed","template":"","meta":{"footnotes":""},"class_list":["post-192","page","type-page","status-publish","hentry"],"_links":{"self":[{"href":"https:\/\/wordpress.nibis.de\/gsmarie\/wp-json\/wp\/v2\/pages\/192","targetHints":{"allow":["GET"]}}],"collection":[{"href":"https:\/\/wordpress.nibis.de\/gsmarie\/wp-json\/wp\/v2\/pages"}],"about":[{"href":"https:\/\/wordpress.nibis.de\/gsmarie\/wp-json\/wp\/v2\/types\/page"}],"author":[{"embeddable":true,"href":"https:\/\/wordpress.nibis.de\/gsmarie\/wp-json\/wp\/v2\/users\/1276"}],"replies":[{"embeddable":true,"href":"https:\/\/wordpress.nibis.de\/gsmarie\/wp-json\/wp\/v2\/comments?post=192"}],"version-history":[{"count":4,"href":"https:\/\/wordpress.nibis.de\/gsmarie\/wp-json\/wp\/v2\/pages\/192\/revisions"}],"predecessor-version":[{"id":431,"href":"https:\/\/wordpress.nibis.de\/gsmarie\/wp-json\/wp\/v2\/pages\/192\/revisions\/431"}],"up":[{"embeddable":true,"href":"https:\/\/wordpress.nibis.de\/gsmarie\/wp-json\/wp\/v2\/pages\/396"}],"wp:attachment":[{"href":"https:\/\/wordpress.nibis.de\/gsmarie\/wp-json\/wp\/v2\/media?parent=192"}],"curies":[{"name":"wp","href":"https:\/\/api.w.org\/{rel}","templated":true}]}}