{"id":202,"date":"2017-04-16T20:45:38","date_gmt":"2017-04-16T18:45:38","guid":{"rendered":"http:\/\/wordpress.nibis.de\/gsmarie\/?page_id=202"},"modified":"2021-02-22T19:38:38","modified_gmt":"2021-02-22T18:38:38","slug":"leitbild","status":"publish","type":"page","link":"https:\/\/wordpress.nibis.de\/gsmarie\/schule\/leitbild\/","title":{"rendered":"Leitbild"},"content":{"rendered":"<h1>Gemeinsam leben \u2013 individuell lernen<\/h1>\n<p><img loading=\"lazy\" decoding=\"async\" class=\"wp-image-211 size-full alignnone\" src=\"http:\/\/wordpress.nibis.de\/gsmarie\/files\/2017\/04\/z_leitbild-palette-beschriftet.gif\" alt=\"\" width=\"589\" height=\"441\"><\/p>\n<p><span style=\"font-size: 12pt\">In der Grundschule Marienwerder arbeiten Kinder, Lehrer und Eltern gemeinsam daran, die Entwicklung der Sch\u00fclerinnen und Sch\u00fcler zu<strong> Selbstst\u00e4ndigkeit, Friedfertigkeit, Toleranz, Verantwortungsbewusstsein<\/strong> zu bef\u00f6rdern und mit <strong>Freude am Lernen<\/strong> weiter zu entwickeln.<\/span><\/p>\n<p><span style=\"font-size: 12pt\">Im Unterricht bem\u00fchen sich offene, interessierte Lehrerinnen und Lehrer <strong>individuelles Lernen<\/strong> zu st\u00e4rken, <strong>besondere Begabungen<\/strong> <strong>zu erkennen,<\/strong> Sch\u00fclerinnen und Sch\u00fcler <strong>individuell zu f\u00f6rdern<\/strong> und sie auf <strong>lebenslanges, eigenverantwortliches Lernen<\/strong> vorzubereiten.<\/span><\/p>\n<p><span style=\"font-size: 12pt\">Im gemeinsamen Leben und dem <strong>miteinander und voneinander<\/strong> <strong>Lernen<\/strong> sind der <strong>Schutz <\/strong>und die <strong>Erhaltung<\/strong> der <strong>Natur<\/strong>, der <strong>Umwelt <\/strong>und der <strong>Gesundheit <\/strong>verpflichtende Themen.<\/span><\/p>\n<p>&nbsp;<\/p>\n<p><span style=\"font-size: 12pt\"><em><u>Das schulische Handeln wird durch folgende Leits\u00e4tze bestimmt:<\/u><\/em><\/span><\/p>\n<p><span style=\"font-size: 12pt\"><em>Jeder Sch\u00fcler ist in seiner Pers\u00f6nlichkeit mit seinen St\u00e4rken und Schw\u00e4chen wichtig und auf seine Art etwas Besonderes.<\/em><\/span><\/p>\n<p><span style=\"font-size: 12pt\"><em>Lernen ist individuell im WAS (gelernt wird) und WIE (es gelernt wird). Mit entsprechenden Unterrichtsmethoden und Unterrichtsinhalten, Zuwendung und Lob l\u00e4sst sich jedes Kind zum Lernen motivieren.<\/em><\/span><\/p>\n<p><span style=\"font-size: 12pt\"><em>Jeder darf Fehler machen, denn sie sind wichtige Schritte im Lernprozess.<\/em><\/span><\/p>\n<p><span style=\"font-size: 12pt\"><em>Der Unterricht ist so zu organisieren, dass jedem Sch\u00fcler Erfolge erm\u00f6glicht werden. Offene Unterrichtsformen wie Werkstattlernen, Stationslernen, Wochenplan, f\u00e4cher\u00fcbergreifender und handlungsorientierter Unterricht, erleichtern dabei das individuelle Lernen.<\/em><\/span><\/p>\n<p><span style=\"font-size: 12pt\"><em>Bewegung ist fester Bestandteil im Unterricht.<\/em><\/span><\/p>\n<p><span style=\"font-size: 12pt\"><em>Die Selbstst\u00e4ndigkeit der Kinder und das \u201eLernen lernen\u201c sind h\u00f6chste erreichbare Ziele.<\/em><\/span><\/p>\n<p><span style=\"font-size: 12pt\"><em>Ein gutes soziales Miteinander ist f\u00fcr das Lernen unverzichtbar. Dabei sind die Authentizit\u00e4t und positive Grundeinstellung der Lehrkraft von wesentlicher Bedeutung, aber auch, dass die Kinder sich gegenseitig achten.<\/em><\/span><\/p>\n<p><span style=\"font-size: 12pt\"><em>Gegenseitige Wertsch\u00e4tzung, offener, vertrauensvoller Dialog und Zeit zur Reflexion sind unverzichtbare Elemente unseres p\u00e4dagogischen Handelns.<\/em><\/span><\/p>\n<p><span style=\"font-size: 12pt\"><em>&nbsp;<\/em><\/span><span style=\"font-size: 12pt\"><em>Wir wollen dazu beitragen, dass wirtschaftliche Armut durch mangelnde Bildung nicht \u201eerblich\u201c bleibt.<\/em><\/span><\/p>\n\n\n<p>Und hier unser aktualisiertes Leitbild seit Mai 2018 (<a href=\"https:\/\/wordpress.nibis.de\/gsmarie\/files\/2020\/05\/Leitbild-201805.pdf\" target=\"_blank\" rel=\"noreferrer noopener\">hier<\/a>).<\/p>\n","protected":false},"excerpt":{"rendered":"<p>Gemeinsam leben \u2013 individuell lernen In der Grundschule Marienwerder arbeiten Kinder, Lehrer und Eltern gemeinsam daran, die Entwicklung der Sch\u00fclerinnen und Sch\u00fcler zu Selbstst\u00e4ndigkeit, Friedfertigkeit, &hellip; <\/p>\n","protected":false},"author":1276,"featured_media":0,"parent":396,"menu_order":0,"comment_status":"closed","ping_status":"closed","template":"","meta":{"footnotes":""},"class_list":["post-202","page","type-page","status-publish","hentry"],"_links":{"self":[{"href":"https:\/\/wordpress.nibis.de\/gsmarie\/wp-json\/wp\/v2\/pages\/202","targetHints":{"allow":["GET"]}}],"collection":[{"href":"https:\/\/wordpress.nibis.de\/gsmarie\/wp-json\/wp\/v2\/pages"}],"about":[{"href":"https:\/\/wordpress.nibis.de\/gsmarie\/wp-json\/wp\/v2\/types\/page"}],"author":[{"embeddable":true,"href":"https:\/\/wordpress.nibis.de\/gsmarie\/wp-json\/wp\/v2\/users\/1276"}],"replies":[{"embeddable":true,"href":"https:\/\/wordpress.nibis.de\/gsmarie\/wp-json\/wp\/v2\/comments?post=202"}],"version-history":[{"count":7,"href":"https:\/\/wordpress.nibis.de\/gsmarie\/wp-json\/wp\/v2\/pages\/202\/revisions"}],"predecessor-version":[{"id":1442,"href":"https:\/\/wordpress.nibis.de\/gsmarie\/wp-json\/wp\/v2\/pages\/202\/revisions\/1442"}],"up":[{"embeddable":true,"href":"https:\/\/wordpress.nibis.de\/gsmarie\/wp-json\/wp\/v2\/pages\/396"}],"wp:attachment":[{"href":"https:\/\/wordpress.nibis.de\/gsmarie\/wp-json\/wp\/v2\/media?parent=202"}],"curies":[{"name":"wp","href":"https:\/\/api.w.org\/{rel}","templated":true}]}}