{"id":219,"date":"2017-04-16T21:22:22","date_gmt":"2017-04-16T19:22:22","guid":{"rendered":"http:\/\/wordpress.nibis.de\/gsmarie\/?page_id=219"},"modified":"2017-04-19T21:12:27","modified_gmt":"2017-04-19T19:12:27","slug":"schulprogramm-montessoripaedagogik","status":"publish","type":"page","link":"https:\/\/wordpress.nibis.de\/gsmarie\/schwerpunkte-der-paedagogischen-arbeit\/schulprogramm-montessoripaedagogik\/","title":{"rendered":"Schulprogramm Montessorip\u00e4dagogik"},"content":{"rendered":"<p><strong>Aspekte und Elemente der Montessorip\u00e4dagogik erg\u00e4nzen die Vielfalt der individuellen Lernwege unserer Sch\u00fcler, um sie auf ihrem individuellen Lebensweg und ihrer Pers\u00f6nlichkeitsentfaltung zu unterst\u00fctzen. <\/strong><\/p>\n<p><strong>\u00a0<\/strong><\/p>\n<p><strong>Was bedeutet Montessorip\u00e4dagogik?<\/strong><\/p>\n<p>\u201eHilf mir, es selbst zu tun\u201c, die Schl\u00fcsselworte der italienischen \u00c4rztin und P\u00e4dagogin Maria Montessori gelten noch heute f\u00fcr die weltweit 40.000 Montessori-Schulen.<\/p>\n<p><u>Kern der Lehre<\/u>: die nat\u00fcrliche Freude der Kinder am Lernen zu f\u00f6rdern, schwierige Zusammenh\u00e4nge kindgerecht zu gestalten und durch Materialien sinnlich \u201ebegreifbar\u201c zu machen. Hinzu kommt \u201eFreiarbeit\u201c, in denen die Kinder ihren pers\u00f6nlichen Lerninhalt selbst bestimmen k\u00f6nnen.<\/p>\n<p>&nbsp;<\/p>\n<p><u><\/u><strong>Umsetzung in der Waldgrundschule Marienwerder<\/strong><\/p>\n<p>In der Waldgrundschule Marienwerder gibt es derzeit vier ausgebildete Lehrkr\u00e4fte mit einem Montessori-Diplom. Diese vermitteln den weiteren Lehrerinnen und Lehrern Inhalte der P\u00e4dagogik und den Umgang mit Montessori Materialien, so dass in allen Klassenr\u00e4umen Materialien genutzt werden k\u00f6nnen. Die Freiarbeit wird zu Beginn eines jeden Tages in allen Klassen durch gef\u00fchrt.<\/p>\n<table style=\"width: 650px;border: none\">\n<tbody>\n<tr>\n<td style=\"border: none;width: 250px\"><img loading=\"lazy\" decoding=\"async\" class=\"alignnone wp-image-339 size-thumbnail\" src=\"http:\/\/wordpress.nibis.de\/gsmarie\/files\/2017\/04\/mc_montessori_DSC_9461_tn-250x141.jpg\" alt=\"\" width=\"250\" height=\"141\" \/><\/td>\n<td style=\"border: none;width: 250px\"><img loading=\"lazy\" decoding=\"async\" class=\"alignnone wp-image-340\" src=\"http:\/\/wordpress.nibis.de\/gsmarie\/files\/2017\/04\/mc_montessori_DSC_9466_tn-473x675.jpg\" alt=\"\" width=\"130\" height=\"186\" \/><\/td>\n<td style=\"border: none;width: 250px\"><img loading=\"lazy\" decoding=\"async\" class=\"alignnone wp-image-341 size-thumbnail\" src=\"http:\/\/wordpress.nibis.de\/gsmarie\/files\/2017\/04\/mc_montessori_DSC_9472_tn-250x141.jpg\" alt=\"\" width=\"250\" height=\"141\" \/><\/td>\n<\/tr>\n<\/tbody>\n<\/table>\n<p>&nbsp;<\/p>\n<p>Um die Weiterbildung aller Lehrkr\u00e4fte gew\u00e4hrleisten zu k\u00f6nnen, werden grundlegende Werke zur Montessorip\u00e4dagogik gelesen und besprochen sowie interne und externe Hospitationen durchgef\u00fchrt. Desweiteren findet f\u00fcr alle Lehrerinnen und Lehrer regelm\u00e4\u00dfig eine Fortbildung zu einem Thema der Montessorip\u00e4dagogik statt.<\/p>\n<p><img loading=\"lazy\" decoding=\"async\" class=\"aligncenter wp-image-344 size-thumbnail\" src=\"http:\/\/wordpress.nibis.de\/gsmarie\/files\/2017\/04\/mc_montessori_DSC_9481_tn-250x141.jpg\" alt=\"\" width=\"250\" height=\"141\" srcset=\"https:\/\/wordpress.nibis.de\/gsmarie\/files\/2017\/04\/mc_montessori_DSC_9481_tn-250x141.jpg 250w, https:\/\/wordpress.nibis.de\/gsmarie\/files\/2017\/04\/mc_montessori_DSC_9481_tn-850x478.jpg 850w\" sizes=\"auto, (max-width: 250px) 100vw, 250px\" \/><\/p>\n","protected":false},"excerpt":{"rendered":"<p>Aspekte und Elemente der Montessorip\u00e4dagogik erg\u00e4nzen die Vielfalt der individuellen Lernwege unserer Sch\u00fcler, um sie auf ihrem individuellen Lebensweg und ihrer Pers\u00f6nlichkeitsentfaltung zu unterst\u00fctzen. \u00a0 &hellip; <\/p>\n","protected":false},"author":1276,"featured_media":0,"parent":185,"menu_order":0,"comment_status":"closed","ping_status":"closed","template":"","meta":{"footnotes":""},"class_list":["post-219","page","type-page","status-publish","hentry"],"_links":{"self":[{"href":"https:\/\/wordpress.nibis.de\/gsmarie\/wp-json\/wp\/v2\/pages\/219","targetHints":{"allow":["GET"]}}],"collection":[{"href":"https:\/\/wordpress.nibis.de\/gsmarie\/wp-json\/wp\/v2\/pages"}],"about":[{"href":"https:\/\/wordpress.nibis.de\/gsmarie\/wp-json\/wp\/v2\/types\/page"}],"author":[{"embeddable":true,"href":"https:\/\/wordpress.nibis.de\/gsmarie\/wp-json\/wp\/v2\/users\/1276"}],"replies":[{"embeddable":true,"href":"https:\/\/wordpress.nibis.de\/gsmarie\/wp-json\/wp\/v2\/comments?post=219"}],"version-history":[{"count":11,"href":"https:\/\/wordpress.nibis.de\/gsmarie\/wp-json\/wp\/v2\/pages\/219\/revisions"}],"predecessor-version":[{"id":351,"href":"https:\/\/wordpress.nibis.de\/gsmarie\/wp-json\/wp\/v2\/pages\/219\/revisions\/351"}],"up":[{"embeddable":true,"href":"https:\/\/wordpress.nibis.de\/gsmarie\/wp-json\/wp\/v2\/pages\/185"}],"wp:attachment":[{"href":"https:\/\/wordpress.nibis.de\/gsmarie\/wp-json\/wp\/v2\/media?parent=219"}],"curies":[{"name":"wp","href":"https:\/\/api.w.org\/{rel}","templated":true}]}}