{"id":2190,"date":"2024-08-27T22:35:16","date_gmt":"2024-08-27T20:35:16","guid":{"rendered":"https:\/\/wordpress.nibis.de\/gsmarie\/?page_id=2190"},"modified":"2024-08-28T17:59:58","modified_gmt":"2024-08-28T15:59:58","slug":"workshops-an-unserer-schule","status":"publish","type":"page","link":"https:\/\/wordpress.nibis.de\/gsmarie\/schwerpunkte-der-paedagogischen-arbeit\/programm-paedagogik\/workshops-an-unserer-schule\/","title":{"rendered":"Workshops an unserer Schule"},"content":{"rendered":"\n<p>Die Workshops an unserer Schule gibt es ungef\u00e4hr seit 13 Jahren und sie sind in Niedersachsen ziemlich oder sogar ganz und gar einmalig. Sie stellen einen gegenseitigen Austausch der Generationen dar.&nbsp;<\/p>\n\n\n\n<p>Das Besondere an unserer Schule ist, dass die Ehrenamtlichen sich mit ihren Interessen und K\u00f6nnen einbringen und das weitergeben, was die Schule nicht leisten kann. Im Vordergrund steht das jahrgangs\u00fcbergreifende lebenspraktische Lernen ohne F\u00e4chergrenzen.&nbsp;&nbsp;Die Ehrenamtlichen sind f\u00fcr einige Sch\u00fcler:innen ein Gro\u00dfelternersatz und andersherum&nbsp;&nbsp;sind die Kinder f\u00fcr die Ehrenamtlichen ein Enkelersatz. Die Kinder bringen Abwechslung und Bereicherung in ihr Leben. Sie f\u00fchlen sich gebraucht und sehr von den Kindern gesch\u00e4tzt.&nbsp;<\/p>\n\n\n\n<p>Die Ehrenamtlichen k\u00f6nnen durch die Kleingruppen individuell auf jedes Kind eingehen, ihnen zuh\u00f6ren und f\u00fcr sie da sein.<\/p>\n\n\n\n<p>Unsere Wertsch\u00e4tzung gegen\u00fcber den Ehrenamtlichen zeigen wir mit einem gemeinsamen Kaffeetrinken zweimal im Jahr sowie gemeinsamen Veranstaltungen samt Auff\u00fchrung und kleinen Festen innerhalb des Schullebens.<\/p>\n\n\n\n<p>Zus\u00e4tzlich findet immer 30 Minuten vor dem Workshop ein gemeinsames Kaffeetrinken im Lehrerzimmer zwecks Austausches statt. Hier gibt es die\u00a0\u00a0M\u00f6glichkeit, gegenseitig etwas \u00fcbereinander zu erfahren. Dadurch entstehen enge Verbindungen und eine Gemeinschaft.\u00a0<\/p>\n\n\n\n<p>Zurzeit werden folgende Workshops angeboten: N\u00e4hen, Strom, Bewegen und Entspannen, T\u00f6pfern, Zeichnen, Englisch, H\u00e4keln, M\u00e4rchen, Vorlesen.<\/p>\n\n\n\n<p>Wir freuen uns \u00fcber weitere Interessierte, die sich vorstellen k\u00f6nnen, einen Workshop anzubieten.&nbsp;&nbsp;<\/p>\n\n\n\n<p>Melden Sie sich gerne bei Frau R\u00f6hrig unter der Telefonnummer: 015780453891<\/p>\n\n\n\n<figure class=\"wp-block-gallery has-nested-images columns-default is-cropped is-style-tw-img-rounded wp-block-gallery-1 is-layout-flex wp-block-gallery-is-layout-flex\">\n<figure class=\"wp-block-image size-large\"><img loading=\"lazy\" decoding=\"async\" width=\"1200\" height=\"675\" data-id=\"2212\" src=\"https:\/\/wordpress.nibis.de\/gsmarie\/files\/2024\/08\/PHOTO-2024-08-15-18-40-59-1-1200x675.jpg\" alt=\"\" class=\"wp-image-2212\" srcset=\"https:\/\/wordpress.nibis.de\/gsmarie\/files\/2024\/08\/PHOTO-2024-08-15-18-40-59-1-1200x675.jpg 1200w, https:\/\/wordpress.nibis.de\/gsmarie\/files\/2024\/08\/PHOTO-2024-08-15-18-40-59-1-850x478.jpg 850w, https:\/\/wordpress.nibis.de\/gsmarie\/files\/2024\/08\/PHOTO-2024-08-15-18-40-59-1-250x141.jpg 250w\" sizes=\"auto, (max-width: 1200px) 100vw, 1200px\" \/><\/figure>\n\n\n\n<figure class=\"wp-block-image size-large\"><img loading=\"lazy\" decoding=\"async\" width=\"1200\" height=\"675\" data-id=\"2213\" src=\"https:\/\/wordpress.nibis.de\/gsmarie\/files\/2024\/08\/66efdd5a-efac-4b56-92a8-741a647c1987-1200x675.jpg\" alt=\"\" class=\"wp-image-2213\" srcset=\"https:\/\/wordpress.nibis.de\/gsmarie\/files\/2024\/08\/66efdd5a-efac-4b56-92a8-741a647c1987-1200x675.jpg 1200w, https:\/\/wordpress.nibis.de\/gsmarie\/files\/2024\/08\/66efdd5a-efac-4b56-92a8-741a647c1987-850x478.jpg 850w, https:\/\/wordpress.nibis.de\/gsmarie\/files\/2024\/08\/66efdd5a-efac-4b56-92a8-741a647c1987-250x141.jpg 250w\" sizes=\"auto, (max-width: 1200px) 100vw, 1200px\" \/><\/figure>\n<\/figure>\n","protected":false},"excerpt":{"rendered":"<p>Die Workshops an unserer Schule gibt es ungef\u00e4hr seit 13 Jahren und sie sind in Niedersachsen ziemlich oder sogar ganz und gar einmalig. Sie stellen &hellip; <\/p>\n","protected":false},"author":9193317,"featured_media":0,"parent":19,"menu_order":0,"comment_status":"closed","ping_status":"closed","template":"page-templates\/child-menu.php","meta":{"footnotes":""},"class_list":["post-2190","page","type-page","status-publish","hentry"],"_links":{"self":[{"href":"https:\/\/wordpress.nibis.de\/gsmarie\/wp-json\/wp\/v2\/pages\/2190","targetHints":{"allow":["GET"]}}],"collection":[{"href":"https:\/\/wordpress.nibis.de\/gsmarie\/wp-json\/wp\/v2\/pages"}],"about":[{"href":"https:\/\/wordpress.nibis.de\/gsmarie\/wp-json\/wp\/v2\/types\/page"}],"author":[{"embeddable":true,"href":"https:\/\/wordpress.nibis.de\/gsmarie\/wp-json\/wp\/v2\/users\/9193317"}],"replies":[{"embeddable":true,"href":"https:\/\/wordpress.nibis.de\/gsmarie\/wp-json\/wp\/v2\/comments?post=2190"}],"version-history":[{"count":6,"href":"https:\/\/wordpress.nibis.de\/gsmarie\/wp-json\/wp\/v2\/pages\/2190\/revisions"}],"predecessor-version":[{"id":2216,"href":"https:\/\/wordpress.nibis.de\/gsmarie\/wp-json\/wp\/v2\/pages\/2190\/revisions\/2216"}],"up":[{"embeddable":true,"href":"https:\/\/wordpress.nibis.de\/gsmarie\/wp-json\/wp\/v2\/pages\/19"}],"wp:attachment":[{"href":"https:\/\/wordpress.nibis.de\/gsmarie\/wp-json\/wp\/v2\/media?parent=2190"}],"curies":[{"name":"wp","href":"https:\/\/api.w.org\/{rel}","templated":true}]}}