{"id":222,"date":"2017-04-16T21:32:55","date_gmt":"2017-04-16T19:32:55","guid":{"rendered":"http:\/\/wordpress.nibis.de\/gsmarie\/?page_id=222"},"modified":"2022-05-09T22:22:29","modified_gmt":"2022-05-09T20:22:29","slug":"schulsozialarbeit","status":"publish","type":"page","link":"https:\/\/wordpress.nibis.de\/gsmarie\/schwerpunkte-der-paedagogischen-arbeit\/schulsozialarbeit\/","title":{"rendered":"Schulsozialarbeit"},"content":{"rendered":"<h2>Bildung ist mehr als Schule und Schule ist mehr als Bildung<\/h2>\n<table style=\"border: 0px\" border=\"none\" width=\"100%\">\n<tbody>\n<tr>\n<td style=\"border: none;vertical-align: middle\">Mein Name ist Ariane H\u00f6ftmann,<\/p>\n<p>Ich arbeite als Schulsozialarbeiterin des Kommunalen Sozialdienstes der Stadt Hannover seit 2022 an der Grundschule Marienwerder.<\/td>\n<td style=\"border: none;vertical-align: middle\">\n<p style=\"text-align: center\">Foto folgt<\/p>\n<p><img loading=\"lazy\" decoding=\"async\" class=\"alignnone wp-image-375\" src=\"http:\/\/wordpress.nibis.de\/gsmarie\/files\/2017\/04\/smiley-163510_640-1.gif\" alt=\"\" width=\"90\" height=\"90\" \/><\/td>\n<\/tr>\n<\/tbody>\n<\/table>\n<h2>Was will Schulsozialarbeit?<\/h2>\n<p>Um alle Kinder in ihrer individuellen Entwicklung bestm\u00f6glich unterst\u00fctzen und begleiten zu k\u00f6nnen, besteht eine enge Kooperation zwischen der Grundschule Marienwerder und der Schulsozialarbeit der Stadt Hannover. Gemeinsam arbeiten wir daran, den Schulalltag interessant und lebendig zu gestalten.\u00a0 Schulsozialarbeit f\u00f6rdert das individuelle und soziale Lernen sowie die Integration aller Kinder in der Schule durch verschiedene Angebote.<\/p>\n<p><img loading=\"lazy\" decoding=\"async\" class=\"alignnone size-full wp-image-223\" src=\"http:\/\/wordpress.nibis.de\/gsmarie\/files\/2017\/04\/mc_Schulsozialarbeit-Schwerpunkte.gif\" alt=\"\" width=\"1120\" height=\"641\" \/><\/p>\n<p>Als Schulsozialarbeiterin biete ich pers\u00f6nliche und vertrauliche Gespr\u00e4che f\u00fcr Sch\u00fclerinnen und Sch\u00fcler, f\u00fcr Eltern und Erziehungsberechtigte sowie f\u00fcr LehrerInnen an.<\/p>\n<h2>Wenn du als Kind\u2026<\/h2>\n<ul>\n<li>an deiner Schule etwas ver\u00e4ndern willst<\/li>\n<li>Probleme in der Schule hast<\/li>\n<li>mit dem Lernen nicht gut zurechtkommst<\/li>\n<li>Stress mit deinen Mitsch\u00fclerInnen hast<\/li>\n<li>dich von deinen LehrerInnen nicht verstanden f\u00fchlst<\/li>\n<li>Schwierigkeiten zuhause hast<\/li>\n<li>Sorgen hast, die dich belasten<\/li>\n<li>dich einfach nur mal ausquatschen willst<\/li>\n<\/ul>\n<p><span style=\"font-family: 'comic sans ms', sans-serif\">\u2026dann komm zu mir und sprich mich an!<\/span><\/p>\n<h2>Wenn Sie als Eltern\u2026<\/h2>\n<ul>\n<li>Ihr Kind im Schulalltag unterst\u00fctzen m\u00f6chten<\/li>\n<li>sich Sorgen machen um die Entwicklung Ihres Kindes<\/li>\n<li>glauben, Ihr Kind kommt in der Schule nicht zurecht<\/li>\n<li>selbst belastet sind durch eigene Probleme, z.B. finanzielle Sorgen oder eine Trennungssituation zuhause<\/li>\n<li>Informationen \u00fcber finanzielle Unterst\u00fctzungsm\u00f6glichkeiten ben\u00f6tigen<\/li>\n<\/ul>\n<p><span style=\"font-family: 'comic sans ms', sans-serif\">\u2026dann sprechen Sie mich an!<\/span><\/p>\n<p>Es m\u00fcssen aber nicht immer Probleme der Grund f\u00fcr ein Gespr\u00e4ch sein. Haben Sie Ideen oder Anregungen oder wollen Sie mich einfach nur erst mal kennenlernen, k\u00f6nnen Sie einfach zu mir kommen.<\/p>\n<h2>Kontakt<\/h2>\n<ul>\n<li>Raum neben dem Lehrerzimmer (hinteres B\u00fcro)<\/li>\n<li>am besten vormittags zu erreichen (au\u00dfer mittwochs)<\/li>\n<li>offene Sprechzeiten f\u00fcr Eltern sind donnerstags von 9.00 Uhr bis 10.30 Uhr<\/li>\n<\/ul>\n<p>Gerne k\u00f6nnen Sie auch einen Termin zu anderen Zeiten mit mir vereinbaren:<\/p>\n<p style=\"padding-left: 30px\"><strong>Telefon:\u00a0 0511 &#8211; 168 31339 \u00a0\u00a0\u00a0\u00a0\u00a0\u00a0\u00a0\u00a0\u00a0\u00a0\u00a0\u00a0\u00a0\u00a0\u00a0\u00a0\u00a0\u00a0\u00a0\u00a0\u00a0\u00a0\u00a0\u00a0\u00a0\u00a0\u00a0\u00a0\u00a0\u00a0\u00a0\u00a0\u00a0\u00a0\u00a0\u00a0\u00a0\u00a0\u00a0\u00a0\u00a0\u00a0\u00a0\u00a0\u00a0\u00a0\u00a0\u00a0\u00a0\u00a0\u00a0\u00a0\u00a0\u00a0\u00a0\u00a0\u00a0\u00a0\u00a0\u00a0\u00a0\u00a0\u00a0\u00a0\u00a0\u00a0\u00a0\u00a0\u00a0\u00a0\u00a0\u00a0\u00a0\u00a0\u00a0\u00a0\u00a0\u00a0\u00a0\u00a0\u00a0\u00a0\u00a0\u00a0\u00a0\u00a0\u00a0\u00a0\u00a0\u00a0\u00a0\u00a0\u00a0\u00a0\u00a0\u00a0\u00a0\u00a0\u00a0\u00a0\u00a0\u00a0\u00a0\u00a0\u00a0\u00a0\u00a0\u00a0\u00a0\u00a0\u00a0\u00a0\u00a0\u00a0\u00a0\u00a0\u00a0<\/strong><\/p>\n<p style=\"padding-left: 30px\"><strong>E-Mail: &#x61;&#x72;&#x69;&#x61;&#x6e;&#x65;&#x2e;&#x68;&#111;&#101;&#102;&#116;&#109;&#97;&#110;n&#64;ha&#x6e;&#x6e;&#x6f;&#x76;&#x65;&#x72;&#x2d;&#x73;&#x74;&#97;&#100;&#116;&#46;&#100;&#101;<\/strong><\/p>\n<p>Wenn Sie mich pers\u00f6nlich nicht erreichen, k\u00f6nnen Sie eine Nachricht auf der Mailbox oder im Briefkasten neben der B\u00fcrot\u00fcr im Schulflur f\u00fcr mich hinterlassen oder mir eine E-Mail schreiben.<\/p>\n<p>Ich freue mich auf Sie und euch.<\/p>\n","protected":false},"excerpt":{"rendered":"<p>Bildung ist mehr als Schule und Schule ist mehr als Bildung Mein Name ist Ariane H\u00f6ftmann, Ich arbeite als Schulsozialarbeiterin des Kommunalen Sozialdienstes der Stadt &hellip; <\/p>\n","protected":false},"author":1276,"featured_media":0,"parent":185,"menu_order":0,"comment_status":"closed","ping_status":"closed","template":"","meta":{"footnotes":""},"class_list":["post-222","page","type-page","status-publish","hentry"],"_links":{"self":[{"href":"https:\/\/wordpress.nibis.de\/gsmarie\/wp-json\/wp\/v2\/pages\/222","targetHints":{"allow":["GET"]}}],"collection":[{"href":"https:\/\/wordpress.nibis.de\/gsmarie\/wp-json\/wp\/v2\/pages"}],"about":[{"href":"https:\/\/wordpress.nibis.de\/gsmarie\/wp-json\/wp\/v2\/types\/page"}],"author":[{"embeddable":true,"href":"https:\/\/wordpress.nibis.de\/gsmarie\/wp-json\/wp\/v2\/users\/1276"}],"replies":[{"embeddable":true,"href":"https:\/\/wordpress.nibis.de\/gsmarie\/wp-json\/wp\/v2\/comments?post=222"}],"version-history":[{"count":10,"href":"https:\/\/wordpress.nibis.de\/gsmarie\/wp-json\/wp\/v2\/pages\/222\/revisions"}],"predecessor-version":[{"id":1882,"href":"https:\/\/wordpress.nibis.de\/gsmarie\/wp-json\/wp\/v2\/pages\/222\/revisions\/1882"}],"up":[{"embeddable":true,"href":"https:\/\/wordpress.nibis.de\/gsmarie\/wp-json\/wp\/v2\/pages\/185"}],"wp:attachment":[{"href":"https:\/\/wordpress.nibis.de\/gsmarie\/wp-json\/wp\/v2\/media?parent=222"}],"curies":[{"name":"wp","href":"https:\/\/api.w.org\/{rel}","templated":true}]}}