{"id":241,"date":"2017-04-16T21:56:09","date_gmt":"2017-04-16T19:56:09","guid":{"rendered":"http:\/\/wordpress.nibis.de\/gsmarie\/?page_id=241"},"modified":"2018-05-27T14:54:46","modified_gmt":"2018-05-27T12:54:46","slug":"waldgrundschule-marienwerder","status":"publish","type":"page","link":"https:\/\/wordpress.nibis.de\/gsmarie\/schule\/waldgrundschule-marienwerder\/","title":{"rendered":"Waldgrundschule Marienwerder"},"content":{"rendered":"<h2>Grundschule Marienwerder &#8211; Schule am Wald<\/h2>\n<p>Die Grundschule Marienwerder liegt idyllisch am Stadtrand von Hannover zwischen Leineauen und Klosterwald. Die Kinder haben auf dem gro\u00dfen waldnahen Gel\u00e4nde viel Platz zum Spielen und M\u00f6glichkeiten, sich frei zu entfalten.<\/p>\n<div id='gallery-1' class='gallery galleryid-241 gallery-columns-2 gallery-size-thumbnail'><figure class='gallery-item'>\n\t\t\t<div class='gallery-icon landscape'>\n\t\t\t\t<a href='https:\/\/wordpress.nibis.de\/gsmarie\/schule\/waldgrundschule-marienwerder\/mc_waldgrundschule-kuecken1\/'><img loading=\"lazy\" decoding=\"async\" width=\"250\" height=\"141\" src=\"https:\/\/wordpress.nibis.de\/gsmarie\/files\/2017\/04\/mc_waldgrundschule-kuecken1-250x141.jpg\" class=\"attachment-thumbnail size-thumbnail\" alt=\"\" srcset=\"https:\/\/wordpress.nibis.de\/gsmarie\/files\/2017\/04\/mc_waldgrundschule-kuecken1-250x141.jpg 250w, https:\/\/wordpress.nibis.de\/gsmarie\/files\/2017\/04\/mc_waldgrundschule-kuecken1-850x478.jpg 850w\" sizes=\"auto, (max-width: 250px) 100vw, 250px\" \/><\/a>\n\t\t\t<\/div><\/figure><figure class='gallery-item'>\n\t\t\t<div class='gallery-icon landscape'>\n\t\t\t\t<a href='https:\/\/wordpress.nibis.de\/gsmarie\/schule\/waldgrundschule-marienwerder\/mc_waldgrundschule-kuecken2\/'><img loading=\"lazy\" decoding=\"async\" width=\"250\" height=\"141\" src=\"https:\/\/wordpress.nibis.de\/gsmarie\/files\/2017\/04\/mc_waldgrundschule-kuecken2-250x141.jpg\" class=\"attachment-thumbnail size-thumbnail\" alt=\"\" srcset=\"https:\/\/wordpress.nibis.de\/gsmarie\/files\/2017\/04\/mc_waldgrundschule-kuecken2-250x141.jpg 250w, https:\/\/wordpress.nibis.de\/gsmarie\/files\/2017\/04\/mc_waldgrundschule-kuecken2-850x478.jpg 850w\" sizes=\"auto, (max-width: 250px) 100vw, 250px\" \/><\/a>\n\t\t\t<\/div><\/figure>\n\t\t<\/div>\n\n<p>Mit f\u00fcnf bis sechs Klassen sind wir eine sehr individuelle und famili\u00e4re Schule, in der jeder jeden kennt. Durch die \u00fcberschaubare Anzahl an Klassen und Sch\u00fclern, haben wir die M\u00f6glichkeit eine besondere N\u00e4he und Bindung zu den Sch\u00fclern aufzubauen.<\/p>\n<p>Wir nehmen die Individualit\u00e4t jedes Einzelnen wahr und geben emotionale Zuwendung.<\/p>\n<p>Motivationsf\u00f6rderung und positive Verst\u00e4rkung sind uns in Bezug auf Pers\u00f6nlichkeitsentwicklung und Leistung sehr wichtig.<\/p>\n<p>Wir ber\u00fccksichtigen den Entwicklungsstand der Sch\u00fclerinnen und Sch\u00fcler und nutzen spielerisches Tun, sinnliche Erfahrung und handlungsorientiertes Material in der Unterrichtsarbeit.<\/p>\n<p>Wir setzen uns daf\u00fcr ein, die Kinder zu einem angemessenen Umgang mit der Natur anzuleiten und sie zu einem umweltgerechten Handeln zu erziehen.<\/p>\n<p>&nbsp;<\/p>\n<p>Neben dem Unterricht im Klassenverband pr\u00e4gen auch Projekt- und Freiarbeit sowie das Lernen an Stationen den Unterrichtsalltag. Sozialformen wie Partner- und Gruppenarbeit werden eingesetzt. Besonders an der GS Marienwerder sind die einmal w\u00f6chentlich stattfindenden Workshops. Diese decken ein breites Interessenspektrum ab und werden von Ehrenamtlichen geleitet. Die Kinder k\u00f6nnen beispielsweise zwischen folgenden Workshops w\u00e4hlen: &#8222;Arbeiten mit Ton&#8220;, &#8222;Strom&#8220;, &#8222;M\u00e4rchen&#8220;, &#8222;N\u00e4hen&#8220;, &#8222;Bewegen und Entspannen&#8220; und viele mehr. In Projekten, die sich am Schulnamen orientieren, wird den Kindern die Natur als Lebensgrundlage n\u00e4her gebracht. Beispielsweise durch Waldtage, Projekttage &#8222;Wasser&#8220;, die Teilnahme an der &#8222;aha-M\u00fcllaktion&#8220; oder das Ausbr\u00fcten von K\u00fcken.<\/p>\n","protected":false},"excerpt":{"rendered":"<p>Grundschule Marienwerder &#8211; Schule am Wald Die Grundschule Marienwerder liegt idyllisch am Stadtrand von Hannover zwischen Leineauen und Klosterwald. Die Kinder haben auf dem gro\u00dfen &hellip; <\/p>\n","protected":false},"author":1276,"featured_media":0,"parent":396,"menu_order":0,"comment_status":"closed","ping_status":"closed","template":"","meta":{"footnotes":""},"class_list":["post-241","page","type-page","status-publish","hentry"],"_links":{"self":[{"href":"https:\/\/wordpress.nibis.de\/gsmarie\/wp-json\/wp\/v2\/pages\/241","targetHints":{"allow":["GET"]}}],"collection":[{"href":"https:\/\/wordpress.nibis.de\/gsmarie\/wp-json\/wp\/v2\/pages"}],"about":[{"href":"https:\/\/wordpress.nibis.de\/gsmarie\/wp-json\/wp\/v2\/types\/page"}],"author":[{"embeddable":true,"href":"https:\/\/wordpress.nibis.de\/gsmarie\/wp-json\/wp\/v2\/users\/1276"}],"replies":[{"embeddable":true,"href":"https:\/\/wordpress.nibis.de\/gsmarie\/wp-json\/wp\/v2\/comments?post=241"}],"version-history":[{"count":4,"href":"https:\/\/wordpress.nibis.de\/gsmarie\/wp-json\/wp\/v2\/pages\/241\/revisions"}],"predecessor-version":[{"id":692,"href":"https:\/\/wordpress.nibis.de\/gsmarie\/wp-json\/wp\/v2\/pages\/241\/revisions\/692"}],"up":[{"embeddable":true,"href":"https:\/\/wordpress.nibis.de\/gsmarie\/wp-json\/wp\/v2\/pages\/396"}],"wp:attachment":[{"href":"https:\/\/wordpress.nibis.de\/gsmarie\/wp-json\/wp\/v2\/media?parent=241"}],"curies":[{"name":"wp","href":"https:\/\/api.w.org\/{rel}","templated":true}]}}