{"id":257,"date":"2017-04-16T22:41:01","date_gmt":"2017-04-16T20:41:01","guid":{"rendered":"http:\/\/wordpress.nibis.de\/gsmarie\/?page_id=257"},"modified":"2017-04-18T21:52:42","modified_gmt":"2017-04-18T19:52:42","slug":"eintrittserklaerung","status":"publish","type":"page","link":"https:\/\/wordpress.nibis.de\/gsmarie\/foerderverein\/eintrittserklaerung\/","title":{"rendered":"Beitrittserkl\u00e4rung"},"content":{"rendered":"<p><em>Aus rechtlichen Gr\u00fcnden bitte diese Seite ausdrucken, ausf\u00fcllen und zusenden.<\/em><\/p>\n<p>&nbsp;<\/p>\n<p>&nbsp;<\/p>\n<p>Hiermit erkl\u00e4re ich den Beitritt zum F\u00f6rderverein der Grundschule Marienwerder.<\/p>\n<p>&nbsp;<\/p>\n<table style=\"width: 666px\">\n<tbody>\n<tr style=\"height: 30px\">\n<td style=\"width: 116px\"><span style=\"font-size: 12pt\">Name:<\/span><\/td>\n<td style=\"width: 560px;border-bottom: 1px dashed\"><\/td>\n<\/tr>\n<tr style=\"height: 30px\">\n<td style=\"width: 116px\"><span style=\"font-size: 12pt\">Vorname:<\/span><\/td>\n<td style=\"width: 560px;border-bottom: 1px dashed\"><\/td>\n<\/tr>\n<tr style=\"height: 30px\">\n<td style=\"width: 116px\"><span style=\"font-size: 12pt\">Stra\u00dfe, Nr.: <\/span><\/td>\n<td style=\"width: 560px;border-bottom: 1px dashed\"><\/td>\n<\/tr>\n<tr style=\"height: 30px\">\n<td style=\"width: 116px\"><span style=\"font-size: 12pt\">PLZ, Ort:<\/span><\/td>\n<td style=\"width: 560px;border-bottom: 1px dashed\"><\/td>\n<\/tr>\n<tr style=\"height: 30px\">\n<td style=\"width: 116px\"><span style=\"font-size: 12pt\">Mitgliedstyp: <\/span><\/td>\n<td style=\"width: 560px;text-align: center\"><span style=\"font-size: 12pt\">\u25cb m\u00e4nnlich \u00a0 \u00a0 \u00a0 \u25cb weiblich \u00a0 \u00a0 \u00a0\u25cb jur. Person<\/span><\/td>\n<\/tr>\n<\/tbody>\n<\/table>\n<p>&nbsp;<\/p>\n<p>Im Zusammenhang mit der Mitgliedschaft stehende Daten d\u00fcrfen auf Datentr\u00e4gern des F\u00f6rdervereins gespeichert werden.<\/p>\n<p>Die Mitgliedschaft kann zum Ende des Gesch\u00e4ftsjahres bis sp\u00e4testens Ende April schriftlich gek\u00fcndigt werden.<\/p>\n<p>&nbsp;<\/p>\n<p>&nbsp;<\/p>\n<table style=\"width: 664px\">\n<tbody>\n<tr>\n<td style=\"border-top: 1px dashed;width: 112px;text-align: center\">Ort, Datum<\/td>\n<td style=\"border-top: 1px dashed;width: 268px;text-align: center\">Unterschrift<\/td>\n<\/tr>\n<\/tbody>\n<\/table>\n<p>&nbsp;<\/p>\n","protected":false},"excerpt":{"rendered":"<p>Aus rechtlichen Gr\u00fcnden bitte diese Seite ausdrucken, ausf\u00fcllen und zusenden. &nbsp; &nbsp; Hiermit erkl\u00e4re ich den Beitritt zum F\u00f6rderverein der Grundschule Marienwerder. &nbsp; Name: Vorname: &hellip; <\/p>\n","protected":false},"author":1276,"featured_media":0,"parent":14,"menu_order":0,"comment_status":"closed","ping_status":"closed","template":"","meta":{"footnotes":""},"class_list":["post-257","page","type-page","status-publish","hentry"],"_links":{"self":[{"href":"https:\/\/wordpress.nibis.de\/gsmarie\/wp-json\/wp\/v2\/pages\/257","targetHints":{"allow":["GET"]}}],"collection":[{"href":"https:\/\/wordpress.nibis.de\/gsmarie\/wp-json\/wp\/v2\/pages"}],"about":[{"href":"https:\/\/wordpress.nibis.de\/gsmarie\/wp-json\/wp\/v2\/types\/page"}],"author":[{"embeddable":true,"href":"https:\/\/wordpress.nibis.de\/gsmarie\/wp-json\/wp\/v2\/users\/1276"}],"replies":[{"embeddable":true,"href":"https:\/\/wordpress.nibis.de\/gsmarie\/wp-json\/wp\/v2\/comments?post=257"}],"version-history":[{"count":4,"href":"https:\/\/wordpress.nibis.de\/gsmarie\/wp-json\/wp\/v2\/pages\/257\/revisions"}],"predecessor-version":[{"id":380,"href":"https:\/\/wordpress.nibis.de\/gsmarie\/wp-json\/wp\/v2\/pages\/257\/revisions\/380"}],"up":[{"embeddable":true,"href":"https:\/\/wordpress.nibis.de\/gsmarie\/wp-json\/wp\/v2\/pages\/14"}],"wp:attachment":[{"href":"https:\/\/wordpress.nibis.de\/gsmarie\/wp-json\/wp\/v2\/media?parent=257"}],"curies":[{"name":"wp","href":"https:\/\/api.w.org\/{rel}","templated":true}]}}