{"id":396,"date":"2017-04-19T20:35:57","date_gmt":"2017-04-19T18:35:57","guid":{"rendered":"http:\/\/wordpress.nibis.de\/gsmarie\/?page_id=396"},"modified":"2020-09-03T22:27:30","modified_gmt":"2020-09-03T20:27:30","slug":"schule","status":"publish","type":"page","link":"https:\/\/wordpress.nibis.de\/gsmarie\/schule\/","title":{"rendered":"Unsere Schule"},"content":{"rendered":"<p>Die <a href=\"http:\/\/wordpress.nibis.de\/gsmarie\/waldgrundschule-marienwerder\/\">Waldgrundschule Marienwerder<\/a> stellt sich vor.<\/p>\n<p>Unser <a href=\"https:\/\/wordpress.nibis.de\/gsmarie\/files\/2020\/05\/Leitbild-201805.pdf\">Leitbild<\/a> bestimmt unsere t\u00e4gliche Arbeit.<\/p>\n<p>Die Unterrichts- und Pausenzeiten k\u00f6nenn Sie dem <a href=\"http:\/\/wordpress.nibis.de\/gsmarie\/strukturplan\/\">Strukturplan<\/a> entnehmen.<\/p>\n<p>Alle Kinder haben die M\u00f6glichkeit, am <a href=\"http:\/\/wordpress.nibis.de\/gsmarie\/mittagstisch\/\">Mittagstisch<\/a> teilzunehmen.<\/p>\n<p>Die Grundschule stellt als verl\u00e4ssliche Grundschule den Ganztagsbetrieb sicher.<\/p>\n<p>Die<a href=\"http:\/\/wordpress.nibis.de\/gsmarie\/ausstattung-der-schule\/\"> Ausstattung der Schule<\/a> ist vielf\u00e4ltig und unterst\u00fctzt Lehrbetrieb und kindgerechte Aktivit\u00e4ten.<\/p>\n<p>Wir <a href=\"http:\/\/wordpress.nibis.de\/gsmarie\/oeffnung-zum-stadtteil\/\">\u00f6ffnen uns zum angrenzenden Stadtteil<\/a> und beziehen ihn in das Schulleben ein.<\/p>\n<p>Sie finden unsere Schule unter der Adresse<\/p>\n<p style=\"padding-left: 30px\">Westermannweg 10<\/p>\n<p style=\"padding-left: 30px\">30419 Hannover<\/p>\n<p>Telefonisch erreichen Sie uns unter:<\/p>\n<p style=\"padding-left: 30px\">Tel.: 0511\/ 168-40579<\/p>\n<p>Das Sekretariat ist i.d.R. besetzt am Montag und Donnerstag von 8.00 bis 12.30 Uhr.<\/p>\n","protected":false},"excerpt":{"rendered":"<p>Die Waldgrundschule Marienwerder stellt sich vor. Unser Leitbild bestimmt unsere t\u00e4gliche Arbeit. Die Unterrichts- und Pausenzeiten k\u00f6nenn Sie dem Strukturplan entnehmen. Alle Kinder haben die &hellip; <\/p>\n","protected":false},"author":1276,"featured_media":0,"parent":0,"menu_order":0,"comment_status":"closed","ping_status":"closed","template":"","meta":{"footnotes":""},"class_list":["post-396","page","type-page","status-publish","hentry"],"_links":{"self":[{"href":"https:\/\/wordpress.nibis.de\/gsmarie\/wp-json\/wp\/v2\/pages\/396","targetHints":{"allow":["GET"]}}],"collection":[{"href":"https:\/\/wordpress.nibis.de\/gsmarie\/wp-json\/wp\/v2\/pages"}],"about":[{"href":"https:\/\/wordpress.nibis.de\/gsmarie\/wp-json\/wp\/v2\/types\/page"}],"author":[{"embeddable":true,"href":"https:\/\/wordpress.nibis.de\/gsmarie\/wp-json\/wp\/v2\/users\/1276"}],"replies":[{"embeddable":true,"href":"https:\/\/wordpress.nibis.de\/gsmarie\/wp-json\/wp\/v2\/comments?post=396"}],"version-history":[{"count":8,"href":"https:\/\/wordpress.nibis.de\/gsmarie\/wp-json\/wp\/v2\/pages\/396\/revisions"}],"predecessor-version":[{"id":1859,"href":"https:\/\/wordpress.nibis.de\/gsmarie\/wp-json\/wp\/v2\/pages\/396\/revisions\/1859"}],"wp:attachment":[{"href":"https:\/\/wordpress.nibis.de\/gsmarie\/wp-json\/wp\/v2\/media?parent=396"}],"curies":[{"name":"wp","href":"https:\/\/api.w.org\/{rel}","templated":true}]}}