{"id":509,"date":"2017-04-20T20:22:59","date_gmt":"2017-04-20T18:22:59","guid":{"rendered":"http:\/\/wordpress.nibis.de\/gsmarie\/?page_id=509"},"modified":"2017-04-20T20:30:50","modified_gmt":"2017-04-20T18:30:50","slug":"schulregeln","status":"publish","type":"page","link":"https:\/\/wordpress.nibis.de\/gsmarie\/schule\/schulregeln\/","title":{"rendered":"Schulregeln"},"content":{"rendered":"<table style=\"width: 449px\">\n<tbody>\n<tr>\n<td style=\"width: 441px\"><strong><u>Regeln in unserer Schule<br \/>\n<\/u><\/strong><strong><u>(<\/u><\/strong><u>Kurzfassung f\u00fcr Sch\u00fclerinnen und Sch\u00fcler)<\/u><\/td>\n<\/tr>\n<tr>\n<td style=\"width: 441px\">Damit wir uns in der Schule wohl f\u00fchlen, gehen wir freundlich und hilfsbereit miteinander um.<\/p>\n<p>Ich l\u00f6se Streitigkeiten, indem ich \u00fcber den Streit rede.<\/p>\n<p>Wir sind alle verschieden. Ich achte andere so wie sie sind.<\/p>\n<p>Ich verhalte mich ruhig im Schulgeb\u00e4ude, damit andere im Unterricht nicht gest\u00f6rt werden. W\u00e4hrend der Schulzeit verlasse ich das Schulgel\u00e4nde und \u2013geb\u00e4ude nicht ohne Erlaubnis.<\/p>\n<h2>Wir gr\u00fc\u00dfen uns, wenn wir uns begegnen.<\/h2>\n<\/td>\n<\/tr>\n<tr>\n<td style=\"width: 441px\">\n<h2>Vor dem Unterricht<\/h2>\n<p>Wenn ich in die Schule komme, warte ich im Eingangsbereich, bis die Ampel an der Flur-Eingangst\u00fcr von rot auf <strong>gr\u00fcn<\/strong> gedreht wird.<\/p>\n<p>Dann gehe ich \u00a0ohne meine Eltern in den Klassenraum. Dort spiele ich <strong>ruhig<\/strong> allein oder mit anderen.<\/p>\n<p>Die T\u00fcr bleibt f\u00fcr die Aufsicht ge\u00f6ffnet.<\/td>\n<\/tr>\n<tr>\n<td style=\"width: 441px\"><strong>In den gro\u00dfen Pausen\u00a0\u00a0\u00a0\u00a0\u00a0\u00a0\u00a0\u00a0\u00a0\u00a0 <\/strong><\/p>\n<p>In den gro\u00dfen Pausen gehe ich auf den Schulhof, damit ich mich bewegen, spielen und austoben kann. \u00a0Ich \u00fcberlege vorher, was ich alles auf den Schulhof mitnehmen muss und halte mich nicht im Treppenhaus, Klassenraum, auf den Fluren, in den Toiletten oder in der Aula auf.<\/p>\n<p>Pausenspiele bekomme ich an der Spielausgabe. Zur Toilette kann ich durch die Au\u00dfent\u00fcr gelangen.<\/p>\n<p>Fu\u00dfball kann ich vor dem Vereinsheim spielen. Auf das Dach geschossene B\u00e4lle werden mit der Leiter und <u>nur<\/u> unter Aufsicht und nach Absprache heruntergeholt.<\/p>\n<p><img loading=\"lazy\" decoding=\"async\" class=\"alignnone size-full wp-image-510\" src=\"http:\/\/wordpress.nibis.de\/gsmarie\/files\/2017\/04\/z_regeln_spieler.png\" alt=\"\" width=\"28\" height=\"35\" \/>\u00a0<img loading=\"lazy\" decoding=\"async\" class=\"alignnone size-full wp-image-511\" src=\"http:\/\/wordpress.nibis.de\/gsmarie\/files\/2017\/04\/z_regeln_fussball.png\" alt=\"\" width=\"26\" height=\"21\" \/><img loading=\"lazy\" decoding=\"async\" class=\"alignnone size-full wp-image-511\" src=\"http:\/\/wordpress.nibis.de\/gsmarie\/files\/2017\/04\/z_regeln_fussball.png\" alt=\"\" width=\"26\" height=\"21\" \/>\u00a0 \u00a0 \u00a0 \u00a0 \u00a0 \u00a0 \u00a0 \u00a0 \u00a0 \u00a0 \u00a0 \u00a0 \u00a0 \u00a0 \u00a0 \u00a0 \u00a0 \u00a0<img loading=\"lazy\" decoding=\"async\" class=\"alignnone size-full wp-image-519\" src=\"http:\/\/wordpress.nibis.de\/gsmarie\/files\/2017\/04\/z_regeln_kinder-1.png\" alt=\"\" width=\"40\" height=\"31\" \/><img loading=\"lazy\" decoding=\"async\" class=\"alignnone size-full wp-image-519\" src=\"http:\/\/wordpress.nibis.de\/gsmarie\/files\/2017\/04\/z_regeln_kinder-1.png\" alt=\"\" width=\"40\" height=\"31\" \/><br \/>\nBetreute Pausenangebote finden nach Absprache statt.<br \/>\nAuf dem Hof spiele ich nicht auf abgesperrten Fl\u00e4chen.<br \/>\nWenn ich Hilfe brauche, wende ich mich an die Pausenaufsicht.<\/td>\n<\/tr>\n<tr>\n<td style=\"width: 441px\">\n<h3>Nicht erlaubt sind z.B.:<\/h3>\n<p><img loading=\"lazy\" decoding=\"async\" class=\"alignnone wp-image-516 size-full\" src=\"http:\/\/wordpress.nibis.de\/gsmarie\/files\/2017\/04\/z_regeln_nichterlaubt-1.png\" alt=\"\" width=\"423\" height=\"79\" \/><\/td>\n<\/tr>\n<tr>\n<td style=\"width: 441px\">\n<h3>In der \u201eSchlechtwetter-Pause\u201c<\/h3>\n<p>kann ich unter der \u00dcberdachung drau\u00dfen oder im Klassenraum ruhig allein oder mit anderen Kindern spielen \u2013 aber nicht herumtoben.<\/p>\n<p>Die Klassenraumt\u00fcr bleibt f\u00fcr die Aufsicht ge\u00f6ffnet.<\/td>\n<\/tr>\n<tr>\n<td style=\"width: 441px\">\u00a0Ich halte diese Regeln ein, damit wir uns alle wohl f\u00fchlen.<br \/>\n<img loading=\"lazy\" decoding=\"async\" class=\"alignnone size-full wp-image-514\" src=\"http:\/\/wordpress.nibis.de\/gsmarie\/files\/2017\/04\/z_regeln_freunde.png\" alt=\"\" width=\"43\" height=\"52\" \/><\/td>\n<\/tr>\n<\/tbody>\n<\/table>\n","protected":false},"excerpt":{"rendered":"<p>Regeln in unserer Schule (Kurzfassung f\u00fcr Sch\u00fclerinnen und Sch\u00fcler) Damit wir uns in der Schule wohl f\u00fchlen, gehen wir freundlich und hilfsbereit miteinander um. Ich &hellip; <\/p>\n","protected":false},"author":1276,"featured_media":0,"parent":396,"menu_order":0,"comment_status":"closed","ping_status":"closed","template":"","meta":{"footnotes":""},"class_list":["post-509","page","type-page","status-publish","hentry"],"_links":{"self":[{"href":"https:\/\/wordpress.nibis.de\/gsmarie\/wp-json\/wp\/v2\/pages\/509","targetHints":{"allow":["GET"]}}],"collection":[{"href":"https:\/\/wordpress.nibis.de\/gsmarie\/wp-json\/wp\/v2\/pages"}],"about":[{"href":"https:\/\/wordpress.nibis.de\/gsmarie\/wp-json\/wp\/v2\/types\/page"}],"author":[{"embeddable":true,"href":"https:\/\/wordpress.nibis.de\/gsmarie\/wp-json\/wp\/v2\/users\/1276"}],"replies":[{"embeddable":true,"href":"https:\/\/wordpress.nibis.de\/gsmarie\/wp-json\/wp\/v2\/comments?post=509"}],"version-history":[{"count":8,"href":"https:\/\/wordpress.nibis.de\/gsmarie\/wp-json\/wp\/v2\/pages\/509\/revisions"}],"predecessor-version":[{"id":528,"href":"https:\/\/wordpress.nibis.de\/gsmarie\/wp-json\/wp\/v2\/pages\/509\/revisions\/528"}],"up":[{"embeddable":true,"href":"https:\/\/wordpress.nibis.de\/gsmarie\/wp-json\/wp\/v2\/pages\/396"}],"wp:attachment":[{"href":"https:\/\/wordpress.nibis.de\/gsmarie\/wp-json\/wp\/v2\/media?parent=509"}],"curies":[{"name":"wp","href":"https:\/\/api.w.org\/{rel}","templated":true}]}}