{"id":524,"date":"2017-04-20T20:29:25","date_gmt":"2017-04-20T18:29:25","guid":{"rendered":"http:\/\/wordpress.nibis.de\/gsmarie\/?page_id=524"},"modified":"2017-04-20T20:29:25","modified_gmt":"2017-04-20T18:29:25","slug":"schulordnung","status":"publish","type":"page","link":"https:\/\/wordpress.nibis.de\/gsmarie\/schule\/schulregeln\/schulordnung\/","title":{"rendered":"Schulordnung"},"content":{"rendered":"<p>Wo Menschen in einer Gemeinschaft miteinander leben, ist es notwendig, das Zusammenleben durch eine Reihe von Regeln und Gesetzen zu ordnen.<br \/>\nDas Leben in unserer Schule wird durch die Schulordnung vereinfacht, wenn alle Beteiligten den Sinn dieser Regelung einsehen und sich daran halten.<\/p>\n<p>&nbsp;<\/p>\n<ol>\n<li><strong>Unterrichtsbeginn und Pausen\u00a0 <\/strong><\/li>\n<\/ol>\n<p>1.1\u00a0\u00a0\u00a0Die Sch\u00fcler\/Innen k\u00f6nnen ab 7.45 Uhr in der Aula eintreffen. Die Lehrkraft, die <strong>Fr\u00fchaufsicht<\/strong> hat, dreht die Ampel um 7.55Uhr auf gr\u00fcn und l\u00e4sst die Kinder in die Klassenr\u00e4ume. Der Unterricht beginnt um 8.00 Uhr, wenn die Lehrkr\u00e4fte in ihre Klassen kommen.<\/p>\n<p>1.2\u00a0\u00a0\u00a0Zu den gro\u00dfen Pausen verlassen grunds\u00e4tzlich <u>alle<\/u> Sch\u00fcler\/Innen nach Schluss des Unterrichts ohne Dr\u00e4ngeln und Schubsen ruhig ihren Klassenraum und begeben sich auf den Schulhof. Es ist darauf zu achten, dass das Licht ausgeschaltet ist. Die Lehrkraft verschlie\u00dft die Klassenzimmert\u00fcr.<\/p>\n<p>1.3\u00a0\u00a0\u00a0Kann der Pausenhof wegen <strong>schlechter Witterungsverh\u00e4ltnisse<\/strong> nicht genutzt werden, bleiben die Sch\u00fclerinnen und Sch\u00fcler entweder im Klassenraum oder halten sich auf dem Hof unter der \u00dcberdachung auf. Angebote der Sch\u00fclerb\u00fccherei und der Fahrradwerkstatt k\u00f6nnen genutzt werden. Die Hauswartin gibt die Regenpause durch zweimaliges L\u00e4uten bekannt.<\/p>\n<p>Kinder, die sich ruhig verhalten, d\u00fcrfen im Klassenraum bleiben und dort spielen. Sie\u00a0 werden von einer zweiten Lehrkraft beaufsichtigt, die durch das Geb\u00e4ude geht ( ebenfalls im Aufsichtsplan festgelegt).<\/p>\n<p>1.4\u00a0\u00a0\u00a0W\u00e4hrend der 5- Minuten-Pause bleiben die Sch\u00fcler\/Innen in den Klassen. Diese Pausen sind f\u00fcr Raum- bzw. Lehrerwechsel und die Benutzung der Toiletten vorgesehen.<\/p>\n<p>1.5\u00a0\u00a0\u00a0Das Verlassen des Schulhofes und des \u2013geb\u00e4udes w\u00e4hrend der Unterrichts- und Pausenzeit ist aus gesetzlichen und versicherungstechnischen Gr\u00fcnden nicht erlaubt. Absperrungen sind zu beachten.<\/p>\n<p>1.6\u00a0\u00a0\u00a0Nach Beendigung der Pausen werden die Sch\u00fcler\/Innen von der Aufsicht wieder geordnet ins Geb\u00e4ude gelassen.<\/p>\n<p>1.7\u00a0 In die Schule darf au\u00dfer dem Fr\u00fchst\u00fcck grunds\u00e4tzlich nur das mitgenommen werden, was f\u00fcr den Unterricht und im Ganztagsbetrieb gebraucht wird.<\/p>\n<p>&nbsp;<\/p>\n<ol start=\"2\">\n<li><strong> Verboten sind<\/strong><\/li>\n<\/ol>\n<p>2.1\u00a0 Streichh\u00f6lzer, Feuerzeug, Feuerwerksk\u00f6rper, St\u00f6cke, \u00c4ste<\/p>\n<p>2.2\u00a0 Waffen wie Messer, Geschosse, Zwillen und Laserpointer, auch Spielzeugwaffen<\/p>\n<p>2.3\u00a0 F\u00fcr Wertgegenst\u00e4nde, MP3-Player, Handys etc. (nur mit Ausnahme-Absprache!)<\/p>\n<p>unn\u00f6tig viel Geld, Schmuck, Gameboy u.a. Spielzeug haften die Eltern, nicht die Schule.<\/p>\n<p>&nbsp;<\/p>\n<ol start=\"3\">\n<li><strong>Ordnung in den Klassenr\u00e4umen\u00a0 <\/strong><\/li>\n<\/ol>\n<p>3.1\u00a0\u00a0\u00a0Alle Sch\u00fcler\/Innen sind mitverantwortlich f\u00fcr die Ordnung und Sauberkeit in den Klassenr\u00e4umen.<\/p>\n<p>3.2\u00a0\u00a0\u00a0In den Klassen werden Sch\u00fcler\/Innen f\u00fcr Dienste eingeteilt (Tafeldienst, Ordnungsdienst, Blumendienst u.\u00a0a.\u00a0m.).<\/p>\n<p>3.3\u00a0\u00a0\u00a0W\u00e4hrend der Heizperiode sind die Fenster nur zur so genannten Sto\u00dfl\u00fcftung zu \u00f6ffnen.<\/p>\n<p>3.4\u00a0\u00a0\u00a0Nach Unterrichtsschluss werden die St\u00fchle eingeh\u00e4ngt bzw. auf die Tische gestellt. Alle anderen Materialien werden in die Ordner ger\u00e4umt, sodass die Tische frei sind. Papier und andere Abf\u00e4lle sind in die betreffenden Beh\u00e4lter zu bringen und die Klasse ist auszufegen.<\/p>\n<p>&nbsp;<\/p>\n<ol start=\"4\">\n<li><strong>Verhalten im Schulgeb\u00e4ude und auf dem Schulhof\u00a0<\/strong><\/li>\n<\/ol>\n<p>Damit Unf\u00e4lle und Sachbesch\u00e4digungen vermieden werden, m\u00fcssen folgende Regeln eingehalten werden:<\/p>\n<p>4.1\u00a0\u00a0\u00a0Die Sch\u00fcler sind verantwortlich f\u00fcr die Sauberkeit und Ordnung in Klassen, Fluren, Toiletten und auf dem Schulhof. Unn\u00f6tiger Aufenthalt in den Toilettenr\u00e4umen ist nicht erlaubt.<\/p>\n<p>4.2\u00a0\u00a0\u00a0Auf den Fluren, Treppen und in den Klassenr\u00e4umen gehen wir ruhig und rennen nicht. Mit B\u00e4llen darf <u>drau\u00dfen<\/u> gespielt werden.<\/p>\n<p>4.3\u00a0\u00a0\u00a0Auf dem Schulhof d\u00fcrfen nur Spiele veranstaltet werden, die niemanden gef\u00e4hrden oder bel\u00e4stigen (gegenseitige R\u00fccksichtnahme).<br \/>\n4.4\u00a0\u00a0W\u00e4hrend der Schneelage ist das Werfen mit Schneeb\u00e4llen und das Anlegen von Rutschbahnen nur unter Aufsicht erlaubt.<\/p>\n<p>4.5\u00a0\u00a0\u00a0Abf\u00e4lle geh\u00f6ren in die entsprechenden Abfallbeh\u00e4lter.<\/p>\n<p>&nbsp;<\/p>\n<p>&nbsp;<\/p>\n<p>&nbsp;<\/p>\n<p>&nbsp;<\/p>\n<p>&nbsp;<\/p>\n<p>&nbsp;<\/p>\n<ol start=\"5\">\n<li><strong>Fernbleiben vom Unterricht\u00a0 <\/strong><\/li>\n<\/ol>\n<p>5.1\u00a0\u00a0\u00a0 Durch das Elternhaus erfolgt eine Entschuldigung bzw. Benachrichtigung der Schule am 1. Tag bis 8.00 Uhr. Fehlt ein Kind wegen Krankheit oder aus anderen Gr\u00fcnden, soll sp\u00e4testens am 3. Tag das Fehlen durch eine schriftliche oder pers\u00f6nliche Mitteilung eines Erziehungsberechtigten dem\/der Klassenlehrer\/in bekannt gegeben werden. Zur guten Zusammenarbeit von Schule und Elternhaus sowie zur Sicherheit der Kinder ist jedoch eine Entschuldigung bzw. Benachrichtigung der Schule am ersten Tag sinnvoll.<\/p>\n<p>5.2\u00a0\u00a0\u00a0Bei Nichtteilnahme am Sportunterricht muss eine schriftliche Entschuldigung vorgelegt, bei langfristigen Verletzungen o. \u00e4. ein \u00e4rztliches Attest eingereicht werden.<\/p>\n<p>5.3\u00a0\u00a0\u00a0Beurlaubungen bis zu 2 Tagen m\u00fcssen vorher schriftlich beim\/bei der Klassenlehrer\/in beantragt werden.<br \/>\nBeurlaubungen bis zu 4 Wochen und auch einige Tage vor oder nach den Ferien sind vorher schriftlich beim Schulleiter zu beantragen.<\/p>\n<p>5.4\u00a0\u00a0\u00a0Befreiungen vom Sportunterricht kann die Sportlehrkraft bis zur Dauer eines Monats erteilen. Die Sch\u00fcler sind aber zur Anwesenheit verpflichtet. Die \u00fcber einen Monat hinausgehende Befreiung muss durch ein \u00e4rztliches Attest erfolgen.<\/p>\n<p>5.5\u00a0 Nach einer ansteckenden Krankheit (z.B. Masern, Windpocken, R\u00f6teln) darf ein Sch\u00fcler nur dann erneut die Schule besuchen, wenn ein Arzt oder die Schulgesundheitsf\u00fcrsorgestelle bescheinigt hat, dass der Sch\u00fcler frei von ansteckenden Krankheiten ist bzw. die Schule wieder besuchen darf.<\/p>\n<p>&nbsp;<\/p>\n<ol start=\"6\">\n<li><strong>Sprechzeiten\u00a0 <\/strong><\/li>\n<\/ol>\n<p>Der Unterricht ist grunds\u00e4tzlich ab 8.00 Uhr nicht zu st\u00f6ren.<\/p>\n<p>6.1\u00a0\u00a0\u00a0Die Lehrkr\u00e4fte sind nach vorheriger Vereinbarung in Pausen oder nach dem Unterricht zu sprechen.<\/p>\n<p>6.2\u00a0\u00a0\u00a0Sprechzeiten mit der Schulleitung sind vorher zu vereinbaren.<\/p>\n<p>6.3\u00a0\u00a0\u00a0Erziehungsberechtigte, Angeh\u00f6rige und Freunde der Sch\u00fcler\/Innen betreten nur in begr\u00fcndeten Ausnahmef\u00e4llen das Schulgeb\u00e4ude (morgendliches Bringen und Abholen bei Schulschluss in der Aula.<\/p>\n<p>&nbsp;<\/p>\n<ol start=\"7\">\n<li><strong> Unterrichtsschluss\u00a0 <\/strong><\/li>\n<\/ol>\n<p>Nach Unterrichtsschluss verlassen die Sch\u00fcler\/Innen das Schulgrundst\u00fcck und begeben sich auf schnellstem Weg nach Hause.<\/p>\n<ol start=\"8\">\n<li>a) Verl\u00e4ssliche Grundschule: 8.00 Uhr bis 12.15 Uhr (ohne Betreuung) od. 13.00 Uhr (mit Betreuung)<\/li>\n<li>b) Ganztagsbetrieb: bis 16.00 Uhr od. bis 17.00 Uhr (Sp\u00e4tbetreuung), 7.00 bis 8.00 Uhr Fr\u00fchbetrg.)<\/li>\n<\/ol>\n<p>&nbsp;<\/p>\n<ol start=\"8\">\n<li><strong>Gefahrensituationen\u00a0 <\/strong><\/li>\n<\/ol>\n<p>In jedem Klassenraum h\u00e4ngt ein Alarmplan, der zu Beginn eines jeden Schuljahres mit den Sch\u00fclern\/Sch\u00fclerinnen durchgesprochen wird. Einmal im Jahr erfolgt eine Alarm\u00fcbung.<\/p>\n<p>Wenn das Alarmsignal (unterbrochener Hupton) ert\u00f6nt, verlassen alle Sch\u00fcler in Begleitung von Lehrkr\u00e4ften oder sonstigem p\u00e4dagogischen Personal auf dem vorgeschrieben k\u00fcrzesten Weg das Geb\u00e4ude zu den jeweils festgelegten Freifl\u00e4chen hin. Schulsachen, Spielzeug und Garderobe werden zur\u00fcckgelassen.<\/p>\n<p>Fenster und T\u00fcren werden verschlossen (<strong>nicht abgeschlossen). <\/strong>Das Licht wird ausgeschaltet. Weitere Anordnungen erteilt die Schulleitung oder die Feuerwehr.<\/p>\n<p>&nbsp;<\/p>\n<ol start=\"9\">\n<li><strong>Unf\u00e4lle\u00a0 <\/strong><\/li>\n<\/ol>\n<p>Bei Unf\u00e4llen auf dem Schulweg oder in der Unterrichtszeit ist eine Unfallmeldung anzufertigen. Die Erziehungsberechtigten haben sofort der zust\u00e4ndigen Lehrkraft zu berichten, welcher Arzt die Behandlung vorgenommen hat. Die zust\u00e4ndige Krankenkasse sollte dem Anmeldeformular entnommen werden k\u00f6nnen.<\/p>\n<p>&nbsp;<\/p>\n<ol start=\"10\">\n<li><strong>Haftung\u00a0 <\/strong><\/li>\n<\/ol>\n<p>Ein Fahrrad darf f\u00fcr den Schulweg nur bedingt \u2013 in Absprache mit der Schulleitung &#8211; benutzt werden, da Einstellm\u00f6glichkeiten nur eingeschr\u00e4nkt vorhanden sind. F\u00fcr Diebstahl oder Besch\u00e4digung wird keine Haftung \u00fcbernommen. Eine Genehmigung zur Radbenutzung wird von der Schule nicht erteilt.<\/p>\n<p>&nbsp;<\/p>\n<p>&nbsp;<\/p>\n<p><strong>Schlussbemerkungen <\/strong><\/p>\n<p>Wir bitten alle Lehrkr\u00e4fte und Sch\u00fcler daf\u00fcr zu sorgen, dass die Schulordnung als notwendige Regelung f\u00fcr ein verst\u00e4ndnisvolles und friedliches Miteinander verstanden wird, damit ein gutes Zusammenleben und Arbeiten erm\u00f6glicht wird.<br \/>\nDie Eltern oder Erziehungsberechtigten bitten wir, ebenfalls bei Erf\u00fcllung dieser Aufgaben mitzuhelfen.<\/p>\n","protected":false},"excerpt":{"rendered":"<p>Wo Menschen in einer Gemeinschaft miteinander leben, ist es notwendig, das Zusammenleben durch eine Reihe von Regeln und Gesetzen zu ordnen. Das Leben in unserer &hellip; <\/p>\n","protected":false},"author":1276,"featured_media":0,"parent":509,"menu_order":0,"comment_status":"closed","ping_status":"closed","template":"","meta":{"footnotes":""},"class_list":["post-524","page","type-page","status-publish","hentry"],"_links":{"self":[{"href":"https:\/\/wordpress.nibis.de\/gsmarie\/wp-json\/wp\/v2\/pages\/524","targetHints":{"allow":["GET"]}}],"collection":[{"href":"https:\/\/wordpress.nibis.de\/gsmarie\/wp-json\/wp\/v2\/pages"}],"about":[{"href":"https:\/\/wordpress.nibis.de\/gsmarie\/wp-json\/wp\/v2\/types\/page"}],"author":[{"embeddable":true,"href":"https:\/\/wordpress.nibis.de\/gsmarie\/wp-json\/wp\/v2\/users\/1276"}],"replies":[{"embeddable":true,"href":"https:\/\/wordpress.nibis.de\/gsmarie\/wp-json\/wp\/v2\/comments?post=524"}],"version-history":[{"count":1,"href":"https:\/\/wordpress.nibis.de\/gsmarie\/wp-json\/wp\/v2\/pages\/524\/revisions"}],"predecessor-version":[{"id":525,"href":"https:\/\/wordpress.nibis.de\/gsmarie\/wp-json\/wp\/v2\/pages\/524\/revisions\/525"}],"up":[{"embeddable":true,"href":"https:\/\/wordpress.nibis.de\/gsmarie\/wp-json\/wp\/v2\/pages\/509"}],"wp:attachment":[{"href":"https:\/\/wordpress.nibis.de\/gsmarie\/wp-json\/wp\/v2\/media?parent=524"}],"curies":[{"name":"wp","href":"https:\/\/api.w.org\/{rel}","templated":true}]}}