{"id":54,"date":"2016-11-27T15:14:15","date_gmt":"2016-11-27T14:14:15","guid":{"rendered":"http:\/\/wordpress.nibis.de\/gsmarie\/?page_id=54"},"modified":"2017-04-23T19:36:23","modified_gmt":"2017-04-23T17:36:23","slug":"mittagstisch","status":"publish","type":"page","link":"https:\/\/wordpress.nibis.de\/gsmarie\/schule\/mittagstisch\/","title":{"rendered":"Mittagstisch"},"content":{"rendered":"<p>In unserem Ganztag-Betrieb k\u00f6nnen wir den Kindern ein leckeres und gesundes Mittagessen gew\u00e4hrleisten. Es gibt immer verschiedene Men\u00fcs zu angemessenen Preisen zur Auswahl.<\/p>\n<p>Unser aktueller Lieferant &#8222;Meyer Men\u00fc&#8220; arbeitet bei den Bestellungen mit einer Prepaid-Funktion. Das bedeutet, dass Sie einen Betrag Ihrer Wahl auf ein Guthabenkonto bei Meyer Men\u00fc im Voraus einzahlen.<\/p>\n<h2>Preisliste von Meyer Men\u00fc<\/h2>\n<table style=\"height: 176px\" width=\"417\">\n<tbody>\n<tr>\n<td style=\"width: 219px\">Men\u00fc 1 (vegetarisch)<\/td>\n<td style=\"width: 220px\">3,55 \u20ac<\/td>\n<\/tr>\n<tr>\n<td style=\"width: 219px\">Men\u00fc 2<\/td>\n<td style=\"width: 220px\">3,85 \u20ac<\/td>\n<\/tr>\n<tr>\n<td style=\"width: 219px\">Dessert oder Beilage<\/td>\n<td style=\"width: 220px\">0,40 \u20ac<\/td>\n<\/tr>\n<\/tbody>\n<\/table>\n<p><span style=\"font-size: 8pt\">* alle Preise inklusive Mehrwertsteuer<\/span><\/p>\n<p>BuT-Berechtigte zahlen pro Hauptgericht nur 1 \u20ac.<\/p>\n<p>Weitere Informationen finden Sie auf der <a href=\"http:\/\/www.meyer-menue.de\">Webseite von Meyer Men\u00fc<\/a> oder unter<strong> 0800-150 150 5\/ 0511-438340<\/strong>. (Geb\u00fchrenfrei)<\/p>\n","protected":false},"excerpt":{"rendered":"<p>In unserem Ganztag-Betrieb k\u00f6nnen wir den Kindern ein leckeres und gesundes Mittagessen gew\u00e4hrleisten. Es gibt immer verschiedene Men\u00fcs zu angemessenen Preisen zur Auswahl. Unser aktueller &hellip; <\/p>\n","protected":false},"author":1277,"featured_media":0,"parent":396,"menu_order":0,"comment_status":"closed","ping_status":"closed","template":"","meta":{"footnotes":""},"class_list":["post-54","page","type-page","status-publish","hentry"],"_links":{"self":[{"href":"https:\/\/wordpress.nibis.de\/gsmarie\/wp-json\/wp\/v2\/pages\/54","targetHints":{"allow":["GET"]}}],"collection":[{"href":"https:\/\/wordpress.nibis.de\/gsmarie\/wp-json\/wp\/v2\/pages"}],"about":[{"href":"https:\/\/wordpress.nibis.de\/gsmarie\/wp-json\/wp\/v2\/types\/page"}],"author":[{"embeddable":true,"href":"https:\/\/wordpress.nibis.de\/gsmarie\/wp-json\/wp\/v2\/users\/1277"}],"replies":[{"embeddable":true,"href":"https:\/\/wordpress.nibis.de\/gsmarie\/wp-json\/wp\/v2\/comments?post=54"}],"version-history":[{"count":2,"href":"https:\/\/wordpress.nibis.de\/gsmarie\/wp-json\/wp\/v2\/pages\/54\/revisions"}],"predecessor-version":[{"id":537,"href":"https:\/\/wordpress.nibis.de\/gsmarie\/wp-json\/wp\/v2\/pages\/54\/revisions\/537"}],"up":[{"embeddable":true,"href":"https:\/\/wordpress.nibis.de\/gsmarie\/wp-json\/wp\/v2\/pages\/396"}],"wp:attachment":[{"href":"https:\/\/wordpress.nibis.de\/gsmarie\/wp-json\/wp\/v2\/media?parent=54"}],"curies":[{"name":"wp","href":"https:\/\/api.w.org\/{rel}","templated":true}]}}