{"id":759,"date":"2019-11-26T11:49:51","date_gmt":"2019-11-26T10:49:51","guid":{"rendered":"https:\/\/wordpress.nibis.de\/gsmarie\/?page_id=759"},"modified":"2025-07-18T11:39:01","modified_gmt":"2025-07-18T09:39:01","slug":"ganztag","status":"publish","type":"page","link":"https:\/\/wordpress.nibis.de\/gsmarie\/ganztag\/","title":{"rendered":"Ganztag"},"content":{"rendered":"\n<p class=\"has-text-align-left\">Willkommen auf den Seiten des Ganztagsteams der Grundschule Marienwerder.<\/p>\n\n\n\n<div class=\"wp-block-image\"><figure class=\"aligncenter size-large is-resized\"><img loading=\"lazy\" decoding=\"async\" src=\"https:\/\/wordpress.nibis.de\/gsmarie\/files\/2020\/09\/SH_Logo_3c_untereinander_P-1000x675.png\" alt=\"\" class=\"wp-image-1315\" width=\"359\" height=\"242\" srcset=\"https:\/\/wordpress.nibis.de\/gsmarie\/files\/2020\/09\/SH_Logo_3c_untereinander_P-1000x675.png 1000w, https:\/\/wordpress.nibis.de\/gsmarie\/files\/2020\/09\/SH_Logo_3c_untereinander_P-75x50.png 75w\" sizes=\"auto, (max-width: 359px) 100vw, 359px\" \/><\/figure><\/div>\n\n\n\n<hr class=\"wp-block-separator\" \/>\n\n\n\n<p>Seit 2012 gestaltet ein kleines Team der Stiftung HELP den offenen Ganztag an der Grundschule Marienwerder. <br>Wir finden, Bildung muss vielf\u00e4ltig sein und Spa\u00df machen. Deshalb geben wir unser Bestes, unseren Kindern ein breitgef\u00e4chertes Angebot aus Kreativit\u00e4t, Bewegung, Wissenschaft und sozialer Bildung anbieten zu k\u00f6nnen.<br>Auf den folgenden Seiten findet Ihr Neuigkeiten, Informationen und Formulare rund um unseren Ganztag. Falls Euch etwas fehlt oder Ihr Anregungen habt,meldet Euch :<\/p>\n\n\n\n<p>&#x67;&#115;&#x6d;&#x61;&#114;&#x69;&#x65;&#110;&#x77;&#x65;&#114;&#x64;&#x65;r&#x40;&#x73;t&#x69;&#102;t&#x75;&#110;g&#x2d;&#104;e&#x6c;&#112;&#46;&#x64;&#101;<\/p>\n\n\n\n<p><\/p>\n\n\n\n<p><strong>Tagesablauf im Ganztag<\/strong><\/p>\n\n\n\n<p>Die Sch\u00fcler*innen k\u00f6nnen das Ganztagsangebot, an mindestens einem Tag oder bis zu f\u00fcnf Tagen in der Woche nutzen.<br>Das Ganztagsangebot an unsere Schule beginnt nach dem regul\u00e4ren Schulunterricht um 13.00 Uhr und endet um 16.00 Uhr.<\/p>\n\n\n\n<p>Um 13.00 bis 14.30 Uhr findet das Mittagessen mit anschlie\u00dfender Hausaufgabenbetreuung statt. In dieser Zeit werden die Sch\u00fcler*innen in Stammgruppen durch p\u00e4dagogisches Fachpersonal betreut. Von 14:30 Uhr bis 16:00 Uhr k\u00f6nnen die Sch\u00fcler*innen ihre gew\u00e4hlten Arbeitsgemeinschaften (AGs) besuchen.<br>Die im Ganztag angemeldeten Sch\u00fcler*innen w\u00e4hlen ihre AGs verbindlich f\u00fcr ein Halbjahr.<\/p>\n\n\n\n<p><strong>Fr\u00fch-\/ Sp\u00e4tbetreuung<\/strong><\/p>\n\n\n\n<p>Wir bieten zus\u00e4tzlich zu unserem Ganztagsangebot f\u00fcr Eltern, die arbeiten m\u00fcssen, folgendes Angebot an:<\/p>\n\n\n\n<ul class=\"wp-block-list\"><li>Fr\u00fchbetreuung: 07.00 Uhr bis 08.00 Uhr<\/li><li>Sp\u00e4tbetreuung: 16.00 Uhr bis 17.00 Uhr<\/li><\/ul>\n\n\n\n<p>Bei weiteren Fragen stehen wir Ihnen gerne zur Verf\u00fcgung:<\/p>\n\n\n\n<p class=\"has-vivid-cyan-blue-color has-text-color has-medium-font-size\">Ansprechpersonen: Frau Dogan und Frau Deutgen<\/p>\n\n\n\n<p class=\"has-vivid-cyan-blue-color has-text-color has-medium-font-size\">Mobil: 0151 113 25 839 (Mo-Fr von 12:00 Uhr &#8211; 16:00 Uhr)<br>E-Mail: &#103;&#x73;m&#97;&#x72;i&#101;&#x6e;w&#101;&#x72;d&#101;&#x72;&#64;&#115;&#x74;i&#102;&#x74;u&#110;&#x67;-&#104;&#x65;l&#112;&#x2e;d&#101;<\/p>\n\n\n","protected":false},"excerpt":{"rendered":"<p>Willkommen auf den Seiten des Ganztagsteams der Grundschule Marienwerder. Seit 2012 gestaltet ein kleines Team der Stiftung HELP den offenen Ganztag an der Grundschule Marienwerder. &hellip; <\/p>\n","protected":false},"author":9193317,"featured_media":0,"parent":0,"menu_order":0,"comment_status":"closed","ping_status":"closed","template":"","meta":{"footnotes":""},"class_list":["post-759","page","type-page","status-publish","hentry"],"_links":{"self":[{"href":"https:\/\/wordpress.nibis.de\/gsmarie\/wp-json\/wp\/v2\/pages\/759","targetHints":{"allow":["GET"]}}],"collection":[{"href":"https:\/\/wordpress.nibis.de\/gsmarie\/wp-json\/wp\/v2\/pages"}],"about":[{"href":"https:\/\/wordpress.nibis.de\/gsmarie\/wp-json\/wp\/v2\/types\/page"}],"author":[{"embeddable":true,"href":"https:\/\/wordpress.nibis.de\/gsmarie\/wp-json\/wp\/v2\/users\/9193317"}],"replies":[{"embeddable":true,"href":"https:\/\/wordpress.nibis.de\/gsmarie\/wp-json\/wp\/v2\/comments?post=759"}],"version-history":[{"count":19,"href":"https:\/\/wordpress.nibis.de\/gsmarie\/wp-json\/wp\/v2\/pages\/759\/revisions"}],"predecessor-version":[{"id":2242,"href":"https:\/\/wordpress.nibis.de\/gsmarie\/wp-json\/wp\/v2\/pages\/759\/revisions\/2242"}],"wp:attachment":[{"href":"https:\/\/wordpress.nibis.de\/gsmarie\/wp-json\/wp\/v2\/media?parent=759"}],"curies":[{"name":"wp","href":"https:\/\/api.w.org\/{rel}","templated":true}]}}