{"id":107,"date":"2017-02-20T15:35:53","date_gmt":"2017-02-20T14:35:53","guid":{"rendered":"http:\/\/wordpress.nibis.de\/gsmarschacht\/?page_id=107"},"modified":"2022-11-18T12:45:53","modified_gmt":"2022-11-18T11:45:53","slug":"eltern","status":"publish","type":"page","link":"https:\/\/wordpress.nibis.de\/gsmarschacht\/eltern\/","title":{"rendered":"Eltern"},"content":{"rendered":"<div>Elternmitarbeit in der Schule hat viele Facetten, einerseits die Mithilfe bei Klassen- und Schulfesten und rund um den Schulalltag, andererseits die institutionelle, gesetzlich festgelegte Elternmitwirkung in den verschiedenen Gremien.<\/div>\n<div>Die Eltern k\u00f6nnen und m\u00fcssen bei wichtigen Entscheidungen mitwirken. Sie haben die Chance, die Schule gemeinsam mit Lehrkr\u00e4ften (und Sch\u00fclerinnen und Sch\u00fclern) in den verschiedenen Schulgremien zu gestalten.<\/div>\n<div>Diese Chance sollten Sie nutzen!<\/div>\n<div><\/div>\n<div>Hilfreiche Informationen rund um die Mitwirkung von Eltern in der Schule erhalten Sie u.a. beim <a href=\"http:\/\/www.ler-nds.de\/index.php\" target=\"_blank\" rel=\"noopener\">Landeselternrat Niedersachsen<\/a>.<\/div>\n<p>Lesen Sie mehr zu den Gremien der Schule am Deich &#8211; GS Marschacht<br \/>\n<a href=\"http:\/\/wordpress.nibis.de\/gsmarschacht\/schulelternrat\/\" target=\"_blank\" rel=\"noopener\">Schulelternrat<\/a><br \/>\n<a href=\"http:\/\/wordpress.nibis.de\/gsmarschacht\/schulfoerderverein\/\" target=\"_blank\" rel=\"noopener\">Schulf\u00f6rderverein<\/a><\/p>\n","protected":false},"excerpt":{"rendered":"<p>Elternmitarbeit in der Schule hat viele Facetten, einerseits die Mithilfe bei Klassen- und Schulfesten und rund um den Schulalltag, andererseits die institutionelle, gesetzlich festgelegte Elternmitwirkung in den verschiedenen Gremien. Die Eltern k\u00f6nnen und m\u00fcssen bei wichtigen Entscheidungen mitwirken. Sie haben die Chance, die Schule gemeinsam mit Lehrkr\u00e4ften (und Sch\u00fclerinnen und Sch\u00fclern) in den verschiedenen Schulgremien [&hellip;]<\/p>\n","protected":false},"author":1328,"featured_media":0,"parent":0,"menu_order":0,"comment_status":"closed","ping_status":"closed","template":"","meta":{"footnotes":""},"class_list":["post-107","page","type-page","status-publish","hentry"],"_links":{"self":[{"href":"https:\/\/wordpress.nibis.de\/gsmarschacht\/wp-json\/wp\/v2\/pages\/107","targetHints":{"allow":["GET"]}}],"collection":[{"href":"https:\/\/wordpress.nibis.de\/gsmarschacht\/wp-json\/wp\/v2\/pages"}],"about":[{"href":"https:\/\/wordpress.nibis.de\/gsmarschacht\/wp-json\/wp\/v2\/types\/page"}],"author":[{"embeddable":true,"href":"https:\/\/wordpress.nibis.de\/gsmarschacht\/wp-json\/wp\/v2\/users\/1328"}],"replies":[{"embeddable":true,"href":"https:\/\/wordpress.nibis.de\/gsmarschacht\/wp-json\/wp\/v2\/comments?post=107"}],"version-history":[{"count":3,"href":"https:\/\/wordpress.nibis.de\/gsmarschacht\/wp-json\/wp\/v2\/pages\/107\/revisions"}],"predecessor-version":[{"id":771,"href":"https:\/\/wordpress.nibis.de\/gsmarschacht\/wp-json\/wp\/v2\/pages\/107\/revisions\/771"}],"wp:attachment":[{"href":"https:\/\/wordpress.nibis.de\/gsmarschacht\/wp-json\/wp\/v2\/media?parent=107"}],"curies":[{"name":"wp","href":"https:\/\/api.w.org\/{rel}","templated":true}]}}