{"id":133,"date":"2017-02-21T13:30:56","date_gmt":"2017-02-21T12:30:56","guid":{"rendered":"http:\/\/wordpress.nibis.de\/gsmarschacht\/?page_id=133"},"modified":"2026-02-04T09:56:24","modified_gmt":"2026-02-04T08:56:24","slug":"schulvorstand","status":"publish","type":"page","link":"https:\/\/wordpress.nibis.de\/gsmarschacht\/schulvorstand\/","title":{"rendered":"Schulvorstand"},"content":{"rendered":"<p>Mitglieder im Schulvorstand<\/p>\n<p><strong>Eltern<\/strong><br \/>\nFrau Corbelin<br \/>\nFrau Klevenow<br \/>\nFrau Kie\u00dfling<br \/>\nFrau Stange<\/p>\n<p><strong>Lehrkr\u00e4fte \/ P\u00e4dagogische Mitarbeiterinnen<\/strong><br \/>\nFrau Clasen<br \/>\nFrau Ortmann-Lemberg<br \/>\nFrau Roeschke<\/p>\n<p><strong>Vorsitz<\/strong><br \/>\nS\u00f6ren Odau (Schulleiter)<\/p>\n<p><span style=\"font-size: 10pt\"><em>n\u00e4chste Schulvorstandswahl: September 2026<\/em><\/span><\/p>\n","protected":false},"excerpt":{"rendered":"<p>Mitglieder im Schulvorstand Eltern Frau Corbelin Frau Klevenow Frau Kie\u00dfling Frau Stange Lehrkr\u00e4fte \/ P\u00e4dagogische Mitarbeiterinnen Frau Clasen Frau Ortmann-Lemberg Frau Roeschke Vorsitz S\u00f6ren Odau (Schulleiter) n\u00e4chste Schulvorstandswahl: September 2026<\/p>\n","protected":false},"author":1328,"featured_media":0,"parent":0,"menu_order":0,"comment_status":"closed","ping_status":"closed","template":"","meta":{"footnotes":""},"class_list":["post-133","page","type-page","status-publish","hentry"],"_links":{"self":[{"href":"https:\/\/wordpress.nibis.de\/gsmarschacht\/wp-json\/wp\/v2\/pages\/133","targetHints":{"allow":["GET"]}}],"collection":[{"href":"https:\/\/wordpress.nibis.de\/gsmarschacht\/wp-json\/wp\/v2\/pages"}],"about":[{"href":"https:\/\/wordpress.nibis.de\/gsmarschacht\/wp-json\/wp\/v2\/types\/page"}],"author":[{"embeddable":true,"href":"https:\/\/wordpress.nibis.de\/gsmarschacht\/wp-json\/wp\/v2\/users\/1328"}],"replies":[{"embeddable":true,"href":"https:\/\/wordpress.nibis.de\/gsmarschacht\/wp-json\/wp\/v2\/comments?post=133"}],"version-history":[{"count":15,"href":"https:\/\/wordpress.nibis.de\/gsmarschacht\/wp-json\/wp\/v2\/pages\/133\/revisions"}],"predecessor-version":[{"id":6253,"href":"https:\/\/wordpress.nibis.de\/gsmarschacht\/wp-json\/wp\/v2\/pages\/133\/revisions\/6253"}],"wp:attachment":[{"href":"https:\/\/wordpress.nibis.de\/gsmarschacht\/wp-json\/wp\/v2\/media?parent=133"}],"curies":[{"name":"wp","href":"https:\/\/api.w.org\/{rel}","templated":true}]}}